{"id":37,"date":"2025-03-05T00:21:18","date_gmt":"2025-03-04T21:21:18","guid":{"rendered":"https:\/\/1dkka.com\/magaza2\/urun\/sarkisi-guzel\/"},"modified":"2025-03-05T00:21:18","modified_gmt":"2025-03-04T21:21:18","slug":"sarkisi-guzel","status":"publish","type":"product","link":"https:\/\/1dkka.com\/magaza2\/urun\/sarkisi-guzel\/","title":{"rendered":"\u015eark\u0131s\u0131 G\u00fczel"},"content":{"rendered":"<p>Kaderin ger\u00e7eklesmesi i\u00e7in insanin aklinin durmasi gerekiyor&#8230;<\/p>\n<p>Yirmi altinci yas g\u00fcn\u00fcmde, 13.30 sularinda kapim \u00e7aldi. Soguktan s\u00fcm\u00fcg\u00fc burnunda donmus, kara kuru bir oglan \u00e7ocugu, elinde tuttugu zarfla esikte belirerek, Abla, bunu sana verecekmisim dedi. Iki kelam edemeden zarfi elime tutusturan \u00e7ocuk kosarak merdivenlerden inip sirra kadem basti.<br \/>\nMektubu elime aldigimda, yillar i\u00e7inde maruz kaldigi nem sebebiyle islak gibi duran ucu yirtilmaya baslamisti bile. Kelebegin kanadini tutar gibi itinayla tutarak masaya serdim k\u00e2gidi. Nakis gibi islenmis satirlar, Sevgili Neva, diye basliyor, Reng-i Dil imzasiyla bitiyordu. Okudum, bir daha okudum, bir daha okudum. Okuduklarimdan geriye, \u00c7in iskencesine benzer o mesum sual kaldi: Ben kimim?<br \/>\nNeva\u2019nin ger\u00e7ekte kim oldugu sorusunun cevabini bulmasi i\u00e7in kalan son kaps\u00fcl ustasina ulasmasi gerekiyordu. Hi\u00e7 tanimadigi, hayatta olup olmadigini dahi bilmedigi annesinden aldigi mektuptan anladigi buydu. Hayatinin sirri, telakig\u00e2h denilen yerdeki bir zaman kaps\u00fcl\u00fcn\u00fcn i\u00e7inde sakliydi. <\/p>\n<p>\u00dcr\u00fcn Ad\u0131: \u015eark\u0131s\u0131 G\u00fczel<br \/>\u00dcr\u00fcn Kodu: 9786050951158<br \/>Bas\u0131m Y\u0131l\u0131: 2018.00000000<br \/>Kapak T\u00fcr\u00fc: Karton Kapak<br \/>Ka\u011f\u0131t Cinsi: 2. Hamur<br \/>\u00c7evirmen: Dilek Ne\u015fe A\u00e7\u0131ker<\/p>\n","protected":false},"excerpt":{"rendered":"<p>Kaderin ger\u00e7eklesmesi i\u00e7in insanin aklinin durmasi gerekiyor&#8230;<\/p>\n<p>Yirmi altinci yas g\u00fcn\u00fcmde, 13.30 sularinda kapim \u00e7aldi. Soguktan s\u00fcm\u00fcg\u00fc burnunda donmus, kara kuru bir oglan \u00e7ocugu, elinde tuttugu zarfla esikte belirerek, Abla, bunu sana verecekmisim dedi. Iki kelam edemeden zarfi elime tutusturan \u00e7ocuk kosarak merdivenlerden inip sirra kadem basti.<br \/>\nMektubu elime aldigimda, yillar i\u00e7inde maruz kaldigi nem sebebiyle islak gibi duran ucu yirtilmaya baslamisti bile. Kelebegin kanadini tutar gibi itinayla tutarak masaya serdim k\u00e2gidi. Nakis gibi islenmis satirlar, Sevgili Neva, diye basliyor, Reng-i Dil imzasiyla bitiyordu. Okudum, bir daha okudum, bir daha okudum. Okuduklarimdan geriye, \u00c7in iskencesine benzer o mesum sual kaldi: Ben kimim?<br \/>\nNeva\u2019nin ger\u00e7ekte kim oldugu sorusunun cevabini bulmasi i\u00e7in kalan son kaps\u00fcl ustasina ulasmasi gerekiyordu. Hi\u00e7 tanimadigi, hayatta olup olmadigini dahi bilmedigi annesinden aldigi mektuptan anladigi buydu. Hayatinin sirri, telakig\u00e2h denilen yerdeki bir zaman kaps\u00fcl\u00fcn\u00fcn i\u00e7inde sakliydi. <\/p>\n<p>\u00dcr\u00fcn Ad\u0131: \u015eark\u0131s\u0131 G\u00fczel<br \/>\u00dcr\u00fcn Kodu: 9786050951158<br \/>Bas\u0131m Y\u0131l\u0131: 2018.00000000<br \/>Kapak T\u00fcr\u00fc: Karton Kapak<br \/>Ka\u011f\u0131t Cinsi: 2. Hamur<br \/>\u00c7evirmen: Dilek Ne\u015fe A\u00e7\u0131ker<\/p>\n","protected":false},"featured_media":36,"comment_status":"open","ping_status":"closed","template":"","meta":[],"product_brand":[],"product_cat":[21],"product_tag":[],"class_list":{"0":"post-37","1":"product","2":"type-product","3":"status-publish","4":"has-post-thumbnail","6":"product_cat-roman-edebiyat","8":"first","9":"instock","10":"shipping-taxable","11":"purchasable","12":"product-type-simple"},"yoast_head":"<!-- This site is optimized with the Yoast SEO Premium plugin v24.5 (Yoast SEO v24.5) - https:\/\/yoast.com\/wordpress\/plugins\/seo\/ -->\n<title>\u015eark\u0131s\u0131 G\u00fczel - Demo Magaza<\/title>\n<meta name=\"robots\" content=\"index, follow, max-snippet:-1, max-image-preview:large, max-video-preview:-1\" \/>\n<link rel=\"canonical\" href=\"https:\/\/1dkka.com\/magaza2\/urun\/sarkisi-guzel\/\" \/>\n<meta property=\"og:locale\" content=\"tr_TR\" \/>\n<meta property=\"og:type\" content=\"article\" \/>\n<meta property=\"og:title\" content=\"\u015eark\u0131s\u0131 G\u00fczel\" \/>\n<meta property=\"og:description\" content=\"Kaderin ger\u00e7eklesmesi i\u00e7in insanin aklinin durmasi gerekiyor... Yirmi altinci yas g\u00fcn\u00fcmde, 13.30 sularinda kapim \u00e7aldi. Soguktan s\u00fcm\u00fcg\u00fc burnunda donmus, kara kuru bir oglan \u00e7ocugu, elinde tuttugu zarfla esikte belirerek, Abla, bunu sana verecekmisim dedi. Iki kelam edemeden zarfi elime tutusturan \u00e7ocuk kosarak merdivenlerden inip sirra kadem basti. Mektubu elime aldigimda, yillar i\u00e7inde maruz kaldigi nem sebebiyle islak gibi duran ucu yirtilmaya baslamisti bile. Kelebegin kanadini tutar gibi itinayla tutarak masaya serdim k\u00e2gidi. Nakis gibi islenmis satirlar, Sevgili Neva, diye basliyor, Reng-i Dil imzasiyla bitiyordu. Okudum, bir daha okudum, bir daha okudum. Okuduklarimdan geriye, \u00c7in iskencesine benzer o mesum sual kaldi: Ben kimim? Neva\u2019nin ger\u00e7ekte kim oldugu sorusunun cevabini bulmasi i\u00e7in kalan son kaps\u00fcl ustasina ulasmasi gerekiyordu. Hi\u00e7 tanimadigi, hayatta olup olmadigini dahi bilmedigi annesinden aldigi mektuptan anladigi buydu. Hayatinin sirri, telakig\u00e2h denilen yerdeki bir zaman kaps\u00fcl\u00fcn\u00fcn i\u00e7inde sakliydi. \u00dcr\u00fcn Ad\u0131: \u015eark\u0131s\u0131 G\u00fczel\u00dcr\u00fcn Kodu: 9786050951158Bas\u0131m Y\u0131l\u0131: 2018.00000000Kapak T\u00fcr\u00fc: Karton KapakKa\u011f\u0131t Cinsi: 2. Hamur\u00c7evirmen: Dilek Ne\u015fe A\u00e7\u0131ker\" \/>\n<meta property=\"og:url\" content=\"https:\/\/1dkka.com\/magaza2\/urun\/sarkisi-guzel\/\" \/>\n<meta property=\"og:site_name\" content=\"Demo Magaza\" \/>\n<meta property=\"og:image\" content=\"https:\/\/1dkka.com\/magaza2\/wp-content\/uploads\/sites\/8\/2025\/03\/0403202567c76ece65e66.jpeg\" \/>\n\t<meta property=\"og:image:width\" content=\"440\" \/>\n\t<meta property=\"og:image:height\" content=\"600\" \/>\n\t<meta property=\"og:image:type\" content=\"image\/jpeg\" \/>\n<meta name=\"twitter:card\" content=\"summary_large_image\" \/>\n<meta name=\"twitter:label1\" content=\"Tahmini okuma s\u00fcresi\" \/>\n\t<meta name=\"twitter:data1\" content=\"1 dakika\" \/>\n<script type=\"application\/ld+json\" class=\"yoast-schema-graph\">{\"@context\":\"https:\/\/schema.org\",\"@graph\":[{\"@type\":\"WebPage\",\"@id\":\"https:\/\/1dkka.com\/magaza2\/urun\/sarkisi-guzel\/\",\"url\":\"https:\/\/1dkka.com\/magaza2\/urun\/sarkisi-guzel\/\",\"name\":\"\u015eark\u0131s\u0131 G\u00fczel - Demo Magaza\",\"isPartOf\":{\"@id\":\"https:\/\/1dkka.com\/magaza2\/#website\"},\"primaryImageOfPage\":{\"@id\":\"https:\/\/1dkka.com\/magaza2\/urun\/sarkisi-guzel\/#primaryimage\"},\"image\":{\"@id\":\"https:\/\/1dkka.com\/magaza2\/urun\/sarkisi-guzel\/#primaryimage\"},\"thumbnailUrl\":\"https:\/\/1dkka.com\/magaza2\/wp-content\/uploads\/sites\/8\/2025\/03\/0403202567c76ece65e66.jpeg\",\"datePublished\":\"2025-03-04T21:21:18+00:00\",\"breadcrumb\":{\"@id\":\"https:\/\/1dkka.com\/magaza2\/urun\/sarkisi-guzel\/#breadcrumb\"},\"inLanguage\":\"tr\",\"potentialAction\":[{\"@type\":\"ReadAction\",\"target\":[\"https:\/\/1dkka.com\/magaza2\/urun\/sarkisi-guzel\/\"]}]},{\"@type\":\"ImageObject\",\"inLanguage\":\"tr\",\"@id\":\"https:\/\/1dkka.com\/magaza2\/urun\/sarkisi-guzel\/#primaryimage\",\"url\":\"https:\/\/1dkka.com\/magaza2\/wp-content\/uploads\/sites\/8\/2025\/03\/0403202567c76ece65e66.jpeg\",\"contentUrl\":\"https:\/\/1dkka.com\/magaza2\/wp-content\/uploads\/sites\/8\/2025\/03\/0403202567c76ece65e66.jpeg\",\"width\":440,\"height\":600},{\"@type\":\"BreadcrumbList\",\"@id\":\"https:\/\/1dkka.com\/magaza2\/urun\/sarkisi-guzel\/#breadcrumb\",\"itemListElement\":[{\"@type\":\"ListItem\",\"position\":1,\"name\":\"Anasayfa\",\"item\":\"https:\/\/1dkka.com\/magaza2\/\"},{\"@type\":\"ListItem\",\"position\":2,\"name\":\"Ma\u011faza\",\"item\":\"https:\/\/1dkka.com\/magaza2\/\"},{\"@type\":\"ListItem\",\"position\":3,\"name\":\"\u015eark\u0131s\u0131 G\u00fczel\"}]},{\"@type\":\"WebSite\",\"@id\":\"https:\/\/1dkka.com\/magaza2\/#website\",\"url\":\"https:\/\/1dkka.com\/magaza2\/\",\"name\":\"Demo Magaza\",\"description\":\"Sanalmahalle.com\",\"potentialAction\":[{\"@type\":\"SearchAction\",\"target\":{\"@type\":\"EntryPoint\",\"urlTemplate\":\"https:\/\/1dkka.com\/magaza2\/?s={search_term_string}\"},\"query-input\":{\"@type\":\"PropertyValueSpecification\",\"valueRequired\":true,\"valueName\":\"search_term_string\"}}],\"inLanguage\":\"tr\"}]}<\/script>\n<!-- \/ Yoast SEO Premium plugin. -->","yoast_head_json":{"title":"\u015eark\u0131s\u0131 G\u00fczel - Demo Magaza","robots":{"index":"index","follow":"follow","max-snippet":"max-snippet:-1","max-image-preview":"max-image-preview:large","max-video-preview":"max-video-preview:-1"},"canonical":"https:\/\/1dkka.com\/magaza2\/urun\/sarkisi-guzel\/","og_locale":"tr_TR","og_type":"article","og_title":"\u015eark\u0131s\u0131 G\u00fczel","og_description":"Kaderin ger\u00e7eklesmesi i\u00e7in insanin aklinin durmasi gerekiyor... Yirmi altinci yas g\u00fcn\u00fcmde, 13.30 sularinda kapim \u00e7aldi. Soguktan s\u00fcm\u00fcg\u00fc burnunda donmus, kara kuru bir oglan \u00e7ocugu, elinde tuttugu zarfla esikte belirerek, Abla, bunu sana verecekmisim dedi. Iki kelam edemeden zarfi elime tutusturan \u00e7ocuk kosarak merdivenlerden inip sirra kadem basti. Mektubu elime aldigimda, yillar i\u00e7inde maruz kaldigi nem sebebiyle islak gibi duran ucu yirtilmaya baslamisti bile. Kelebegin kanadini tutar gibi itinayla tutarak masaya serdim k\u00e2gidi. Nakis gibi islenmis satirlar, Sevgili Neva, diye basliyor, Reng-i Dil imzasiyla bitiyordu. Okudum, bir daha okudum, bir daha okudum. Okuduklarimdan geriye, \u00c7in iskencesine benzer o mesum sual kaldi: Ben kimim? Neva\u2019nin ger\u00e7ekte kim oldugu sorusunun cevabini bulmasi i\u00e7in kalan son kaps\u00fcl ustasina ulasmasi gerekiyordu. Hi\u00e7 tanimadigi, hayatta olup olmadigini dahi bilmedigi annesinden aldigi mektuptan anladigi buydu. Hayatinin sirri, telakig\u00e2h denilen yerdeki bir zaman kaps\u00fcl\u00fcn\u00fcn i\u00e7inde sakliydi. \u00dcr\u00fcn Ad\u0131: \u015eark\u0131s\u0131 G\u00fczel\u00dcr\u00fcn Kodu: 9786050951158Bas\u0131m Y\u0131l\u0131: 2018.00000000Kapak T\u00fcr\u00fc: Karton KapakKa\u011f\u0131t Cinsi: 2. Hamur\u00c7evirmen: Dilek Ne\u015fe A\u00e7\u0131ker","og_url":"https:\/\/1dkka.com\/magaza2\/urun\/sarkisi-guzel\/","og_site_name":"Demo Magaza","og_image":[{"width":440,"height":600,"url":"https:\/\/1dkka.com\/magaza2\/wp-content\/uploads\/sites\/8\/2025\/03\/0403202567c76ece65e66.jpeg","type":"image\/jpeg"}],"twitter_card":"summary_large_image","twitter_misc":{"Tahmini okuma s\u00fcresi":"1 dakika"},"schema":{"@context":"https:\/\/schema.org","@graph":[{"@type":"WebPage","@id":"https:\/\/1dkka.com\/magaza2\/urun\/sarkisi-guzel\/","url":"https:\/\/1dkka.com\/magaza2\/urun\/sarkisi-guzel\/","name":"\u015eark\u0131s\u0131 G\u00fczel - Demo Magaza","isPartOf":{"@id":"https:\/\/1dkka.com\/magaza2\/#website"},"primaryImageOfPage":{"@id":"https:\/\/1dkka.com\/magaza2\/urun\/sarkisi-guzel\/#primaryimage"},"image":{"@id":"https:\/\/1dkka.com\/magaza2\/urun\/sarkisi-guzel\/#primaryimage"},"thumbnailUrl":"https:\/\/1dkka.com\/magaza2\/wp-content\/uploads\/sites\/8\/2025\/03\/0403202567c76ece65e66.jpeg","datePublished":"2025-03-04T21:21:18+00:00","breadcrumb":{"@id":"https:\/\/1dkka.com\/magaza2\/urun\/sarkisi-guzel\/#breadcrumb"},"inLanguage":"tr","potentialAction":[{"@type":"ReadAction","target":["https:\/\/1dkka.com\/magaza2\/urun\/sarkisi-guzel\/"]}]},{"@type":"ImageObject","inLanguage":"tr","@id":"https:\/\/1dkka.com\/magaza2\/urun\/sarkisi-guzel\/#primaryimage","url":"https:\/\/1dkka.com\/magaza2\/wp-content\/uploads\/sites\/8\/2025\/03\/0403202567c76ece65e66.jpeg","contentUrl":"https:\/\/1dkka.com\/magaza2\/wp-content\/uploads\/sites\/8\/2025\/03\/0403202567c76ece65e66.jpeg","width":440,"height":600},{"@type":"BreadcrumbList","@id":"https:\/\/1dkka.com\/magaza2\/urun\/sarkisi-guzel\/#breadcrumb","itemListElement":[{"@type":"ListItem","position":1,"name":"Anasayfa","item":"https:\/\/1dkka.com\/magaza2\/"},{"@type":"ListItem","position":2,"name":"Ma\u011faza","item":"https:\/\/1dkka.com\/magaza2\/"},{"@type":"ListItem","position":3,"name":"\u015eark\u0131s\u0131 G\u00fczel"}]},{"@type":"WebSite","@id":"https:\/\/1dkka.com\/magaza2\/#website","url":"https:\/\/1dkka.com\/magaza2\/","name":"Demo Magaza","description":"Sanalmahalle.com","potentialAction":[{"@type":"SearchAction","target":{"@type":"EntryPoint","urlTemplate":"https:\/\/1dkka.com\/magaza2\/?s={search_term_string}"},"query-input":{"@type":"PropertyValueSpecification","valueRequired":true,"valueName":"search_term_string"}}],"inLanguage":"tr"}]}},"_links":{"self":[{"href":"https:\/\/1dkka.com\/magaza2\/wp-json\/wp\/v2\/product\/37","targetHints":{"allow":["GET"]}}],"collection":[{"href":"https:\/\/1dkka.com\/magaza2\/wp-json\/wp\/v2\/product"}],"about":[{"href":"https:\/\/1dkka.com\/magaza2\/wp-json\/wp\/v2\/types\/product"}],"replies":[{"embeddable":true,"href":"https:\/\/1dkka.com\/magaza2\/wp-json\/wp\/v2\/comments?post=37"}],"wp:featuredmedia":[{"embeddable":true,"href":"https:\/\/1dkka.com\/magaza2\/wp-json\/wp\/v2\/media\/36"}],"wp:attachment":[{"href":"https:\/\/1dkka.com\/magaza2\/wp-json\/wp\/v2\/media?parent=37"}],"wp:term":[{"taxonomy":"product_brand","embeddable":true,"href":"https:\/\/1dkka.com\/magaza2\/wp-json\/wp\/v2\/product_brand?post=37"},{"taxonomy":"product_cat","embeddable":true,"href":"https:\/\/1dkka.com\/magaza2\/wp-json\/wp\/v2\/product_cat?post=37"},{"taxonomy":"product_tag","embeddable":true,"href":"https:\/\/1dkka.com\/magaza2\/wp-json\/wp\/v2\/product_tag?post=37"}],"curies":[{"name":"wp","href":"https:\/\/api.w.org\/{rel}","templated":true}]}}