{"id":250,"date":"2025-05-04T23:16:14","date_gmt":"2025-05-04T20:16:14","guid":{"rendered":"https:\/\/1dkka.com\/magaza2\/urun\/mlp-ponyleri-seviyorum-faaliyet-kitabi-8\/"},"modified":"2025-05-04T23:16:14","modified_gmt":"2025-05-04T20:16:14","slug":"mlp-ponyleri-seviyorum-faaliyet-kitabi-8","status":"publish","type":"product","link":"https:\/\/1dkka.com\/magaza2\/urun\/mlp-ponyleri-seviyorum-faaliyet-kitabi-8\/","title":{"rendered":"Mlp Pony&#8217;leri Seviyorum Faaliyet Kitab\u0131"},"content":{"rendered":"<p>En sevdigin Pony&#8217;lerle yepyeni faaliyetlerin keyfini \u00e7ikar! Eglenceli bulmacalar, renkli tasarimlar ve harika moda fikirleriyle dolu bu kitap ile yaraticiligini konustur!<\/p>\n<p>\u00dcr\u00fcn Ad\u0131: Mlp Pony&#8217;leri Seviyorum Faaliyet Kitab\u0131<br \/>\u00dcr\u00fcn Kodu: 9786050951080<br \/>Bas\u0131m Y\u0131l\u0131: 2018.00000000<br \/>Kapak T\u00fcr\u00fc: Karton Kapak<br \/>Ka\u011f\u0131t Cinsi: 1. Hamur<br \/>\u00c7evirmen: Komisyon<\/p>\n","protected":false},"excerpt":{"rendered":"<p>En sevdigin Pony&#8217;lerle yepyeni faaliyetlerin keyfini \u00e7ikar! Eglenceli bulmacalar, renkli tasarimlar ve harika moda fikirleriyle dolu bu kitap ile yaraticiligini konustur!<\/p>\n<p>\u00dcr\u00fcn Ad\u0131: Mlp Pony&#8217;leri Seviyorum Faaliyet Kitab\u0131<br \/>\u00dcr\u00fcn Kodu: 9786050951080<br \/>Bas\u0131m Y\u0131l\u0131: 2018.00000000<br \/>Kapak T\u00fcr\u00fc: Karton Kapak<br \/>Ka\u011f\u0131t Cinsi: 1. Hamur<br \/>\u00c7evirmen: Komisyon<\/p>\n","protected":false},"featured_media":26,"comment_status":"open","ping_status":"closed","template":"","meta":[],"product_brand":[],"product_cat":[18],"product_tag":[],"class_list":{"0":"post-250","1":"product","2":"type-product","3":"status-publish","4":"has-post-thumbnail","6":"product_cat-okul-oncesi","8":"first","9":"instock","10":"shipping-taxable","11":"purchasable","12":"product-type-simple"},"yoast_head":"<!-- This site is optimized with the Yoast SEO Premium plugin v24.5 (Yoast SEO v24.5) - https:\/\/yoast.com\/wordpress\/plugins\/seo\/ -->\n<title>Mlp Pony&#039;leri Seviyorum Faaliyet Kitab\u0131 - Demo Magaza<\/title>\n<meta name=\"robots\" content=\"index, follow, max-snippet:-1, max-image-preview:large, max-video-preview:-1\" \/>\n<link rel=\"canonical\" href=\"https:\/\/1dkka.com\/magaza2\/urun\/mlp-ponyleri-seviyorum-faaliyet-kitabi-8\/\" \/>\n<meta property=\"og:locale\" content=\"tr_TR\" \/>\n<meta property=\"og:type\" content=\"article\" \/>\n<meta property=\"og:title\" content=\"Mlp Pony&#039;leri Seviyorum Faaliyet Kitab\u0131\" \/>\n<meta property=\"og:description\" content=\"En sevdigin Pony&#039;lerle yepyeni faaliyetlerin keyfini \u00e7ikar! Eglenceli bulmacalar, renkli tasarimlar ve harika moda fikirleriyle dolu bu kitap ile yaraticiligini konustur!\u00dcr\u00fcn Ad\u0131: Mlp Pony&#039;leri Seviyorum Faaliyet Kitab\u0131\u00dcr\u00fcn Kodu: 9786050951080Bas\u0131m Y\u0131l\u0131: 2018.00000000Kapak T\u00fcr\u00fc: Karton KapakKa\u011f\u0131t Cinsi: 1. Hamur\u00c7evirmen: Komisyon\" \/>\n<meta property=\"og:url\" content=\"https:\/\/1dkka.com\/magaza2\/urun\/mlp-ponyleri-seviyorum-faaliyet-kitabi-8\/\" \/>\n<meta property=\"og:site_name\" content=\"Demo Magaza\" \/>\n<meta name=\"twitter:card\" content=\"summary_large_image\" \/>\n<script type=\"application\/ld+json\" class=\"yoast-schema-graph\">{\"@context\":\"https:\/\/schema.org\",\"@graph\":[{\"@type\":\"WebPage\",\"@id\":\"https:\/\/1dkka.com\/magaza2\/urun\/mlp-ponyleri-seviyorum-faaliyet-kitabi-8\/\",\"url\":\"https:\/\/1dkka.com\/magaza2\/urun\/mlp-ponyleri-seviyorum-faaliyet-kitabi-8\/\",\"name\":\"Mlp Pony'leri Seviyorum Faaliyet Kitab\u0131 - Demo Magaza\",\"isPartOf\":{\"@id\":\"https:\/\/1dkka.com\/magaza2\/#website\"},\"primaryImageOfPage\":{\"@id\":\"https:\/\/1dkka.com\/magaza2\/urun\/mlp-ponyleri-seviyorum-faaliyet-kitabi-8\/#primaryimage\"},\"image\":{\"@id\":\"https:\/\/1dkka.com\/magaza2\/urun\/mlp-ponyleri-seviyorum-faaliyet-kitabi-8\/#primaryimage\"},\"thumbnailUrl\":\"https:\/\/1dkka.com\/magaza2\/wp-content\/uploads\/sites\/8\/2025\/03\/0403202567c76eca95964.jpeg\",\"datePublished\":\"2025-05-04T20:16:14+00:00\",\"breadcrumb\":{\"@id\":\"https:\/\/1dkka.com\/magaza2\/urun\/mlp-ponyleri-seviyorum-faaliyet-kitabi-8\/#breadcrumb\"},\"inLanguage\":\"tr\",\"potentialAction\":[{\"@type\":\"ReadAction\",\"target\":[\"https:\/\/1dkka.com\/magaza2\/urun\/mlp-ponyleri-seviyorum-faaliyet-kitabi-8\/\"]}]},{\"@type\":\"ImageObject\",\"inLanguage\":\"tr\",\"@id\":\"https:\/\/1dkka.com\/magaza2\/urun\/mlp-ponyleri-seviyorum-faaliyet-kitabi-8\/#primaryimage\",\"url\":\"https:\/\/1dkka.com\/magaza2\/wp-content\/uploads\/sites\/8\/2025\/03\/0403202567c76eca95964.jpeg\",\"contentUrl\":\"https:\/\/1dkka.com\/magaza2\/wp-content\/uploads\/sites\/8\/2025\/03\/0403202567c76eca95964.jpeg\",\"width\":484,\"height\":600},{\"@type\":\"BreadcrumbList\",\"@id\":\"https:\/\/1dkka.com\/magaza2\/urun\/mlp-ponyleri-seviyorum-faaliyet-kitabi-8\/#breadcrumb\",\"itemListElement\":[{\"@type\":\"ListItem\",\"position\":1,\"name\":\"Anasayfa\",\"item\":\"https:\/\/1dkka.com\/magaza2\/\"},{\"@type\":\"ListItem\",\"position\":2,\"name\":\"Ma\u011faza\",\"item\":\"https:\/\/1dkka.com\/magaza2\/\"},{\"@type\":\"ListItem\",\"position\":3,\"name\":\"Mlp Pony&#8217;leri Seviyorum Faaliyet Kitab\u0131\"}]},{\"@type\":\"WebSite\",\"@id\":\"https:\/\/1dkka.com\/magaza2\/#website\",\"url\":\"https:\/\/1dkka.com\/magaza2\/\",\"name\":\"Demo Magaza\",\"description\":\"Sanalmahalle.com\",\"potentialAction\":[{\"@type\":\"SearchAction\",\"target\":{\"@type\":\"EntryPoint\",\"urlTemplate\":\"https:\/\/1dkka.com\/magaza2\/?s={search_term_string}\"},\"query-input\":{\"@type\":\"PropertyValueSpecification\",\"valueRequired\":true,\"valueName\":\"search_term_string\"}}],\"inLanguage\":\"tr\"}]}<\/script>\n<!-- \/ Yoast SEO Premium plugin. -->","yoast_head_json":{"title":"Mlp Pony'leri Seviyorum Faaliyet Kitab\u0131 - Demo Magaza","robots":{"index":"index","follow":"follow","max-snippet":"max-snippet:-1","max-image-preview":"max-image-preview:large","max-video-preview":"max-video-preview:-1"},"canonical":"https:\/\/1dkka.com\/magaza2\/urun\/mlp-ponyleri-seviyorum-faaliyet-kitabi-8\/","og_locale":"tr_TR","og_type":"article","og_title":"Mlp Pony'leri Seviyorum Faaliyet Kitab\u0131","og_description":"En sevdigin Pony'lerle yepyeni faaliyetlerin keyfini \u00e7ikar! Eglenceli bulmacalar, renkli tasarimlar ve harika moda fikirleriyle dolu bu kitap ile yaraticiligini konustur!\u00dcr\u00fcn Ad\u0131: Mlp Pony'leri Seviyorum Faaliyet Kitab\u0131\u00dcr\u00fcn Kodu: 9786050951080Bas\u0131m Y\u0131l\u0131: 2018.00000000Kapak T\u00fcr\u00fc: Karton KapakKa\u011f\u0131t Cinsi: 1. Hamur\u00c7evirmen: Komisyon","og_url":"https:\/\/1dkka.com\/magaza2\/urun\/mlp-ponyleri-seviyorum-faaliyet-kitabi-8\/","og_site_name":"Demo Magaza","twitter_card":"summary_large_image","schema":{"@context":"https:\/\/schema.org","@graph":[{"@type":"WebPage","@id":"https:\/\/1dkka.com\/magaza2\/urun\/mlp-ponyleri-seviyorum-faaliyet-kitabi-8\/","url":"https:\/\/1dkka.com\/magaza2\/urun\/mlp-ponyleri-seviyorum-faaliyet-kitabi-8\/","name":"Mlp Pony'leri Seviyorum Faaliyet Kitab\u0131 - Demo Magaza","isPartOf":{"@id":"https:\/\/1dkka.com\/magaza2\/#website"},"primaryImageOfPage":{"@id":"https:\/\/1dkka.com\/magaza2\/urun\/mlp-ponyleri-seviyorum-faaliyet-kitabi-8\/#primaryimage"},"image":{"@id":"https:\/\/1dkka.com\/magaza2\/urun\/mlp-ponyleri-seviyorum-faaliyet-kitabi-8\/#primaryimage"},"thumbnailUrl":"https:\/\/1dkka.com\/magaza2\/wp-content\/uploads\/sites\/8\/2025\/03\/0403202567c76eca95964.jpeg","datePublished":"2025-05-04T20:16:14+00:00","breadcrumb":{"@id":"https:\/\/1dkka.com\/magaza2\/urun\/mlp-ponyleri-seviyorum-faaliyet-kitabi-8\/#breadcrumb"},"inLanguage":"tr","potentialAction":[{"@type":"ReadAction","target":["https:\/\/1dkka.com\/magaza2\/urun\/mlp-ponyleri-seviyorum-faaliyet-kitabi-8\/"]}]},{"@type":"ImageObject","inLanguage":"tr","@id":"https:\/\/1dkka.com\/magaza2\/urun\/mlp-ponyleri-seviyorum-faaliyet-kitabi-8\/#primaryimage","url":"https:\/\/1dkka.com\/magaza2\/wp-content\/uploads\/sites\/8\/2025\/03\/0403202567c76eca95964.jpeg","contentUrl":"https:\/\/1dkka.com\/magaza2\/wp-content\/uploads\/sites\/8\/2025\/03\/0403202567c76eca95964.jpeg","width":484,"height":600},{"@type":"BreadcrumbList","@id":"https:\/\/1dkka.com\/magaza2\/urun\/mlp-ponyleri-seviyorum-faaliyet-kitabi-8\/#breadcrumb","itemListElement":[{"@type":"ListItem","position":1,"name":"Anasayfa","item":"https:\/\/1dkka.com\/magaza2\/"},{"@type":"ListItem","position":2,"name":"Ma\u011faza","item":"https:\/\/1dkka.com\/magaza2\/"},{"@type":"ListItem","position":3,"name":"Mlp Pony&#8217;leri Seviyorum Faaliyet Kitab\u0131"}]},{"@type":"WebSite","@id":"https:\/\/1dkka.com\/magaza2\/#website","url":"https:\/\/1dkka.com\/magaza2\/","name":"Demo Magaza","description":"Sanalmahalle.com","potentialAction":[{"@type":"SearchAction","target":{"@type":"EntryPoint","urlTemplate":"https:\/\/1dkka.com\/magaza2\/?s={search_term_string}"},"query-input":{"@type":"PropertyValueSpecification","valueRequired":true,"valueName":"search_term_string"}}],"inLanguage":"tr"}]}},"_links":{"self":[{"href":"https:\/\/1dkka.com\/magaza2\/wp-json\/wp\/v2\/product\/250","targetHints":{"allow":["GET"]}}],"collection":[{"href":"https:\/\/1dkka.com\/magaza2\/wp-json\/wp\/v2\/product"}],"about":[{"href":"https:\/\/1dkka.com\/magaza2\/wp-json\/wp\/v2\/types\/product"}],"replies":[{"embeddable":true,"href":"https:\/\/1dkka.com\/magaza2\/wp-json\/wp\/v2\/comments?post=250"}],"wp:featuredmedia":[{"embeddable":true,"href":"https:\/\/1dkka.com\/magaza2\/wp-json\/wp\/v2\/media\/26"}],"wp:attachment":[{"href":"https:\/\/1dkka.com\/magaza2\/wp-json\/wp\/v2\/media?parent=250"}],"wp:term":[{"taxonomy":"product_brand","embeddable":true,"href":"https:\/\/1dkka.com\/magaza2\/wp-json\/wp\/v2\/product_brand?post=250"},{"taxonomy":"product_cat","embeddable":true,"href":"https:\/\/1dkka.com\/magaza2\/wp-json\/wp\/v2\/product_cat?post=250"},{"taxonomy":"product_tag","embeddable":true,"href":"https:\/\/1dkka.com\/magaza2\/wp-json\/wp\/v2\/product_tag?post=250"}],"curies":[{"name":"wp","href":"https:\/\/api.w.org\/{rel}","templated":true}]}}