{"id":236,"date":"2025-04-27T22:19:19","date_gmt":"2025-04-27T19:19:19","guid":{"rendered":"https:\/\/1dkka.com\/magaza2\/urun\/ergen-erkekler-yalniz-kadinlar-7\/"},"modified":"2025-04-27T22:19:19","modified_gmt":"2025-04-27T19:19:19","slug":"ergen-erkekler-yalniz-kadinlar-7","status":"publish","type":"product","link":"https:\/\/1dkka.com\/magaza2\/urun\/ergen-erkekler-yalniz-kadinlar-7\/","title":{"rendered":"Ergen Erkekler Yaln\u0131z Kad\u0131nlar"},"content":{"rendered":"<p>Bir askin anatomisi&#8230;<br \/>\nKumrucum, bug\u00fcn bir yanlis anlasilma olmus. Kumrucum, otur bir dinle&#8230; Kumrucum, neden oturmuyorsun? Ben bu kizi tanimam etmem. Niyeti bozuk bu kizin. Allah bilir sana yalan yanlis ne anlatti, sen de inandin. Bize kesinlikle nazar degdi. Zaten \u00f6yle olsa burada neden durayim. Onu sevsem ona giderdim. Sen beni burada zorla mi tutuyorsun? L\u00fctfen bir sey s\u00f6yle! Ben ne yapiyorsam sizin i\u00e7in. Senin i\u00e7in, \u00e7ocuklarim i\u00e7in. Ben bir fedak\u00e2rim, ben bir cefak\u00e2rim&#8230; Bir komploya kurban gittim&#8230; Kumrucum, anliyorsun degil mi? \u00c7ocuklarim olmadan, sen olmadan ben \u00f6l\u00fcr\u00fcm&#8230; Sevket konusuyor Kumru dinliyor. Ikisinin b\u00fcy\u00fck aski \u00f6nce evliligin t\u00f6rp\u00fcs\u00fcnden ge\u00e7ti, sonra aldatmayla duvara tosladi. Bakalim evlilikleri bu sinavi ge\u00e7ecek mi? Ask (kaldiysa) her seyi affedecek mi?<br \/>\nErgen Erkekler Yalniz Kadinlar\u2019da Aynur Tartan bir askin, bir evliligin anatomisini \u00e7ikariyor. Simdiye dek denenmemis bu kurguda ona alaninda yetkin d\u00f6rt uzman, psikolog Perran S\u00f6g\u00fctl\u00fc, n\u00f6roloji uzmani Timur Yilmaz, psikolog, aile ve evlilik danismani Serhat Yabanci ve psikoterapist Basak Tokatlioglu yorumlariyla eslik ediyor.<\/p>\n<p>\u00dcr\u00fcn Ad\u0131: Ergen Erkekler Yaln\u0131z Kad\u0131nlar<br \/>\u00dcr\u00fcn Kodu: 9786050951134<br \/>Bas\u0131m Y\u0131l\u0131: 2018.00000000<br \/>Kapak T\u00fcr\u00fc: Karton Kapak<br \/>Ka\u011f\u0131t Cinsi: 2. Hamur<br \/>\u00c7evirmen: Aynur Tartan<\/p>\n","protected":false},"excerpt":{"rendered":"<p>Bir askin anatomisi&#8230;<br \/>\nKumrucum, bug\u00fcn bir yanlis anlasilma olmus. Kumrucum, otur bir dinle&#8230; Kumrucum, neden oturmuyorsun? Ben bu kizi tanimam etmem. Niyeti bozuk bu kizin. Allah bilir sana yalan yanlis ne anlatti, sen de inandin. Bize kesinlikle nazar degdi. Zaten \u00f6yle olsa burada neden durayim. Onu sevsem ona giderdim. Sen beni burada zorla mi tutuyorsun? L\u00fctfen bir sey s\u00f6yle! Ben ne yapiyorsam sizin i\u00e7in. Senin i\u00e7in, \u00e7ocuklarim i\u00e7in. Ben bir fedak\u00e2rim, ben bir cefak\u00e2rim&#8230; Bir komploya kurban gittim&#8230; Kumrucum, anliyorsun degil mi? \u00c7ocuklarim olmadan, sen olmadan ben \u00f6l\u00fcr\u00fcm&#8230; Sevket konusuyor Kumru dinliyor. Ikisinin b\u00fcy\u00fck aski \u00f6nce evliligin t\u00f6rp\u00fcs\u00fcnden ge\u00e7ti, sonra aldatmayla duvara tosladi. Bakalim evlilikleri bu sinavi ge\u00e7ecek mi? Ask (kaldiysa) her seyi affedecek mi?<br \/>\nErgen Erkekler Yalniz Kadinlar\u2019da Aynur Tartan bir askin, bir evliligin anatomisini \u00e7ikariyor. Simdiye dek denenmemis bu kurguda ona alaninda yetkin d\u00f6rt uzman, psikolog Perran S\u00f6g\u00fctl\u00fc, n\u00f6roloji uzmani Timur Yilmaz, psikolog, aile ve evlilik danismani Serhat Yabanci ve psikoterapist Basak Tokatlioglu yorumlariyla eslik ediyor.<\/p>\n<p>\u00dcr\u00fcn Ad\u0131: Ergen Erkekler Yaln\u0131z Kad\u0131nlar<br \/>\u00dcr\u00fcn Kodu: 9786050951134<br \/>Bas\u0131m Y\u0131l\u0131: 2018.00000000<br \/>Kapak T\u00fcr\u00fc: Karton Kapak<br \/>Ka\u011f\u0131t Cinsi: 2. Hamur<br \/>\u00c7evirmen: Aynur Tartan<\/p>\n","protected":false},"featured_media":32,"comment_status":"open","ping_status":"closed","template":"","meta":[],"product_brand":[],"product_cat":[23],"product_tag":[],"class_list":{"0":"post-236","1":"product","2":"type-product","3":"status-publish","4":"has-post-thumbnail","6":"product_cat-anlati","8":"first","9":"instock","10":"shipping-taxable","11":"purchasable","12":"product-type-simple"},"yoast_head":"<!-- This site is optimized with the Yoast SEO Premium plugin v24.5 (Yoast SEO v24.5) - https:\/\/yoast.com\/wordpress\/plugins\/seo\/ -->\n<title>Ergen Erkekler Yaln\u0131z Kad\u0131nlar - Demo Magaza<\/title>\n<meta name=\"robots\" content=\"index, follow, max-snippet:-1, max-image-preview:large, max-video-preview:-1\" \/>\n<link rel=\"canonical\" href=\"https:\/\/1dkka.com\/magaza2\/urun\/ergen-erkekler-yalniz-kadinlar-7\/\" \/>\n<meta property=\"og:locale\" content=\"tr_TR\" \/>\n<meta property=\"og:type\" content=\"article\" \/>\n<meta property=\"og:title\" content=\"Ergen Erkekler Yaln\u0131z Kad\u0131nlar\" \/>\n<meta property=\"og:description\" content=\"Bir askin anatomisi... Kumrucum, bug\u00fcn bir yanlis anlasilma olmus. Kumrucum, otur bir dinle... Kumrucum, neden oturmuyorsun? Ben bu kizi tanimam etmem. Niyeti bozuk bu kizin. Allah bilir sana yalan yanlis ne anlatti, sen de inandin. Bize kesinlikle nazar degdi. Zaten \u00f6yle olsa burada neden durayim. Onu sevsem ona giderdim. Sen beni burada zorla mi tutuyorsun? L\u00fctfen bir sey s\u00f6yle! Ben ne yapiyorsam sizin i\u00e7in. Senin i\u00e7in, \u00e7ocuklarim i\u00e7in. Ben bir fedak\u00e2rim, ben bir cefak\u00e2rim... Bir komploya kurban gittim... Kumrucum, anliyorsun degil mi? \u00c7ocuklarim olmadan, sen olmadan ben \u00f6l\u00fcr\u00fcm... Sevket konusuyor Kumru dinliyor. Ikisinin b\u00fcy\u00fck aski \u00f6nce evliligin t\u00f6rp\u00fcs\u00fcnden ge\u00e7ti, sonra aldatmayla duvara tosladi. Bakalim evlilikleri bu sinavi ge\u00e7ecek mi? Ask (kaldiysa) her seyi affedecek mi? Ergen Erkekler Yalniz Kadinlar\u2019da Aynur Tartan bir askin, bir evliligin anatomisini \u00e7ikariyor. Simdiye dek denenmemis bu kurguda ona alaninda yetkin d\u00f6rt uzman, psikolog Perran S\u00f6g\u00fctl\u00fc, n\u00f6roloji uzmani Timur Yilmaz, psikolog, aile ve evlilik danismani Serhat Yabanci ve psikoterapist Basak Tokatlioglu yorumlariyla eslik ediyor. \u00dcr\u00fcn Ad\u0131: Ergen Erkekler Yaln\u0131z Kad\u0131nlar\u00dcr\u00fcn Kodu: 9786050951134Bas\u0131m Y\u0131l\u0131: 2018.00000000Kapak T\u00fcr\u00fc: Karton KapakKa\u011f\u0131t Cinsi: 2. Hamur\u00c7evirmen: Aynur Tartan\" \/>\n<meta property=\"og:url\" content=\"https:\/\/1dkka.com\/magaza2\/urun\/ergen-erkekler-yalniz-kadinlar-7\/\" \/>\n<meta property=\"og:site_name\" content=\"Demo Magaza\" \/>\n<meta name=\"twitter:card\" content=\"summary_large_image\" \/>\n<meta name=\"twitter:label1\" content=\"Tahmini okuma s\u00fcresi\" \/>\n\t<meta name=\"twitter:data1\" content=\"1 dakika\" \/>\n<script type=\"application\/ld+json\" class=\"yoast-schema-graph\">{\"@context\":\"https:\/\/schema.org\",\"@graph\":[{\"@type\":\"WebPage\",\"@id\":\"https:\/\/1dkka.com\/magaza2\/urun\/ergen-erkekler-yalniz-kadinlar-7\/\",\"url\":\"https:\/\/1dkka.com\/magaza2\/urun\/ergen-erkekler-yalniz-kadinlar-7\/\",\"name\":\"Ergen Erkekler Yaln\u0131z Kad\u0131nlar - Demo Magaza\",\"isPartOf\":{\"@id\":\"https:\/\/1dkka.com\/magaza2\/#website\"},\"primaryImageOfPage\":{\"@id\":\"https:\/\/1dkka.com\/magaza2\/urun\/ergen-erkekler-yalniz-kadinlar-7\/#primaryimage\"},\"image\":{\"@id\":\"https:\/\/1dkka.com\/magaza2\/urun\/ergen-erkekler-yalniz-kadinlar-7\/#primaryimage\"},\"thumbnailUrl\":\"https:\/\/1dkka.com\/magaza2\/wp-content\/uploads\/sites\/8\/2025\/03\/0403202567c76ecceccbb.jpeg\",\"datePublished\":\"2025-04-27T19:19:19+00:00\",\"breadcrumb\":{\"@id\":\"https:\/\/1dkka.com\/magaza2\/urun\/ergen-erkekler-yalniz-kadinlar-7\/#breadcrumb\"},\"inLanguage\":\"tr\",\"potentialAction\":[{\"@type\":\"ReadAction\",\"target\":[\"https:\/\/1dkka.com\/magaza2\/urun\/ergen-erkekler-yalniz-kadinlar-7\/\"]}]},{\"@type\":\"ImageObject\",\"inLanguage\":\"tr\",\"@id\":\"https:\/\/1dkka.com\/magaza2\/urun\/ergen-erkekler-yalniz-kadinlar-7\/#primaryimage\",\"url\":\"https:\/\/1dkka.com\/magaza2\/wp-content\/uploads\/sites\/8\/2025\/03\/0403202567c76ecceccbb.jpeg\",\"contentUrl\":\"https:\/\/1dkka.com\/magaza2\/wp-content\/uploads\/sites\/8\/2025\/03\/0403202567c76ecceccbb.jpeg\",\"width\":388,\"height\":600},{\"@type\":\"BreadcrumbList\",\"@id\":\"https:\/\/1dkka.com\/magaza2\/urun\/ergen-erkekler-yalniz-kadinlar-7\/#breadcrumb\",\"itemListElement\":[{\"@type\":\"ListItem\",\"position\":1,\"name\":\"Anasayfa\",\"item\":\"https:\/\/1dkka.com\/magaza2\/\"},{\"@type\":\"ListItem\",\"position\":2,\"name\":\"Ma\u011faza\",\"item\":\"https:\/\/1dkka.com\/magaza2\/\"},{\"@type\":\"ListItem\",\"position\":3,\"name\":\"Ergen Erkekler Yaln\u0131z Kad\u0131nlar\"}]},{\"@type\":\"WebSite\",\"@id\":\"https:\/\/1dkka.com\/magaza2\/#website\",\"url\":\"https:\/\/1dkka.com\/magaza2\/\",\"name\":\"Demo Magaza\",\"description\":\"Sanalmahalle.com\",\"potentialAction\":[{\"@type\":\"SearchAction\",\"target\":{\"@type\":\"EntryPoint\",\"urlTemplate\":\"https:\/\/1dkka.com\/magaza2\/?s={search_term_string}\"},\"query-input\":{\"@type\":\"PropertyValueSpecification\",\"valueRequired\":true,\"valueName\":\"search_term_string\"}}],\"inLanguage\":\"tr\"}]}<\/script>\n<!-- \/ Yoast SEO Premium plugin. -->","yoast_head_json":{"title":"Ergen Erkekler Yaln\u0131z Kad\u0131nlar - Demo Magaza","robots":{"index":"index","follow":"follow","max-snippet":"max-snippet:-1","max-image-preview":"max-image-preview:large","max-video-preview":"max-video-preview:-1"},"canonical":"https:\/\/1dkka.com\/magaza2\/urun\/ergen-erkekler-yalniz-kadinlar-7\/","og_locale":"tr_TR","og_type":"article","og_title":"Ergen Erkekler Yaln\u0131z Kad\u0131nlar","og_description":"Bir askin anatomisi... Kumrucum, bug\u00fcn bir yanlis anlasilma olmus. Kumrucum, otur bir dinle... Kumrucum, neden oturmuyorsun? Ben bu kizi tanimam etmem. Niyeti bozuk bu kizin. Allah bilir sana yalan yanlis ne anlatti, sen de inandin. Bize kesinlikle nazar degdi. Zaten \u00f6yle olsa burada neden durayim. Onu sevsem ona giderdim. Sen beni burada zorla mi tutuyorsun? L\u00fctfen bir sey s\u00f6yle! Ben ne yapiyorsam sizin i\u00e7in. Senin i\u00e7in, \u00e7ocuklarim i\u00e7in. Ben bir fedak\u00e2rim, ben bir cefak\u00e2rim... Bir komploya kurban gittim... Kumrucum, anliyorsun degil mi? \u00c7ocuklarim olmadan, sen olmadan ben \u00f6l\u00fcr\u00fcm... Sevket konusuyor Kumru dinliyor. Ikisinin b\u00fcy\u00fck aski \u00f6nce evliligin t\u00f6rp\u00fcs\u00fcnden ge\u00e7ti, sonra aldatmayla duvara tosladi. Bakalim evlilikleri bu sinavi ge\u00e7ecek mi? Ask (kaldiysa) her seyi affedecek mi? Ergen Erkekler Yalniz Kadinlar\u2019da Aynur Tartan bir askin, bir evliligin anatomisini \u00e7ikariyor. Simdiye dek denenmemis bu kurguda ona alaninda yetkin d\u00f6rt uzman, psikolog Perran S\u00f6g\u00fctl\u00fc, n\u00f6roloji uzmani Timur Yilmaz, psikolog, aile ve evlilik danismani Serhat Yabanci ve psikoterapist Basak Tokatlioglu yorumlariyla eslik ediyor. \u00dcr\u00fcn Ad\u0131: Ergen Erkekler Yaln\u0131z Kad\u0131nlar\u00dcr\u00fcn Kodu: 9786050951134Bas\u0131m Y\u0131l\u0131: 2018.00000000Kapak T\u00fcr\u00fc: Karton KapakKa\u011f\u0131t Cinsi: 2. Hamur\u00c7evirmen: Aynur Tartan","og_url":"https:\/\/1dkka.com\/magaza2\/urun\/ergen-erkekler-yalniz-kadinlar-7\/","og_site_name":"Demo Magaza","twitter_card":"summary_large_image","twitter_misc":{"Tahmini okuma s\u00fcresi":"1 dakika"},"schema":{"@context":"https:\/\/schema.org","@graph":[{"@type":"WebPage","@id":"https:\/\/1dkka.com\/magaza2\/urun\/ergen-erkekler-yalniz-kadinlar-7\/","url":"https:\/\/1dkka.com\/magaza2\/urun\/ergen-erkekler-yalniz-kadinlar-7\/","name":"Ergen Erkekler Yaln\u0131z Kad\u0131nlar - Demo Magaza","isPartOf":{"@id":"https:\/\/1dkka.com\/magaza2\/#website"},"primaryImageOfPage":{"@id":"https:\/\/1dkka.com\/magaza2\/urun\/ergen-erkekler-yalniz-kadinlar-7\/#primaryimage"},"image":{"@id":"https:\/\/1dkka.com\/magaza2\/urun\/ergen-erkekler-yalniz-kadinlar-7\/#primaryimage"},"thumbnailUrl":"https:\/\/1dkka.com\/magaza2\/wp-content\/uploads\/sites\/8\/2025\/03\/0403202567c76ecceccbb.jpeg","datePublished":"2025-04-27T19:19:19+00:00","breadcrumb":{"@id":"https:\/\/1dkka.com\/magaza2\/urun\/ergen-erkekler-yalniz-kadinlar-7\/#breadcrumb"},"inLanguage":"tr","potentialAction":[{"@type":"ReadAction","target":["https:\/\/1dkka.com\/magaza2\/urun\/ergen-erkekler-yalniz-kadinlar-7\/"]}]},{"@type":"ImageObject","inLanguage":"tr","@id":"https:\/\/1dkka.com\/magaza2\/urun\/ergen-erkekler-yalniz-kadinlar-7\/#primaryimage","url":"https:\/\/1dkka.com\/magaza2\/wp-content\/uploads\/sites\/8\/2025\/03\/0403202567c76ecceccbb.jpeg","contentUrl":"https:\/\/1dkka.com\/magaza2\/wp-content\/uploads\/sites\/8\/2025\/03\/0403202567c76ecceccbb.jpeg","width":388,"height":600},{"@type":"BreadcrumbList","@id":"https:\/\/1dkka.com\/magaza2\/urun\/ergen-erkekler-yalniz-kadinlar-7\/#breadcrumb","itemListElement":[{"@type":"ListItem","position":1,"name":"Anasayfa","item":"https:\/\/1dkka.com\/magaza2\/"},{"@type":"ListItem","position":2,"name":"Ma\u011faza","item":"https:\/\/1dkka.com\/magaza2\/"},{"@type":"ListItem","position":3,"name":"Ergen Erkekler Yaln\u0131z Kad\u0131nlar"}]},{"@type":"WebSite","@id":"https:\/\/1dkka.com\/magaza2\/#website","url":"https:\/\/1dkka.com\/magaza2\/","name":"Demo Magaza","description":"Sanalmahalle.com","potentialAction":[{"@type":"SearchAction","target":{"@type":"EntryPoint","urlTemplate":"https:\/\/1dkka.com\/magaza2\/?s={search_term_string}"},"query-input":{"@type":"PropertyValueSpecification","valueRequired":true,"valueName":"search_term_string"}}],"inLanguage":"tr"}]}},"_links":{"self":[{"href":"https:\/\/1dkka.com\/magaza2\/wp-json\/wp\/v2\/product\/236","targetHints":{"allow":["GET"]}}],"collection":[{"href":"https:\/\/1dkka.com\/magaza2\/wp-json\/wp\/v2\/product"}],"about":[{"href":"https:\/\/1dkka.com\/magaza2\/wp-json\/wp\/v2\/types\/product"}],"replies":[{"embeddable":true,"href":"https:\/\/1dkka.com\/magaza2\/wp-json\/wp\/v2\/comments?post=236"}],"wp:featuredmedia":[{"embeddable":true,"href":"https:\/\/1dkka.com\/magaza2\/wp-json\/wp\/v2\/media\/32"}],"wp:attachment":[{"href":"https:\/\/1dkka.com\/magaza2\/wp-json\/wp\/v2\/media?parent=236"}],"wp:term":[{"taxonomy":"product_brand","embeddable":true,"href":"https:\/\/1dkka.com\/magaza2\/wp-json\/wp\/v2\/product_brand?post=236"},{"taxonomy":"product_cat","embeddable":true,"href":"https:\/\/1dkka.com\/magaza2\/wp-json\/wp\/v2\/product_cat?post=236"},{"taxonomy":"product_tag","embeddable":true,"href":"https:\/\/1dkka.com\/magaza2\/wp-json\/wp\/v2\/product_tag?post=236"}],"curies":[{"name":"wp","href":"https:\/\/api.w.org\/{rel}","templated":true}]}}