{"id":220,"date":"2025-04-20T20:08:46","date_gmt":"2025-04-20T17:08:46","guid":{"rendered":"https:\/\/1dkka.com\/magaza2\/urun\/son-11-6\/"},"modified":"2025-04-20T20:08:46","modified_gmt":"2025-04-20T17:08:46","slug":"son-11-6","status":"publish","type":"product","link":"https:\/\/1dkka.com\/magaza2\/urun\/son-11-6\/","title":{"rendered":"Son 11"},"content":{"rendered":"<p>Sessizce \u00f6l\u00fcr Perisan\u2019in m\u00fcdavimleri. Kimse anlamaz bile onlarin g\u00f6\u00e7\u00fcp gittigini. Masalarina bir bardak sarap kondugunda kaldirmiyorsa biri basini, iste o zaman okunur salasi.<\/p>\n<p>T\u00fcm umutlarini kaybetmis bir futbol takimi, soyunma odasinda son kez bir araya gelir. B\u00fcy\u00fck beklentiler, yikilan hayaller ve bir kadehin dibinde son bulan yasamlar ugursuz bir sis misali takimin oyuncularinin etrafini sarmistir. Teknik Direkt\u00f6r Puskas Sami bir yandan oyuncularini sahaya \u00e7ikarmak i\u00e7in cesaretlendirmeye \u00e7alisirken bir yandan da bug\u00fcne kadar yaptiklarinin hesabini vermeye zorlar kendini\u2026<br \/>\nFerhat Uludere Son 11\u2019de sadece bir futbol takimini degil, Tazi Vedat\u2019in buruk sevdasi, Sezgin\u2019in yalnizligi, sarhos \u00f6lmek isteyenlerin r\u00fcyalariyla birlikte tipik bir Trakya kasabasini anlatiyor.<\/p>\n<p>\u00dcr\u00fcn Ad\u0131: Son 11<br \/>\u00dcr\u00fcn Kodu: 9786050951141<br \/>Bas\u0131m Y\u0131l\u0131: 2018.00000000<br \/>Kapak T\u00fcr\u00fc: Karton Kapak<br \/>Ka\u011f\u0131t Cinsi: 2. Hamur<br \/>\u00c7evirmen: Ferhat Uludere<\/p>\n","protected":false},"excerpt":{"rendered":"<p>Sessizce \u00f6l\u00fcr Perisan\u2019in m\u00fcdavimleri. Kimse anlamaz bile onlarin g\u00f6\u00e7\u00fcp gittigini. Masalarina bir bardak sarap kondugunda kaldirmiyorsa biri basini, iste o zaman okunur salasi.<\/p>\n<p>T\u00fcm umutlarini kaybetmis bir futbol takimi, soyunma odasinda son kez bir araya gelir. B\u00fcy\u00fck beklentiler, yikilan hayaller ve bir kadehin dibinde son bulan yasamlar ugursuz bir sis misali takimin oyuncularinin etrafini sarmistir. Teknik Direkt\u00f6r Puskas Sami bir yandan oyuncularini sahaya \u00e7ikarmak i\u00e7in cesaretlendirmeye \u00e7alisirken bir yandan da bug\u00fcne kadar yaptiklarinin hesabini vermeye zorlar kendini\u2026<br \/>\nFerhat Uludere Son 11\u2019de sadece bir futbol takimini degil, Tazi Vedat\u2019in buruk sevdasi, Sezgin\u2019in yalnizligi, sarhos \u00f6lmek isteyenlerin r\u00fcyalariyla birlikte tipik bir Trakya kasabasini anlatiyor.<\/p>\n<p>\u00dcr\u00fcn Ad\u0131: Son 11<br \/>\u00dcr\u00fcn Kodu: 9786050951141<br \/>Bas\u0131m Y\u0131l\u0131: 2018.00000000<br \/>Kapak T\u00fcr\u00fc: Karton Kapak<br \/>Ka\u011f\u0131t Cinsi: 2. Hamur<br \/>\u00c7evirmen: Ferhat Uludere<\/p>\n","protected":false},"featured_media":34,"comment_status":"open","ping_status":"closed","template":"","meta":[],"product_brand":[],"product_cat":[21],"product_tag":[],"class_list":{"0":"post-220","1":"product","2":"type-product","3":"status-publish","4":"has-post-thumbnail","6":"product_cat-roman-edebiyat","8":"first","9":"instock","10":"shipping-taxable","11":"purchasable","12":"product-type-simple"},"yoast_head":"<!-- This site is optimized with the Yoast SEO Premium plugin v24.5 (Yoast SEO v24.5) - https:\/\/yoast.com\/wordpress\/plugins\/seo\/ -->\n<title>Son 11 - Demo Magaza<\/title>\n<meta name=\"robots\" content=\"index, follow, max-snippet:-1, max-image-preview:large, max-video-preview:-1\" \/>\n<link rel=\"canonical\" href=\"https:\/\/1dkka.com\/magaza2\/urun\/son-11-6\/\" \/>\n<meta property=\"og:locale\" content=\"tr_TR\" \/>\n<meta property=\"og:type\" content=\"article\" \/>\n<meta property=\"og:title\" content=\"Son 11\" \/>\n<meta property=\"og:description\" content=\"Sessizce \u00f6l\u00fcr Perisan\u2019in m\u00fcdavimleri. Kimse anlamaz bile onlarin g\u00f6\u00e7\u00fcp gittigini. Masalarina bir bardak sarap kondugunda kaldirmiyorsa biri basini, iste o zaman okunur salasi. T\u00fcm umutlarini kaybetmis bir futbol takimi, soyunma odasinda son kez bir araya gelir. B\u00fcy\u00fck beklentiler, yikilan hayaller ve bir kadehin dibinde son bulan yasamlar ugursuz bir sis misali takimin oyuncularinin etrafini sarmistir. Teknik Direkt\u00f6r Puskas Sami bir yandan oyuncularini sahaya \u00e7ikarmak i\u00e7in cesaretlendirmeye \u00e7alisirken bir yandan da bug\u00fcne kadar yaptiklarinin hesabini vermeye zorlar kendini\u2026 Ferhat Uludere Son 11\u2019de sadece bir futbol takimini degil, Tazi Vedat\u2019in buruk sevdasi, Sezgin\u2019in yalnizligi, sarhos \u00f6lmek isteyenlerin r\u00fcyalariyla birlikte tipik bir Trakya kasabasini anlatiyor. \u00dcr\u00fcn Ad\u0131: Son 11\u00dcr\u00fcn Kodu: 9786050951141Bas\u0131m Y\u0131l\u0131: 2018.00000000Kapak T\u00fcr\u00fc: Karton KapakKa\u011f\u0131t Cinsi: 2. Hamur\u00c7evirmen: Ferhat Uludere\" \/>\n<meta property=\"og:url\" content=\"https:\/\/1dkka.com\/magaza2\/urun\/son-11-6\/\" \/>\n<meta property=\"og:site_name\" content=\"Demo Magaza\" \/>\n<meta property=\"og:image\" content=\"https:\/\/1dkka.com\/magaza2\/wp-content\/uploads\/sites\/8\/2025\/03\/0403202567c76ecdaacd2.jpeg\" \/>\n\t<meta property=\"og:image:width\" content=\"417\" \/>\n\t<meta property=\"og:image:height\" content=\"600\" \/>\n\t<meta property=\"og:image:type\" content=\"image\/jpeg\" \/>\n<meta name=\"twitter:card\" content=\"summary_large_image\" \/>\n<meta name=\"twitter:label1\" content=\"Tahmini okuma s\u00fcresi\" \/>\n\t<meta name=\"twitter:data1\" content=\"1 dakika\" \/>\n<script type=\"application\/ld+json\" class=\"yoast-schema-graph\">{\"@context\":\"https:\/\/schema.org\",\"@graph\":[{\"@type\":\"WebPage\",\"@id\":\"https:\/\/1dkka.com\/magaza2\/urun\/son-11-6\/\",\"url\":\"https:\/\/1dkka.com\/magaza2\/urun\/son-11-6\/\",\"name\":\"Son 11 - Demo Magaza\",\"isPartOf\":{\"@id\":\"https:\/\/1dkka.com\/magaza2\/#website\"},\"primaryImageOfPage\":{\"@id\":\"https:\/\/1dkka.com\/magaza2\/urun\/son-11-6\/#primaryimage\"},\"image\":{\"@id\":\"https:\/\/1dkka.com\/magaza2\/urun\/son-11-6\/#primaryimage\"},\"thumbnailUrl\":\"https:\/\/1dkka.com\/magaza2\/wp-content\/uploads\/sites\/8\/2025\/03\/0403202567c76ecdaacd2.jpeg\",\"datePublished\":\"2025-04-20T17:08:46+00:00\",\"breadcrumb\":{\"@id\":\"https:\/\/1dkka.com\/magaza2\/urun\/son-11-6\/#breadcrumb\"},\"inLanguage\":\"tr\",\"potentialAction\":[{\"@type\":\"ReadAction\",\"target\":[\"https:\/\/1dkka.com\/magaza2\/urun\/son-11-6\/\"]}]},{\"@type\":\"ImageObject\",\"inLanguage\":\"tr\",\"@id\":\"https:\/\/1dkka.com\/magaza2\/urun\/son-11-6\/#primaryimage\",\"url\":\"https:\/\/1dkka.com\/magaza2\/wp-content\/uploads\/sites\/8\/2025\/03\/0403202567c76ecdaacd2.jpeg\",\"contentUrl\":\"https:\/\/1dkka.com\/magaza2\/wp-content\/uploads\/sites\/8\/2025\/03\/0403202567c76ecdaacd2.jpeg\",\"width\":417,\"height\":600},{\"@type\":\"BreadcrumbList\",\"@id\":\"https:\/\/1dkka.com\/magaza2\/urun\/son-11-6\/#breadcrumb\",\"itemListElement\":[{\"@type\":\"ListItem\",\"position\":1,\"name\":\"Anasayfa\",\"item\":\"https:\/\/1dkka.com\/magaza2\/\"},{\"@type\":\"ListItem\",\"position\":2,\"name\":\"Ma\u011faza\",\"item\":\"https:\/\/1dkka.com\/magaza2\/\"},{\"@type\":\"ListItem\",\"position\":3,\"name\":\"Son 11\"}]},{\"@type\":\"WebSite\",\"@id\":\"https:\/\/1dkka.com\/magaza2\/#website\",\"url\":\"https:\/\/1dkka.com\/magaza2\/\",\"name\":\"Demo Magaza\",\"description\":\"Sanalmahalle.com\",\"potentialAction\":[{\"@type\":\"SearchAction\",\"target\":{\"@type\":\"EntryPoint\",\"urlTemplate\":\"https:\/\/1dkka.com\/magaza2\/?s={search_term_string}\"},\"query-input\":{\"@type\":\"PropertyValueSpecification\",\"valueRequired\":true,\"valueName\":\"search_term_string\"}}],\"inLanguage\":\"tr\"}]}<\/script>\n<!-- \/ Yoast SEO Premium plugin. -->","yoast_head_json":{"title":"Son 11 - Demo Magaza","robots":{"index":"index","follow":"follow","max-snippet":"max-snippet:-1","max-image-preview":"max-image-preview:large","max-video-preview":"max-video-preview:-1"},"canonical":"https:\/\/1dkka.com\/magaza2\/urun\/son-11-6\/","og_locale":"tr_TR","og_type":"article","og_title":"Son 11","og_description":"Sessizce \u00f6l\u00fcr Perisan\u2019in m\u00fcdavimleri. Kimse anlamaz bile onlarin g\u00f6\u00e7\u00fcp gittigini. Masalarina bir bardak sarap kondugunda kaldirmiyorsa biri basini, iste o zaman okunur salasi. T\u00fcm umutlarini kaybetmis bir futbol takimi, soyunma odasinda son kez bir araya gelir. B\u00fcy\u00fck beklentiler, yikilan hayaller ve bir kadehin dibinde son bulan yasamlar ugursuz bir sis misali takimin oyuncularinin etrafini sarmistir. Teknik Direkt\u00f6r Puskas Sami bir yandan oyuncularini sahaya \u00e7ikarmak i\u00e7in cesaretlendirmeye \u00e7alisirken bir yandan da bug\u00fcne kadar yaptiklarinin hesabini vermeye zorlar kendini\u2026 Ferhat Uludere Son 11\u2019de sadece bir futbol takimini degil, Tazi Vedat\u2019in buruk sevdasi, Sezgin\u2019in yalnizligi, sarhos \u00f6lmek isteyenlerin r\u00fcyalariyla birlikte tipik bir Trakya kasabasini anlatiyor. \u00dcr\u00fcn Ad\u0131: Son 11\u00dcr\u00fcn Kodu: 9786050951141Bas\u0131m Y\u0131l\u0131: 2018.00000000Kapak T\u00fcr\u00fc: Karton KapakKa\u011f\u0131t Cinsi: 2. Hamur\u00c7evirmen: Ferhat Uludere","og_url":"https:\/\/1dkka.com\/magaza2\/urun\/son-11-6\/","og_site_name":"Demo Magaza","og_image":[{"width":417,"height":600,"url":"https:\/\/1dkka.com\/magaza2\/wp-content\/uploads\/sites\/8\/2025\/03\/0403202567c76ecdaacd2.jpeg","type":"image\/jpeg"}],"twitter_card":"summary_large_image","twitter_misc":{"Tahmini okuma s\u00fcresi":"1 dakika"},"schema":{"@context":"https:\/\/schema.org","@graph":[{"@type":"WebPage","@id":"https:\/\/1dkka.com\/magaza2\/urun\/son-11-6\/","url":"https:\/\/1dkka.com\/magaza2\/urun\/son-11-6\/","name":"Son 11 - Demo Magaza","isPartOf":{"@id":"https:\/\/1dkka.com\/magaza2\/#website"},"primaryImageOfPage":{"@id":"https:\/\/1dkka.com\/magaza2\/urun\/son-11-6\/#primaryimage"},"image":{"@id":"https:\/\/1dkka.com\/magaza2\/urun\/son-11-6\/#primaryimage"},"thumbnailUrl":"https:\/\/1dkka.com\/magaza2\/wp-content\/uploads\/sites\/8\/2025\/03\/0403202567c76ecdaacd2.jpeg","datePublished":"2025-04-20T17:08:46+00:00","breadcrumb":{"@id":"https:\/\/1dkka.com\/magaza2\/urun\/son-11-6\/#breadcrumb"},"inLanguage":"tr","potentialAction":[{"@type":"ReadAction","target":["https:\/\/1dkka.com\/magaza2\/urun\/son-11-6\/"]}]},{"@type":"ImageObject","inLanguage":"tr","@id":"https:\/\/1dkka.com\/magaza2\/urun\/son-11-6\/#primaryimage","url":"https:\/\/1dkka.com\/magaza2\/wp-content\/uploads\/sites\/8\/2025\/03\/0403202567c76ecdaacd2.jpeg","contentUrl":"https:\/\/1dkka.com\/magaza2\/wp-content\/uploads\/sites\/8\/2025\/03\/0403202567c76ecdaacd2.jpeg","width":417,"height":600},{"@type":"BreadcrumbList","@id":"https:\/\/1dkka.com\/magaza2\/urun\/son-11-6\/#breadcrumb","itemListElement":[{"@type":"ListItem","position":1,"name":"Anasayfa","item":"https:\/\/1dkka.com\/magaza2\/"},{"@type":"ListItem","position":2,"name":"Ma\u011faza","item":"https:\/\/1dkka.com\/magaza2\/"},{"@type":"ListItem","position":3,"name":"Son 11"}]},{"@type":"WebSite","@id":"https:\/\/1dkka.com\/magaza2\/#website","url":"https:\/\/1dkka.com\/magaza2\/","name":"Demo Magaza","description":"Sanalmahalle.com","potentialAction":[{"@type":"SearchAction","target":{"@type":"EntryPoint","urlTemplate":"https:\/\/1dkka.com\/magaza2\/?s={search_term_string}"},"query-input":{"@type":"PropertyValueSpecification","valueRequired":true,"valueName":"search_term_string"}}],"inLanguage":"tr"}]}},"_links":{"self":[{"href":"https:\/\/1dkka.com\/magaza2\/wp-json\/wp\/v2\/product\/220","targetHints":{"allow":["GET"]}}],"collection":[{"href":"https:\/\/1dkka.com\/magaza2\/wp-json\/wp\/v2\/product"}],"about":[{"href":"https:\/\/1dkka.com\/magaza2\/wp-json\/wp\/v2\/types\/product"}],"replies":[{"embeddable":true,"href":"https:\/\/1dkka.com\/magaza2\/wp-json\/wp\/v2\/comments?post=220"}],"wp:featuredmedia":[{"embeddable":true,"href":"https:\/\/1dkka.com\/magaza2\/wp-json\/wp\/v2\/media\/34"}],"wp:attachment":[{"href":"https:\/\/1dkka.com\/magaza2\/wp-json\/wp\/v2\/media?parent=220"}],"wp:term":[{"taxonomy":"product_brand","embeddable":true,"href":"https:\/\/1dkka.com\/magaza2\/wp-json\/wp\/v2\/product_brand?post=220"},{"taxonomy":"product_cat","embeddable":true,"href":"https:\/\/1dkka.com\/magaza2\/wp-json\/wp\/v2\/product_cat?post=220"},{"taxonomy":"product_tag","embeddable":true,"href":"https:\/\/1dkka.com\/magaza2\/wp-json\/wp\/v2\/product_tag?post=220"}],"curies":[{"name":"wp","href":"https:\/\/api.w.org\/{rel}","templated":true}]}}