{"id":210,"date":"2025-04-20T20:08:39","date_gmt":"2025-04-20T17:08:39","guid":{"rendered":"https:\/\/1dkka.com\/magaza2\/urun\/masa-ile-koca-ayi-komik-masallar-dans-atesi-6\/"},"modified":"2025-04-20T20:08:39","modified_gmt":"2025-04-20T17:08:39","slug":"masa-ile-koca-ayi-komik-masallar-dans-atesi-6","status":"publish","type":"product","link":"https:\/\/1dkka.com\/magaza2\/urun\/masa-ile-koca-ayi-komik-masallar-dans-atesi-6\/","title":{"rendered":"Ma\u015fa \u0130le Koca Ay\u0131 Komik Masallar Dans Ate\u015fi"},"content":{"rendered":"<p>Domuz yeni bir yetenegini kesfetti. Dans okulu a\u00e7ti ve simdi de kendine \u00f6grenciler ariyor. Koca Ayi, Masa ve Panda\u2019yi Domuz\u2019un derslerine g\u00f6ndermek istiyor. Muhtesem kost\u00fcmlerin ve sahne sovunun olacagi harika bir g\u00f6steri hazirliyor. Masa ve Panda da g\u00f6sterinin bas dans\u00e7ilari olacaklar. Yoksa Domuz\u2019un dans sovunu iki afacan mahvedecekler mi? Masa ile Koca Ayi\u2019nin yepyeni macerasini oku ve renkli \u00e7ikartmalarinla \u00f6yk\u00fcy\u00fc tamamla! Harika bir eglence seni bekliyor!<\/p>\n<p>\u00dcr\u00fcn Ad\u0131: Ma\u015fa \u0130le Koca Ay\u0131 Komik Masallar Dans Ate\u015fi<br \/>\u00dcr\u00fcn Kodu: 9786050951004<br \/>Bas\u0131m Y\u0131l\u0131: 2018.00000000<br \/>Kapak T\u00fcr\u00fc: Karton Kapak<br \/>Ka\u011f\u0131t Cinsi: 1. Hamur<br \/>\u00c7evirmen: Komisyon<\/p>\n","protected":false},"excerpt":{"rendered":"<p>Domuz yeni bir yetenegini kesfetti. Dans okulu a\u00e7ti ve simdi de kendine \u00f6grenciler ariyor. Koca Ayi, Masa ve Panda\u2019yi Domuz\u2019un derslerine g\u00f6ndermek istiyor. Muhtesem kost\u00fcmlerin ve sahne sovunun olacagi harika bir g\u00f6steri hazirliyor. Masa ve Panda da g\u00f6sterinin bas dans\u00e7ilari olacaklar. Yoksa Domuz\u2019un dans sovunu iki afacan mahvedecekler mi? Masa ile Koca Ayi\u2019nin yepyeni macerasini oku ve renkli \u00e7ikartmalarinla \u00f6yk\u00fcy\u00fc tamamla! Harika bir eglence seni bekliyor!<\/p>\n<p>\u00dcr\u00fcn Ad\u0131: Ma\u015fa \u0130le Koca Ay\u0131 Komik Masallar Dans Ate\u015fi<br \/>\u00dcr\u00fcn Kodu: 9786050951004<br \/>Bas\u0131m Y\u0131l\u0131: 2018.00000000<br \/>Kapak T\u00fcr\u00fc: Karton Kapak<br \/>Ka\u011f\u0131t Cinsi: 1. Hamur<br \/>\u00c7evirmen: Komisyon<\/p>\n","protected":false},"featured_media":14,"comment_status":"open","ping_status":"closed","template":"","meta":[],"product_brand":[],"product_cat":[18],"product_tag":[],"class_list":{"0":"post-210","1":"product","2":"type-product","3":"status-publish","4":"has-post-thumbnail","6":"product_cat-okul-oncesi","8":"first","9":"instock","10":"shipping-taxable","11":"purchasable","12":"product-type-simple"},"yoast_head":"<!-- This site is optimized with the Yoast SEO Premium plugin v24.5 (Yoast SEO v24.5) - https:\/\/yoast.com\/wordpress\/plugins\/seo\/ -->\n<title>Ma\u015fa \u0130le Koca Ay\u0131 Komik Masallar Dans Ate\u015fi - Demo Magaza<\/title>\n<meta name=\"robots\" content=\"index, follow, max-snippet:-1, max-image-preview:large, max-video-preview:-1\" \/>\n<link rel=\"canonical\" href=\"https:\/\/1dkka.com\/magaza2\/urun\/masa-ile-koca-ayi-komik-masallar-dans-atesi-6\/\" \/>\n<meta property=\"og:locale\" content=\"tr_TR\" \/>\n<meta property=\"og:type\" content=\"article\" \/>\n<meta property=\"og:title\" content=\"Ma\u015fa \u0130le Koca Ay\u0131 Komik Masallar Dans Ate\u015fi\" \/>\n<meta property=\"og:description\" content=\"Domuz yeni bir yetenegini kesfetti. Dans okulu a\u00e7ti ve simdi de kendine \u00f6grenciler ariyor. Koca Ayi, Masa ve Panda\u2019yi Domuz\u2019un derslerine g\u00f6ndermek istiyor. Muhtesem kost\u00fcmlerin ve sahne sovunun olacagi harika bir g\u00f6steri hazirliyor. Masa ve Panda da g\u00f6sterinin bas dans\u00e7ilari olacaklar. Yoksa Domuz\u2019un dans sovunu iki afacan mahvedecekler mi? Masa ile Koca Ayi\u2019nin yepyeni macerasini oku ve renkli \u00e7ikartmalarinla \u00f6yk\u00fcy\u00fc tamamla! Harika bir eglence seni bekliyor!\u00dcr\u00fcn Ad\u0131: Ma\u015fa \u0130le Koca Ay\u0131 Komik Masallar Dans Ate\u015fi\u00dcr\u00fcn Kodu: 9786050951004Bas\u0131m Y\u0131l\u0131: 2018.00000000Kapak T\u00fcr\u00fc: Karton KapakKa\u011f\u0131t Cinsi: 1. Hamur\u00c7evirmen: Komisyon\" \/>\n<meta property=\"og:url\" content=\"https:\/\/1dkka.com\/magaza2\/urun\/masa-ile-koca-ayi-komik-masallar-dans-atesi-6\/\" \/>\n<meta property=\"og:site_name\" content=\"Demo Magaza\" \/>\n<meta property=\"og:image\" content=\"https:\/\/1dkka.com\/magaza2\/wp-content\/uploads\/sites\/8\/2025\/03\/0403202567c76ec5a3c8b.jpeg\" \/>\n\t<meta property=\"og:image:width\" content=\"515\" \/>\n\t<meta property=\"og:image:height\" content=\"600\" \/>\n\t<meta property=\"og:image:type\" content=\"image\/jpeg\" \/>\n<meta name=\"twitter:card\" content=\"summary_large_image\" \/>\n<meta name=\"twitter:label1\" content=\"Tahmini okuma s\u00fcresi\" \/>\n\t<meta name=\"twitter:data1\" content=\"1 dakika\" \/>\n<script type=\"application\/ld+json\" class=\"yoast-schema-graph\">{\"@context\":\"https:\/\/schema.org\",\"@graph\":[{\"@type\":\"WebPage\",\"@id\":\"https:\/\/1dkka.com\/magaza2\/urun\/masa-ile-koca-ayi-komik-masallar-dans-atesi-6\/\",\"url\":\"https:\/\/1dkka.com\/magaza2\/urun\/masa-ile-koca-ayi-komik-masallar-dans-atesi-6\/\",\"name\":\"Ma\u015fa \u0130le Koca Ay\u0131 Komik Masallar Dans Ate\u015fi - Demo Magaza\",\"isPartOf\":{\"@id\":\"https:\/\/1dkka.com\/magaza2\/#website\"},\"primaryImageOfPage\":{\"@id\":\"https:\/\/1dkka.com\/magaza2\/urun\/masa-ile-koca-ayi-komik-masallar-dans-atesi-6\/#primaryimage\"},\"image\":{\"@id\":\"https:\/\/1dkka.com\/magaza2\/urun\/masa-ile-koca-ayi-komik-masallar-dans-atesi-6\/#primaryimage\"},\"thumbnailUrl\":\"https:\/\/1dkka.com\/magaza2\/wp-content\/uploads\/sites\/8\/2025\/03\/0403202567c76ec5a3c8b.jpeg\",\"datePublished\":\"2025-04-20T17:08:39+00:00\",\"breadcrumb\":{\"@id\":\"https:\/\/1dkka.com\/magaza2\/urun\/masa-ile-koca-ayi-komik-masallar-dans-atesi-6\/#breadcrumb\"},\"inLanguage\":\"tr\",\"potentialAction\":[{\"@type\":\"ReadAction\",\"target\":[\"https:\/\/1dkka.com\/magaza2\/urun\/masa-ile-koca-ayi-komik-masallar-dans-atesi-6\/\"]}]},{\"@type\":\"ImageObject\",\"inLanguage\":\"tr\",\"@id\":\"https:\/\/1dkka.com\/magaza2\/urun\/masa-ile-koca-ayi-komik-masallar-dans-atesi-6\/#primaryimage\",\"url\":\"https:\/\/1dkka.com\/magaza2\/wp-content\/uploads\/sites\/8\/2025\/03\/0403202567c76ec5a3c8b.jpeg\",\"contentUrl\":\"https:\/\/1dkka.com\/magaza2\/wp-content\/uploads\/sites\/8\/2025\/03\/0403202567c76ec5a3c8b.jpeg\",\"width\":515,\"height\":600},{\"@type\":\"BreadcrumbList\",\"@id\":\"https:\/\/1dkka.com\/magaza2\/urun\/masa-ile-koca-ayi-komik-masallar-dans-atesi-6\/#breadcrumb\",\"itemListElement\":[{\"@type\":\"ListItem\",\"position\":1,\"name\":\"Anasayfa\",\"item\":\"https:\/\/1dkka.com\/magaza2\/\"},{\"@type\":\"ListItem\",\"position\":2,\"name\":\"Ma\u011faza\",\"item\":\"https:\/\/1dkka.com\/magaza2\/\"},{\"@type\":\"ListItem\",\"position\":3,\"name\":\"Ma\u015fa \u0130le Koca Ay\u0131 Komik Masallar Dans Ate\u015fi\"}]},{\"@type\":\"WebSite\",\"@id\":\"https:\/\/1dkka.com\/magaza2\/#website\",\"url\":\"https:\/\/1dkka.com\/magaza2\/\",\"name\":\"Demo Magaza\",\"description\":\"Sanalmahalle.com\",\"potentialAction\":[{\"@type\":\"SearchAction\",\"target\":{\"@type\":\"EntryPoint\",\"urlTemplate\":\"https:\/\/1dkka.com\/magaza2\/?s={search_term_string}\"},\"query-input\":{\"@type\":\"PropertyValueSpecification\",\"valueRequired\":true,\"valueName\":\"search_term_string\"}}],\"inLanguage\":\"tr\"}]}<\/script>\n<!-- \/ Yoast SEO Premium plugin. -->","yoast_head_json":{"title":"Ma\u015fa \u0130le Koca Ay\u0131 Komik Masallar Dans Ate\u015fi - Demo Magaza","robots":{"index":"index","follow":"follow","max-snippet":"max-snippet:-1","max-image-preview":"max-image-preview:large","max-video-preview":"max-video-preview:-1"},"canonical":"https:\/\/1dkka.com\/magaza2\/urun\/masa-ile-koca-ayi-komik-masallar-dans-atesi-6\/","og_locale":"tr_TR","og_type":"article","og_title":"Ma\u015fa \u0130le Koca Ay\u0131 Komik Masallar Dans Ate\u015fi","og_description":"Domuz yeni bir yetenegini kesfetti. Dans okulu a\u00e7ti ve simdi de kendine \u00f6grenciler ariyor. Koca Ayi, Masa ve Panda\u2019yi Domuz\u2019un derslerine g\u00f6ndermek istiyor. Muhtesem kost\u00fcmlerin ve sahne sovunun olacagi harika bir g\u00f6steri hazirliyor. Masa ve Panda da g\u00f6sterinin bas dans\u00e7ilari olacaklar. Yoksa Domuz\u2019un dans sovunu iki afacan mahvedecekler mi? Masa ile Koca Ayi\u2019nin yepyeni macerasini oku ve renkli \u00e7ikartmalarinla \u00f6yk\u00fcy\u00fc tamamla! Harika bir eglence seni bekliyor!\u00dcr\u00fcn Ad\u0131: Ma\u015fa \u0130le Koca Ay\u0131 Komik Masallar Dans Ate\u015fi\u00dcr\u00fcn Kodu: 9786050951004Bas\u0131m Y\u0131l\u0131: 2018.00000000Kapak T\u00fcr\u00fc: Karton KapakKa\u011f\u0131t Cinsi: 1. Hamur\u00c7evirmen: Komisyon","og_url":"https:\/\/1dkka.com\/magaza2\/urun\/masa-ile-koca-ayi-komik-masallar-dans-atesi-6\/","og_site_name":"Demo Magaza","og_image":[{"width":515,"height":600,"url":"https:\/\/1dkka.com\/magaza2\/wp-content\/uploads\/sites\/8\/2025\/03\/0403202567c76ec5a3c8b.jpeg","type":"image\/jpeg"}],"twitter_card":"summary_large_image","twitter_misc":{"Tahmini okuma s\u00fcresi":"1 dakika"},"schema":{"@context":"https:\/\/schema.org","@graph":[{"@type":"WebPage","@id":"https:\/\/1dkka.com\/magaza2\/urun\/masa-ile-koca-ayi-komik-masallar-dans-atesi-6\/","url":"https:\/\/1dkka.com\/magaza2\/urun\/masa-ile-koca-ayi-komik-masallar-dans-atesi-6\/","name":"Ma\u015fa \u0130le Koca Ay\u0131 Komik Masallar Dans Ate\u015fi - Demo Magaza","isPartOf":{"@id":"https:\/\/1dkka.com\/magaza2\/#website"},"primaryImageOfPage":{"@id":"https:\/\/1dkka.com\/magaza2\/urun\/masa-ile-koca-ayi-komik-masallar-dans-atesi-6\/#primaryimage"},"image":{"@id":"https:\/\/1dkka.com\/magaza2\/urun\/masa-ile-koca-ayi-komik-masallar-dans-atesi-6\/#primaryimage"},"thumbnailUrl":"https:\/\/1dkka.com\/magaza2\/wp-content\/uploads\/sites\/8\/2025\/03\/0403202567c76ec5a3c8b.jpeg","datePublished":"2025-04-20T17:08:39+00:00","breadcrumb":{"@id":"https:\/\/1dkka.com\/magaza2\/urun\/masa-ile-koca-ayi-komik-masallar-dans-atesi-6\/#breadcrumb"},"inLanguage":"tr","potentialAction":[{"@type":"ReadAction","target":["https:\/\/1dkka.com\/magaza2\/urun\/masa-ile-koca-ayi-komik-masallar-dans-atesi-6\/"]}]},{"@type":"ImageObject","inLanguage":"tr","@id":"https:\/\/1dkka.com\/magaza2\/urun\/masa-ile-koca-ayi-komik-masallar-dans-atesi-6\/#primaryimage","url":"https:\/\/1dkka.com\/magaza2\/wp-content\/uploads\/sites\/8\/2025\/03\/0403202567c76ec5a3c8b.jpeg","contentUrl":"https:\/\/1dkka.com\/magaza2\/wp-content\/uploads\/sites\/8\/2025\/03\/0403202567c76ec5a3c8b.jpeg","width":515,"height":600},{"@type":"BreadcrumbList","@id":"https:\/\/1dkka.com\/magaza2\/urun\/masa-ile-koca-ayi-komik-masallar-dans-atesi-6\/#breadcrumb","itemListElement":[{"@type":"ListItem","position":1,"name":"Anasayfa","item":"https:\/\/1dkka.com\/magaza2\/"},{"@type":"ListItem","position":2,"name":"Ma\u011faza","item":"https:\/\/1dkka.com\/magaza2\/"},{"@type":"ListItem","position":3,"name":"Ma\u015fa \u0130le Koca Ay\u0131 Komik Masallar Dans Ate\u015fi"}]},{"@type":"WebSite","@id":"https:\/\/1dkka.com\/magaza2\/#website","url":"https:\/\/1dkka.com\/magaza2\/","name":"Demo Magaza","description":"Sanalmahalle.com","potentialAction":[{"@type":"SearchAction","target":{"@type":"EntryPoint","urlTemplate":"https:\/\/1dkka.com\/magaza2\/?s={search_term_string}"},"query-input":{"@type":"PropertyValueSpecification","valueRequired":true,"valueName":"search_term_string"}}],"inLanguage":"tr"}]}},"_links":{"self":[{"href":"https:\/\/1dkka.com\/magaza2\/wp-json\/wp\/v2\/product\/210","targetHints":{"allow":["GET"]}}],"collection":[{"href":"https:\/\/1dkka.com\/magaza2\/wp-json\/wp\/v2\/product"}],"about":[{"href":"https:\/\/1dkka.com\/magaza2\/wp-json\/wp\/v2\/types\/product"}],"replies":[{"embeddable":true,"href":"https:\/\/1dkka.com\/magaza2\/wp-json\/wp\/v2\/comments?post=210"}],"wp:featuredmedia":[{"embeddable":true,"href":"https:\/\/1dkka.com\/magaza2\/wp-json\/wp\/v2\/media\/14"}],"wp:attachment":[{"href":"https:\/\/1dkka.com\/magaza2\/wp-json\/wp\/v2\/media?parent=210"}],"wp:term":[{"taxonomy":"product_brand","embeddable":true,"href":"https:\/\/1dkka.com\/magaza2\/wp-json\/wp\/v2\/product_brand?post=210"},{"taxonomy":"product_cat","embeddable":true,"href":"https:\/\/1dkka.com\/magaza2\/wp-json\/wp\/v2\/product_cat?post=210"},{"taxonomy":"product_tag","embeddable":true,"href":"https:\/\/1dkka.com\/magaza2\/wp-json\/wp\/v2\/product_tag?post=210"}],"curies":[{"name":"wp","href":"https:\/\/api.w.org\/{rel}","templated":true}]}}