{"id":209,"date":"2025-04-20T20:08:38","date_gmt":"2025-04-20T17:08:38","guid":{"rendered":"https:\/\/1dkka.com\/magaza2\/urun\/eyvah-penguenlerin-soyu-tukeniyor-6\/"},"modified":"2025-04-20T20:08:38","modified_gmt":"2025-04-20T17:08:38","slug":"eyvah-penguenlerin-soyu-tukeniyor-6","status":"publish","type":"product","link":"https:\/\/1dkka.com\/magaza2\/urun\/eyvah-penguenlerin-soyu-tukeniyor-6\/","title":{"rendered":"Eyvah Penguenlerin Soyu T\u00fckeniyor"},"content":{"rendered":"<p>K\u00fcresel isinmanin zararlarini bir de hayvanlarin agzindan dinlemeye ne dersin?<\/p>\n<p>Yavru penguen Paytak, Antarktika&#8217;daki hayatinin daha ilk g\u00fcnlerinde aci ger\u00e7ekle y\u00fczlesir:<\/p>\n<p>Penguen irkinin gelecegi, k\u00fcresel isinma ve avcilar y\u00fcz\u00fcnden tehlike altindadir. Buzullar erimekte, sular y\u00fckselmektedir. Baliklarin sayisi da azalmaya baslayinca, annesi yiyecek bulmak i\u00e7in uzaklara gitmek zorunda kalir. Ancak Paytak&#8217;in sorunlari bununla bitmez; avcilar kolonilerinin yerini bulunca babasi ile de yollari ayrilir. Artik diger yavru penguenlerle bir basina kalmistir.<\/p>\n<p>Paytak ve arkadaslarinin babalarini bulmak i\u00e7in \u00e7iktiklari yolculuk, kendileri gibi k\u00fcresel isinma tehdidi altindaki hayvanlara yardim etmelerine ve beklenmedik dostlar edinmelerine olanak saglayacaktir. Bakalim Paytak, bu yolculugu umudunu kaybetmeden tamamlayabilecek midir?<\/p>\n<p>\u00dcr\u00fcn Ad\u0131: Eyvah Penguenlerin Soyu T\u00fckeniyor <br \/>\u00dcr\u00fcn Kodu: 9786050950946<br \/>Bas\u0131m Y\u0131l\u0131: 2018.00000000<br \/>Kapak T\u00fcr\u00fc: Karton Kapak<br \/>Ka\u011f\u0131t Cinsi: 2. Hamur<br \/>\u00c7evirmen: Gamze Pat<\/p>\n","protected":false},"excerpt":{"rendered":"<p>K\u00fcresel isinmanin zararlarini bir de hayvanlarin agzindan dinlemeye ne dersin?<\/p>\n<p>Yavru penguen Paytak, Antarktika&#8217;daki hayatinin daha ilk g\u00fcnlerinde aci ger\u00e7ekle y\u00fczlesir:<\/p>\n<p>Penguen irkinin gelecegi, k\u00fcresel isinma ve avcilar y\u00fcz\u00fcnden tehlike altindadir. Buzullar erimekte, sular y\u00fckselmektedir. Baliklarin sayisi da azalmaya baslayinca, annesi yiyecek bulmak i\u00e7in uzaklara gitmek zorunda kalir. Ancak Paytak&#8217;in sorunlari bununla bitmez; avcilar kolonilerinin yerini bulunca babasi ile de yollari ayrilir. Artik diger yavru penguenlerle bir basina kalmistir.<\/p>\n<p>Paytak ve arkadaslarinin babalarini bulmak i\u00e7in \u00e7iktiklari yolculuk, kendileri gibi k\u00fcresel isinma tehdidi altindaki hayvanlara yardim etmelerine ve beklenmedik dostlar edinmelerine olanak saglayacaktir. Bakalim Paytak, bu yolculugu umudunu kaybetmeden tamamlayabilecek midir?<\/p>\n<p>\u00dcr\u00fcn Ad\u0131: Eyvah Penguenlerin Soyu T\u00fckeniyor <br \/>\u00dcr\u00fcn Kodu: 9786050950946<br \/>Bas\u0131m Y\u0131l\u0131: 2018.00000000<br \/>Kapak T\u00fcr\u00fc: Karton Kapak<br \/>Ka\u011f\u0131t Cinsi: 2. Hamur<br \/>\u00c7evirmen: Gamze Pat<\/p>\n","protected":false},"featured_media":12,"comment_status":"open","ping_status":"closed","template":"","meta":[],"product_brand":[],"product_cat":[17],"product_tag":[],"class_list":{"0":"post-209","1":"product","2":"type-product","3":"status-publish","4":"has-post-thumbnail","6":"product_cat-roman","8":"first","9":"instock","10":"shipping-taxable","11":"purchasable","12":"product-type-simple"},"yoast_head":"<!-- This site is optimized with the Yoast SEO Premium plugin v24.5 (Yoast SEO v24.5) - https:\/\/yoast.com\/wordpress\/plugins\/seo\/ -->\n<title>Eyvah Penguenlerin Soyu T\u00fckeniyor - Demo Magaza<\/title>\n<meta name=\"robots\" content=\"index, follow, max-snippet:-1, max-image-preview:large, max-video-preview:-1\" \/>\n<link rel=\"canonical\" href=\"https:\/\/1dkka.com\/magaza2\/urun\/eyvah-penguenlerin-soyu-tukeniyor-6\/\" \/>\n<meta property=\"og:locale\" content=\"tr_TR\" \/>\n<meta property=\"og:type\" content=\"article\" \/>\n<meta property=\"og:title\" content=\"Eyvah Penguenlerin Soyu T\u00fckeniyor\" \/>\n<meta property=\"og:description\" content=\"K\u00fcresel isinmanin zararlarini bir de hayvanlarin agzindan dinlemeye ne dersin? Yavru penguen Paytak, Antarktika&#039;daki hayatinin daha ilk g\u00fcnlerinde aci ger\u00e7ekle y\u00fczlesir: Penguen irkinin gelecegi, k\u00fcresel isinma ve avcilar y\u00fcz\u00fcnden tehlike altindadir. Buzullar erimekte, sular y\u00fckselmektedir. Baliklarin sayisi da azalmaya baslayinca, annesi yiyecek bulmak i\u00e7in uzaklara gitmek zorunda kalir. Ancak Paytak&#039;in sorunlari bununla bitmez; avcilar kolonilerinin yerini bulunca babasi ile de yollari ayrilir. Artik diger yavru penguenlerle bir basina kalmistir. Paytak ve arkadaslarinin babalarini bulmak i\u00e7in \u00e7iktiklari yolculuk, kendileri gibi k\u00fcresel isinma tehdidi altindaki hayvanlara yardim etmelerine ve beklenmedik dostlar edinmelerine olanak saglayacaktir. Bakalim Paytak, bu yolculugu umudunu kaybetmeden tamamlayabilecek midir?\u00dcr\u00fcn Ad\u0131: Eyvah Penguenlerin Soyu T\u00fckeniyor \u00dcr\u00fcn Kodu: 9786050950946Bas\u0131m Y\u0131l\u0131: 2018.00000000Kapak T\u00fcr\u00fc: Karton KapakKa\u011f\u0131t Cinsi: 2. Hamur\u00c7evirmen: Gamze Pat\" \/>\n<meta property=\"og:url\" content=\"https:\/\/1dkka.com\/magaza2\/urun\/eyvah-penguenlerin-soyu-tukeniyor-6\/\" \/>\n<meta property=\"og:site_name\" content=\"Demo Magaza\" \/>\n<meta property=\"og:image\" content=\"https:\/\/1dkka.com\/magaza2\/wp-content\/uploads\/sites\/8\/2025\/03\/0403202567c76ec482051.jpeg\" \/>\n\t<meta property=\"og:image:width\" content=\"493\" \/>\n\t<meta property=\"og:image:height\" content=\"600\" \/>\n\t<meta property=\"og:image:type\" content=\"image\/jpeg\" \/>\n<meta name=\"twitter:card\" content=\"summary_large_image\" \/>\n<meta name=\"twitter:label1\" content=\"Tahmini okuma s\u00fcresi\" \/>\n\t<meta name=\"twitter:data1\" content=\"1 dakika\" \/>\n<script type=\"application\/ld+json\" class=\"yoast-schema-graph\">{\"@context\":\"https:\/\/schema.org\",\"@graph\":[{\"@type\":\"WebPage\",\"@id\":\"https:\/\/1dkka.com\/magaza2\/urun\/eyvah-penguenlerin-soyu-tukeniyor-6\/\",\"url\":\"https:\/\/1dkka.com\/magaza2\/urun\/eyvah-penguenlerin-soyu-tukeniyor-6\/\",\"name\":\"Eyvah Penguenlerin Soyu T\u00fckeniyor - Demo Magaza\",\"isPartOf\":{\"@id\":\"https:\/\/1dkka.com\/magaza2\/#website\"},\"primaryImageOfPage\":{\"@id\":\"https:\/\/1dkka.com\/magaza2\/urun\/eyvah-penguenlerin-soyu-tukeniyor-6\/#primaryimage\"},\"image\":{\"@id\":\"https:\/\/1dkka.com\/magaza2\/urun\/eyvah-penguenlerin-soyu-tukeniyor-6\/#primaryimage\"},\"thumbnailUrl\":\"https:\/\/1dkka.com\/magaza2\/wp-content\/uploads\/sites\/8\/2025\/03\/0403202567c76ec482051.jpeg\",\"datePublished\":\"2025-04-20T17:08:38+00:00\",\"breadcrumb\":{\"@id\":\"https:\/\/1dkka.com\/magaza2\/urun\/eyvah-penguenlerin-soyu-tukeniyor-6\/#breadcrumb\"},\"inLanguage\":\"tr\",\"potentialAction\":[{\"@type\":\"ReadAction\",\"target\":[\"https:\/\/1dkka.com\/magaza2\/urun\/eyvah-penguenlerin-soyu-tukeniyor-6\/\"]}]},{\"@type\":\"ImageObject\",\"inLanguage\":\"tr\",\"@id\":\"https:\/\/1dkka.com\/magaza2\/urun\/eyvah-penguenlerin-soyu-tukeniyor-6\/#primaryimage\",\"url\":\"https:\/\/1dkka.com\/magaza2\/wp-content\/uploads\/sites\/8\/2025\/03\/0403202567c76ec482051.jpeg\",\"contentUrl\":\"https:\/\/1dkka.com\/magaza2\/wp-content\/uploads\/sites\/8\/2025\/03\/0403202567c76ec482051.jpeg\",\"width\":493,\"height\":600},{\"@type\":\"BreadcrumbList\",\"@id\":\"https:\/\/1dkka.com\/magaza2\/urun\/eyvah-penguenlerin-soyu-tukeniyor-6\/#breadcrumb\",\"itemListElement\":[{\"@type\":\"ListItem\",\"position\":1,\"name\":\"Anasayfa\",\"item\":\"https:\/\/1dkka.com\/magaza2\/\"},{\"@type\":\"ListItem\",\"position\":2,\"name\":\"Ma\u011faza\",\"item\":\"https:\/\/1dkka.com\/magaza2\/\"},{\"@type\":\"ListItem\",\"position\":3,\"name\":\"Eyvah Penguenlerin Soyu T\u00fckeniyor\"}]},{\"@type\":\"WebSite\",\"@id\":\"https:\/\/1dkka.com\/magaza2\/#website\",\"url\":\"https:\/\/1dkka.com\/magaza2\/\",\"name\":\"Demo Magaza\",\"description\":\"Sanalmahalle.com\",\"potentialAction\":[{\"@type\":\"SearchAction\",\"target\":{\"@type\":\"EntryPoint\",\"urlTemplate\":\"https:\/\/1dkka.com\/magaza2\/?s={search_term_string}\"},\"query-input\":{\"@type\":\"PropertyValueSpecification\",\"valueRequired\":true,\"valueName\":\"search_term_string\"}}],\"inLanguage\":\"tr\"}]}<\/script>\n<!-- \/ Yoast SEO Premium plugin. -->","yoast_head_json":{"title":"Eyvah Penguenlerin Soyu T\u00fckeniyor - Demo Magaza","robots":{"index":"index","follow":"follow","max-snippet":"max-snippet:-1","max-image-preview":"max-image-preview:large","max-video-preview":"max-video-preview:-1"},"canonical":"https:\/\/1dkka.com\/magaza2\/urun\/eyvah-penguenlerin-soyu-tukeniyor-6\/","og_locale":"tr_TR","og_type":"article","og_title":"Eyvah Penguenlerin Soyu T\u00fckeniyor","og_description":"K\u00fcresel isinmanin zararlarini bir de hayvanlarin agzindan dinlemeye ne dersin? Yavru penguen Paytak, Antarktika'daki hayatinin daha ilk g\u00fcnlerinde aci ger\u00e7ekle y\u00fczlesir: Penguen irkinin gelecegi, k\u00fcresel isinma ve avcilar y\u00fcz\u00fcnden tehlike altindadir. Buzullar erimekte, sular y\u00fckselmektedir. Baliklarin sayisi da azalmaya baslayinca, annesi yiyecek bulmak i\u00e7in uzaklara gitmek zorunda kalir. Ancak Paytak'in sorunlari bununla bitmez; avcilar kolonilerinin yerini bulunca babasi ile de yollari ayrilir. Artik diger yavru penguenlerle bir basina kalmistir. Paytak ve arkadaslarinin babalarini bulmak i\u00e7in \u00e7iktiklari yolculuk, kendileri gibi k\u00fcresel isinma tehdidi altindaki hayvanlara yardim etmelerine ve beklenmedik dostlar edinmelerine olanak saglayacaktir. Bakalim Paytak, bu yolculugu umudunu kaybetmeden tamamlayabilecek midir?\u00dcr\u00fcn Ad\u0131: Eyvah Penguenlerin Soyu T\u00fckeniyor \u00dcr\u00fcn Kodu: 9786050950946Bas\u0131m Y\u0131l\u0131: 2018.00000000Kapak T\u00fcr\u00fc: Karton KapakKa\u011f\u0131t Cinsi: 2. Hamur\u00c7evirmen: Gamze Pat","og_url":"https:\/\/1dkka.com\/magaza2\/urun\/eyvah-penguenlerin-soyu-tukeniyor-6\/","og_site_name":"Demo Magaza","og_image":[{"width":493,"height":600,"url":"https:\/\/1dkka.com\/magaza2\/wp-content\/uploads\/sites\/8\/2025\/03\/0403202567c76ec482051.jpeg","type":"image\/jpeg"}],"twitter_card":"summary_large_image","twitter_misc":{"Tahmini okuma s\u00fcresi":"1 dakika"},"schema":{"@context":"https:\/\/schema.org","@graph":[{"@type":"WebPage","@id":"https:\/\/1dkka.com\/magaza2\/urun\/eyvah-penguenlerin-soyu-tukeniyor-6\/","url":"https:\/\/1dkka.com\/magaza2\/urun\/eyvah-penguenlerin-soyu-tukeniyor-6\/","name":"Eyvah Penguenlerin Soyu T\u00fckeniyor - Demo Magaza","isPartOf":{"@id":"https:\/\/1dkka.com\/magaza2\/#website"},"primaryImageOfPage":{"@id":"https:\/\/1dkka.com\/magaza2\/urun\/eyvah-penguenlerin-soyu-tukeniyor-6\/#primaryimage"},"image":{"@id":"https:\/\/1dkka.com\/magaza2\/urun\/eyvah-penguenlerin-soyu-tukeniyor-6\/#primaryimage"},"thumbnailUrl":"https:\/\/1dkka.com\/magaza2\/wp-content\/uploads\/sites\/8\/2025\/03\/0403202567c76ec482051.jpeg","datePublished":"2025-04-20T17:08:38+00:00","breadcrumb":{"@id":"https:\/\/1dkka.com\/magaza2\/urun\/eyvah-penguenlerin-soyu-tukeniyor-6\/#breadcrumb"},"inLanguage":"tr","potentialAction":[{"@type":"ReadAction","target":["https:\/\/1dkka.com\/magaza2\/urun\/eyvah-penguenlerin-soyu-tukeniyor-6\/"]}]},{"@type":"ImageObject","inLanguage":"tr","@id":"https:\/\/1dkka.com\/magaza2\/urun\/eyvah-penguenlerin-soyu-tukeniyor-6\/#primaryimage","url":"https:\/\/1dkka.com\/magaza2\/wp-content\/uploads\/sites\/8\/2025\/03\/0403202567c76ec482051.jpeg","contentUrl":"https:\/\/1dkka.com\/magaza2\/wp-content\/uploads\/sites\/8\/2025\/03\/0403202567c76ec482051.jpeg","width":493,"height":600},{"@type":"BreadcrumbList","@id":"https:\/\/1dkka.com\/magaza2\/urun\/eyvah-penguenlerin-soyu-tukeniyor-6\/#breadcrumb","itemListElement":[{"@type":"ListItem","position":1,"name":"Anasayfa","item":"https:\/\/1dkka.com\/magaza2\/"},{"@type":"ListItem","position":2,"name":"Ma\u011faza","item":"https:\/\/1dkka.com\/magaza2\/"},{"@type":"ListItem","position":3,"name":"Eyvah Penguenlerin Soyu T\u00fckeniyor"}]},{"@type":"WebSite","@id":"https:\/\/1dkka.com\/magaza2\/#website","url":"https:\/\/1dkka.com\/magaza2\/","name":"Demo Magaza","description":"Sanalmahalle.com","potentialAction":[{"@type":"SearchAction","target":{"@type":"EntryPoint","urlTemplate":"https:\/\/1dkka.com\/magaza2\/?s={search_term_string}"},"query-input":{"@type":"PropertyValueSpecification","valueRequired":true,"valueName":"search_term_string"}}],"inLanguage":"tr"}]}},"_links":{"self":[{"href":"https:\/\/1dkka.com\/magaza2\/wp-json\/wp\/v2\/product\/209","targetHints":{"allow":["GET"]}}],"collection":[{"href":"https:\/\/1dkka.com\/magaza2\/wp-json\/wp\/v2\/product"}],"about":[{"href":"https:\/\/1dkka.com\/magaza2\/wp-json\/wp\/v2\/types\/product"}],"replies":[{"embeddable":true,"href":"https:\/\/1dkka.com\/magaza2\/wp-json\/wp\/v2\/comments?post=209"}],"wp:featuredmedia":[{"embeddable":true,"href":"https:\/\/1dkka.com\/magaza2\/wp-json\/wp\/v2\/media\/12"}],"wp:attachment":[{"href":"https:\/\/1dkka.com\/magaza2\/wp-json\/wp\/v2\/media?parent=209"}],"wp:term":[{"taxonomy":"product_brand","embeddable":true,"href":"https:\/\/1dkka.com\/magaza2\/wp-json\/wp\/v2\/product_brand?post=209"},{"taxonomy":"product_cat","embeddable":true,"href":"https:\/\/1dkka.com\/magaza2\/wp-json\/wp\/v2\/product_cat?post=209"},{"taxonomy":"product_tag","embeddable":true,"href":"https:\/\/1dkka.com\/magaza2\/wp-json\/wp\/v2\/product_tag?post=209"}],"curies":[{"name":"wp","href":"https:\/\/api.w.org\/{rel}","templated":true}]}}