{"id":208,"date":"2025-04-13T16:54:56","date_gmt":"2025-04-13T13:54:56","guid":{"rendered":"https:\/\/1dkka.com\/magaza2\/urun\/disney-vampirina-bir-vampirin-portresi-boya-oku-yapistir-5\/"},"modified":"2025-04-13T16:54:56","modified_gmt":"2025-04-13T13:54:56","slug":"disney-vampirina-bir-vampirin-portresi-boya-oku-yapistir-5","status":"publish","type":"product","link":"https:\/\/1dkka.com\/magaza2\/urun\/disney-vampirina-bir-vampirin-portresi-boya-oku-yapistir-5\/","title":{"rendered":"Disney Vampirina Bir Vampirin Portresi Boya Oku Yap\u0131\u015ft\u0131r"},"content":{"rendered":"<p>Vampirina ile sira disi bir maceraya atil! Arkadas canlisi Vee ve arkadaslarinin bu eglenceli \u00f6yk\u00fcs\u00fcn\u00fc okurken en sevdigin karakterleri boya veya sahneleri \u00e7ikartmalarla tamamla.<\/p>\n<p>\u00dcr\u00fcn Ad\u0131: Disney Vampirina Bir Vampirin Portresi Boya Oku Yap\u0131\u015ft\u0131r<br \/>\u00dcr\u00fcn Kodu: 9786050951240<br \/>Bas\u0131m Y\u0131l\u0131: 2018.00000000<br \/>Kapak T\u00fcr\u00fc: Karton Kapak<br \/>Ka\u011f\u0131t Cinsi: 1. Hamur<br \/>\u00c7evirmen: Komisyon<\/p>\n","protected":false},"excerpt":{"rendered":"<p>Vampirina ile sira disi bir maceraya atil! Arkadas canlisi Vee ve arkadaslarinin bu eglenceli \u00f6yk\u00fcs\u00fcn\u00fc okurken en sevdigin karakterleri boya veya sahneleri \u00e7ikartmalarla tamamla.<\/p>\n<p>\u00dcr\u00fcn Ad\u0131: Disney Vampirina Bir Vampirin Portresi Boya Oku Yap\u0131\u015ft\u0131r<br \/>\u00dcr\u00fcn Kodu: 9786050951240<br \/>Bas\u0131m Y\u0131l\u0131: 2018.00000000<br \/>Kapak T\u00fcr\u00fc: Karton Kapak<br \/>Ka\u011f\u0131t Cinsi: 1. Hamur<br \/>\u00c7evirmen: Komisyon<\/p>\n","protected":false},"featured_media":44,"comment_status":"open","ping_status":"closed","template":"","meta":[],"product_brand":[],"product_cat":[18],"product_tag":[],"class_list":{"0":"post-208","1":"product","2":"type-product","3":"status-publish","4":"has-post-thumbnail","6":"product_cat-okul-oncesi","8":"first","9":"instock","10":"shipping-taxable","11":"purchasable","12":"product-type-simple"},"yoast_head":"<!-- This site is optimized with the Yoast SEO Premium plugin v24.5 (Yoast SEO v24.5) - https:\/\/yoast.com\/wordpress\/plugins\/seo\/ -->\n<title>Disney Vampirina Bir Vampirin Portresi Boya Oku Yap\u0131\u015ft\u0131r - Demo Magaza<\/title>\n<meta name=\"robots\" content=\"index, follow, max-snippet:-1, max-image-preview:large, max-video-preview:-1\" \/>\n<link rel=\"canonical\" href=\"https:\/\/1dkka.com\/magaza2\/urun\/disney-vampirina-bir-vampirin-portresi-boya-oku-yapistir-5\/\" \/>\n<meta property=\"og:locale\" content=\"tr_TR\" \/>\n<meta property=\"og:type\" content=\"article\" \/>\n<meta property=\"og:title\" content=\"Disney Vampirina Bir Vampirin Portresi Boya Oku Yap\u0131\u015ft\u0131r\" \/>\n<meta property=\"og:description\" content=\"Vampirina ile sira disi bir maceraya atil! Arkadas canlisi Vee ve arkadaslarinin bu eglenceli \u00f6yk\u00fcs\u00fcn\u00fc okurken en sevdigin karakterleri boya veya sahneleri \u00e7ikartmalarla tamamla.\u00dcr\u00fcn Ad\u0131: Disney Vampirina Bir Vampirin Portresi Boya Oku Yap\u0131\u015ft\u0131r\u00dcr\u00fcn Kodu: 9786050951240Bas\u0131m Y\u0131l\u0131: 2018.00000000Kapak T\u00fcr\u00fc: Karton KapakKa\u011f\u0131t Cinsi: 1. Hamur\u00c7evirmen: Komisyon\" \/>\n<meta property=\"og:url\" content=\"https:\/\/1dkka.com\/magaza2\/urun\/disney-vampirina-bir-vampirin-portresi-boya-oku-yapistir-5\/\" \/>\n<meta property=\"og:site_name\" content=\"Demo Magaza\" \/>\n<meta property=\"og:image\" content=\"https:\/\/1dkka.com\/magaza2\/wp-content\/uploads\/sites\/8\/2025\/03\/0403202567c76ed195920.jpeg\" \/>\n\t<meta property=\"og:image:width\" content=\"512\" \/>\n\t<meta property=\"og:image:height\" content=\"600\" \/>\n\t<meta property=\"og:image:type\" content=\"image\/jpeg\" \/>\n<meta name=\"twitter:card\" content=\"summary_large_image\" \/>\n<script type=\"application\/ld+json\" class=\"yoast-schema-graph\">{\"@context\":\"https:\/\/schema.org\",\"@graph\":[{\"@type\":\"WebPage\",\"@id\":\"https:\/\/1dkka.com\/magaza2\/urun\/disney-vampirina-bir-vampirin-portresi-boya-oku-yapistir-5\/\",\"url\":\"https:\/\/1dkka.com\/magaza2\/urun\/disney-vampirina-bir-vampirin-portresi-boya-oku-yapistir-5\/\",\"name\":\"Disney Vampirina Bir Vampirin Portresi Boya Oku Yap\u0131\u015ft\u0131r - Demo Magaza\",\"isPartOf\":{\"@id\":\"https:\/\/1dkka.com\/magaza2\/#website\"},\"primaryImageOfPage\":{\"@id\":\"https:\/\/1dkka.com\/magaza2\/urun\/disney-vampirina-bir-vampirin-portresi-boya-oku-yapistir-5\/#primaryimage\"},\"image\":{\"@id\":\"https:\/\/1dkka.com\/magaza2\/urun\/disney-vampirina-bir-vampirin-portresi-boya-oku-yapistir-5\/#primaryimage\"},\"thumbnailUrl\":\"https:\/\/1dkka.com\/magaza2\/wp-content\/uploads\/sites\/8\/2025\/03\/0403202567c76ed195920.jpeg\",\"datePublished\":\"2025-04-13T13:54:56+00:00\",\"breadcrumb\":{\"@id\":\"https:\/\/1dkka.com\/magaza2\/urun\/disney-vampirina-bir-vampirin-portresi-boya-oku-yapistir-5\/#breadcrumb\"},\"inLanguage\":\"tr\",\"potentialAction\":[{\"@type\":\"ReadAction\",\"target\":[\"https:\/\/1dkka.com\/magaza2\/urun\/disney-vampirina-bir-vampirin-portresi-boya-oku-yapistir-5\/\"]}]},{\"@type\":\"ImageObject\",\"inLanguage\":\"tr\",\"@id\":\"https:\/\/1dkka.com\/magaza2\/urun\/disney-vampirina-bir-vampirin-portresi-boya-oku-yapistir-5\/#primaryimage\",\"url\":\"https:\/\/1dkka.com\/magaza2\/wp-content\/uploads\/sites\/8\/2025\/03\/0403202567c76ed195920.jpeg\",\"contentUrl\":\"https:\/\/1dkka.com\/magaza2\/wp-content\/uploads\/sites\/8\/2025\/03\/0403202567c76ed195920.jpeg\",\"width\":512,\"height\":600},{\"@type\":\"BreadcrumbList\",\"@id\":\"https:\/\/1dkka.com\/magaza2\/urun\/disney-vampirina-bir-vampirin-portresi-boya-oku-yapistir-5\/#breadcrumb\",\"itemListElement\":[{\"@type\":\"ListItem\",\"position\":1,\"name\":\"Anasayfa\",\"item\":\"https:\/\/1dkka.com\/magaza2\/\"},{\"@type\":\"ListItem\",\"position\":2,\"name\":\"Ma\u011faza\",\"item\":\"https:\/\/1dkka.com\/magaza2\/\"},{\"@type\":\"ListItem\",\"position\":3,\"name\":\"Disney Vampirina Bir Vampirin Portresi Boya Oku Yap\u0131\u015ft\u0131r\"}]},{\"@type\":\"WebSite\",\"@id\":\"https:\/\/1dkka.com\/magaza2\/#website\",\"url\":\"https:\/\/1dkka.com\/magaza2\/\",\"name\":\"Demo Magaza\",\"description\":\"Sanalmahalle.com\",\"potentialAction\":[{\"@type\":\"SearchAction\",\"target\":{\"@type\":\"EntryPoint\",\"urlTemplate\":\"https:\/\/1dkka.com\/magaza2\/?s={search_term_string}\"},\"query-input\":{\"@type\":\"PropertyValueSpecification\",\"valueRequired\":true,\"valueName\":\"search_term_string\"}}],\"inLanguage\":\"tr\"}]}<\/script>\n<!-- \/ Yoast SEO Premium plugin. -->","yoast_head_json":{"title":"Disney Vampirina Bir Vampirin Portresi Boya Oku Yap\u0131\u015ft\u0131r - Demo Magaza","robots":{"index":"index","follow":"follow","max-snippet":"max-snippet:-1","max-image-preview":"max-image-preview:large","max-video-preview":"max-video-preview:-1"},"canonical":"https:\/\/1dkka.com\/magaza2\/urun\/disney-vampirina-bir-vampirin-portresi-boya-oku-yapistir-5\/","og_locale":"tr_TR","og_type":"article","og_title":"Disney Vampirina Bir Vampirin Portresi Boya Oku Yap\u0131\u015ft\u0131r","og_description":"Vampirina ile sira disi bir maceraya atil! Arkadas canlisi Vee ve arkadaslarinin bu eglenceli \u00f6yk\u00fcs\u00fcn\u00fc okurken en sevdigin karakterleri boya veya sahneleri \u00e7ikartmalarla tamamla.\u00dcr\u00fcn Ad\u0131: Disney Vampirina Bir Vampirin Portresi Boya Oku Yap\u0131\u015ft\u0131r\u00dcr\u00fcn Kodu: 9786050951240Bas\u0131m Y\u0131l\u0131: 2018.00000000Kapak T\u00fcr\u00fc: Karton KapakKa\u011f\u0131t Cinsi: 1. Hamur\u00c7evirmen: Komisyon","og_url":"https:\/\/1dkka.com\/magaza2\/urun\/disney-vampirina-bir-vampirin-portresi-boya-oku-yapistir-5\/","og_site_name":"Demo Magaza","og_image":[{"width":512,"height":600,"url":"https:\/\/1dkka.com\/magaza2\/wp-content\/uploads\/sites\/8\/2025\/03\/0403202567c76ed195920.jpeg","type":"image\/jpeg"}],"twitter_card":"summary_large_image","schema":{"@context":"https:\/\/schema.org","@graph":[{"@type":"WebPage","@id":"https:\/\/1dkka.com\/magaza2\/urun\/disney-vampirina-bir-vampirin-portresi-boya-oku-yapistir-5\/","url":"https:\/\/1dkka.com\/magaza2\/urun\/disney-vampirina-bir-vampirin-portresi-boya-oku-yapistir-5\/","name":"Disney Vampirina Bir Vampirin Portresi Boya Oku Yap\u0131\u015ft\u0131r - Demo Magaza","isPartOf":{"@id":"https:\/\/1dkka.com\/magaza2\/#website"},"primaryImageOfPage":{"@id":"https:\/\/1dkka.com\/magaza2\/urun\/disney-vampirina-bir-vampirin-portresi-boya-oku-yapistir-5\/#primaryimage"},"image":{"@id":"https:\/\/1dkka.com\/magaza2\/urun\/disney-vampirina-bir-vampirin-portresi-boya-oku-yapistir-5\/#primaryimage"},"thumbnailUrl":"https:\/\/1dkka.com\/magaza2\/wp-content\/uploads\/sites\/8\/2025\/03\/0403202567c76ed195920.jpeg","datePublished":"2025-04-13T13:54:56+00:00","breadcrumb":{"@id":"https:\/\/1dkka.com\/magaza2\/urun\/disney-vampirina-bir-vampirin-portresi-boya-oku-yapistir-5\/#breadcrumb"},"inLanguage":"tr","potentialAction":[{"@type":"ReadAction","target":["https:\/\/1dkka.com\/magaza2\/urun\/disney-vampirina-bir-vampirin-portresi-boya-oku-yapistir-5\/"]}]},{"@type":"ImageObject","inLanguage":"tr","@id":"https:\/\/1dkka.com\/magaza2\/urun\/disney-vampirina-bir-vampirin-portresi-boya-oku-yapistir-5\/#primaryimage","url":"https:\/\/1dkka.com\/magaza2\/wp-content\/uploads\/sites\/8\/2025\/03\/0403202567c76ed195920.jpeg","contentUrl":"https:\/\/1dkka.com\/magaza2\/wp-content\/uploads\/sites\/8\/2025\/03\/0403202567c76ed195920.jpeg","width":512,"height":600},{"@type":"BreadcrumbList","@id":"https:\/\/1dkka.com\/magaza2\/urun\/disney-vampirina-bir-vampirin-portresi-boya-oku-yapistir-5\/#breadcrumb","itemListElement":[{"@type":"ListItem","position":1,"name":"Anasayfa","item":"https:\/\/1dkka.com\/magaza2\/"},{"@type":"ListItem","position":2,"name":"Ma\u011faza","item":"https:\/\/1dkka.com\/magaza2\/"},{"@type":"ListItem","position":3,"name":"Disney Vampirina Bir Vampirin Portresi Boya Oku Yap\u0131\u015ft\u0131r"}]},{"@type":"WebSite","@id":"https:\/\/1dkka.com\/magaza2\/#website","url":"https:\/\/1dkka.com\/magaza2\/","name":"Demo Magaza","description":"Sanalmahalle.com","potentialAction":[{"@type":"SearchAction","target":{"@type":"EntryPoint","urlTemplate":"https:\/\/1dkka.com\/magaza2\/?s={search_term_string}"},"query-input":{"@type":"PropertyValueSpecification","valueRequired":true,"valueName":"search_term_string"}}],"inLanguage":"tr"}]}},"_links":{"self":[{"href":"https:\/\/1dkka.com\/magaza2\/wp-json\/wp\/v2\/product\/208","targetHints":{"allow":["GET"]}}],"collection":[{"href":"https:\/\/1dkka.com\/magaza2\/wp-json\/wp\/v2\/product"}],"about":[{"href":"https:\/\/1dkka.com\/magaza2\/wp-json\/wp\/v2\/types\/product"}],"replies":[{"embeddable":true,"href":"https:\/\/1dkka.com\/magaza2\/wp-json\/wp\/v2\/comments?post=208"}],"wp:featuredmedia":[{"embeddable":true,"href":"https:\/\/1dkka.com\/magaza2\/wp-json\/wp\/v2\/media\/44"}],"wp:attachment":[{"href":"https:\/\/1dkka.com\/magaza2\/wp-json\/wp\/v2\/media?parent=208"}],"wp:term":[{"taxonomy":"product_brand","embeddable":true,"href":"https:\/\/1dkka.com\/magaza2\/wp-json\/wp\/v2\/product_brand?post=208"},{"taxonomy":"product_cat","embeddable":true,"href":"https:\/\/1dkka.com\/magaza2\/wp-json\/wp\/v2\/product_cat?post=208"},{"taxonomy":"product_tag","embeddable":true,"href":"https:\/\/1dkka.com\/magaza2\/wp-json\/wp\/v2\/product_tag?post=208"}],"curies":[{"name":"wp","href":"https:\/\/api.w.org\/{rel}","templated":true}]}}