{"id":207,"date":"2025-04-13T16:54:55","date_gmt":"2025-04-13T13:54:55","guid":{"rendered":"https:\/\/1dkka.com\/magaza2\/urun\/yakinafrika-5\/"},"modified":"2025-04-13T16:54:55","modified_gmt":"2025-04-13T13:54:55","slug":"yakinafrika-5","status":"publish","type":"product","link":"https:\/\/1dkka.com\/magaza2\/urun\/yakinafrika-5\/","title":{"rendered":"Yak\u0131nafrika"},"content":{"rendered":"<p>Yil 2017: Senegalli bir gen\u00e7 s\u00f6zl\u00fc tarih\u00e7i, Boubacar Ba, 30, Avrupa\u2019da ge\u00e7irdigi yillarin ardindan Dakar\u2019a geri d\u00f6ner. Boubacar kisa zamanda Dakar\u2019in kalbur\u00fcst\u00fc ailelerinden birinin yaninda m\u00fcrebbi olarak ise baslayacak, Patron\u2019un kizina tutulacak, Senegal jet sosyetesinin akiskan hayatina dahil olacaktir. Bu varlikli aile ile gereginden fazla yakinlastigini fark ettiginde \u00e7ok ge\u00e7tir.<\/p>\n<p>Yil 2019: Fransa\u2019dan bir gazeteci Dakar\u2019a gelir. Dakar Canisi diye de bilinen Boubacar Ba ile Reubeuss Cezaevi\u2019nde bir dizi s\u00f6ylesi ger\u00e7eklestirerek hayatini kitaplastirmak ister. Zamanla Boubacar\u2019in etkisi altina girer, kendi sesini onunkinden ayiramaz olur.<\/p>\n<p>Yil 2018: S\u00fcreyyya Evren, Boubacar\u2019in 29 Subat 2020\u2019de cezaevinde intihar etmesini ve Gazeteci\u2019nin Dakar Canisi hakkindaki kitabini ancak Mart 2022\u2019de tamamlayabilmesini uzaktan izler. Buna karsin ikisiyle de gerekli mesafeyi koruyamaz.<\/p>\n<p>\u00dcr\u00fcn Ad\u0131: Yak\u0131nafrika<br \/>\u00dcr\u00fcn Kodu: 9786050951226<br \/>Bas\u0131m Y\u0131l\u0131: 2018.00000000<br \/>Kapak T\u00fcr\u00fc: Karton Kapak<br \/>Ka\u011f\u0131t Cinsi: 2. Hamur<br \/>\u00c7evirmen: S\u00fcreyya Evren<\/p>\n","protected":false},"excerpt":{"rendered":"<p>Yil 2017: Senegalli bir gen\u00e7 s\u00f6zl\u00fc tarih\u00e7i, Boubacar Ba, 30, Avrupa\u2019da ge\u00e7irdigi yillarin ardindan Dakar\u2019a geri d\u00f6ner. Boubacar kisa zamanda Dakar\u2019in kalbur\u00fcst\u00fc ailelerinden birinin yaninda m\u00fcrebbi olarak ise baslayacak, Patron\u2019un kizina tutulacak, Senegal jet sosyetesinin akiskan hayatina dahil olacaktir. Bu varlikli aile ile gereginden fazla yakinlastigini fark ettiginde \u00e7ok ge\u00e7tir.<\/p>\n<p>Yil 2019: Fransa\u2019dan bir gazeteci Dakar\u2019a gelir. Dakar Canisi diye de bilinen Boubacar Ba ile Reubeuss Cezaevi\u2019nde bir dizi s\u00f6ylesi ger\u00e7eklestirerek hayatini kitaplastirmak ister. Zamanla Boubacar\u2019in etkisi altina girer, kendi sesini onunkinden ayiramaz olur.<\/p>\n<p>Yil 2018: S\u00fcreyyya Evren, Boubacar\u2019in 29 Subat 2020\u2019de cezaevinde intihar etmesini ve Gazeteci\u2019nin Dakar Canisi hakkindaki kitabini ancak Mart 2022\u2019de tamamlayabilmesini uzaktan izler. Buna karsin ikisiyle de gerekli mesafeyi koruyamaz.<\/p>\n<p>\u00dcr\u00fcn Ad\u0131: Yak\u0131nafrika<br \/>\u00dcr\u00fcn Kodu: 9786050951226<br \/>Bas\u0131m Y\u0131l\u0131: 2018.00000000<br \/>Kapak T\u00fcr\u00fc: Karton Kapak<br \/>Ka\u011f\u0131t Cinsi: 2. Hamur<br \/>\u00c7evirmen: S\u00fcreyya Evren<\/p>\n","protected":false},"featured_media":42,"comment_status":"open","ping_status":"closed","template":"","meta":[],"product_brand":[],"product_cat":[21],"product_tag":[],"class_list":{"0":"post-207","1":"product","2":"type-product","3":"status-publish","4":"has-post-thumbnail","6":"product_cat-roman-edebiyat","8":"first","9":"instock","10":"shipping-taxable","11":"purchasable","12":"product-type-simple"},"yoast_head":"<!-- This site is optimized with the Yoast SEO Premium plugin v24.5 (Yoast SEO v24.5) - https:\/\/yoast.com\/wordpress\/plugins\/seo\/ -->\n<title>Yak\u0131nafrika - Demo Magaza<\/title>\n<meta name=\"robots\" content=\"index, follow, max-snippet:-1, max-image-preview:large, max-video-preview:-1\" \/>\n<link rel=\"canonical\" href=\"https:\/\/1dkka.com\/magaza2\/urun\/yakinafrika-5\/\" \/>\n<meta property=\"og:locale\" content=\"tr_TR\" \/>\n<meta property=\"og:type\" content=\"article\" \/>\n<meta property=\"og:title\" content=\"Yak\u0131nafrika\" \/>\n<meta property=\"og:description\" content=\"Yil 2017: Senegalli bir gen\u00e7 s\u00f6zl\u00fc tarih\u00e7i, Boubacar Ba, 30, Avrupa\u2019da ge\u00e7irdigi yillarin ardindan Dakar\u2019a geri d\u00f6ner. Boubacar kisa zamanda Dakar\u2019in kalbur\u00fcst\u00fc ailelerinden birinin yaninda m\u00fcrebbi olarak ise baslayacak, Patron\u2019un kizina tutulacak, Senegal jet sosyetesinin akiskan hayatina dahil olacaktir. Bu varlikli aile ile gereginden fazla yakinlastigini fark ettiginde \u00e7ok ge\u00e7tir.  Yil 2019: Fransa\u2019dan bir gazeteci Dakar\u2019a gelir. Dakar Canisi diye de bilinen Boubacar Ba ile Reubeuss Cezaevi\u2019nde bir dizi s\u00f6ylesi ger\u00e7eklestirerek hayatini kitaplastirmak ister. Zamanla Boubacar\u2019in etkisi altina girer, kendi sesini onunkinden ayiramaz olur. Yil 2018: S\u00fcreyyya Evren, Boubacar\u2019in 29 Subat 2020\u2019de cezaevinde intihar etmesini ve Gazeteci\u2019nin Dakar Canisi hakkindaki kitabini ancak Mart 2022\u2019de tamamlayabilmesini uzaktan izler. Buna karsin ikisiyle de gerekli mesafeyi koruyamaz. \u00dcr\u00fcn Ad\u0131: Yak\u0131nafrika\u00dcr\u00fcn Kodu: 9786050951226Bas\u0131m Y\u0131l\u0131: 2018.00000000Kapak T\u00fcr\u00fc: Karton KapakKa\u011f\u0131t Cinsi: 2. Hamur\u00c7evirmen: S\u00fcreyya Evren\" \/>\n<meta property=\"og:url\" content=\"https:\/\/1dkka.com\/magaza2\/urun\/yakinafrika-5\/\" \/>\n<meta property=\"og:site_name\" content=\"Demo Magaza\" \/>\n<meta property=\"og:image\" content=\"https:\/\/1dkka.com\/magaza2\/wp-content\/uploads\/sites\/8\/2025\/03\/0403202567c76ed0b6ca6.jpeg\" \/>\n\t<meta property=\"og:image:width\" content=\"418\" \/>\n\t<meta property=\"og:image:height\" content=\"600\" \/>\n\t<meta property=\"og:image:type\" content=\"image\/jpeg\" \/>\n<meta name=\"twitter:card\" content=\"summary_large_image\" \/>\n<meta name=\"twitter:label1\" content=\"Tahmini okuma s\u00fcresi\" \/>\n\t<meta name=\"twitter:data1\" content=\"1 dakika\" \/>\n<script type=\"application\/ld+json\" class=\"yoast-schema-graph\">{\"@context\":\"https:\/\/schema.org\",\"@graph\":[{\"@type\":\"WebPage\",\"@id\":\"https:\/\/1dkka.com\/magaza2\/urun\/yakinafrika-5\/\",\"url\":\"https:\/\/1dkka.com\/magaza2\/urun\/yakinafrika-5\/\",\"name\":\"Yak\u0131nafrika - Demo Magaza\",\"isPartOf\":{\"@id\":\"https:\/\/1dkka.com\/magaza2\/#website\"},\"primaryImageOfPage\":{\"@id\":\"https:\/\/1dkka.com\/magaza2\/urun\/yakinafrika-5\/#primaryimage\"},\"image\":{\"@id\":\"https:\/\/1dkka.com\/magaza2\/urun\/yakinafrika-5\/#primaryimage\"},\"thumbnailUrl\":\"https:\/\/1dkka.com\/magaza2\/wp-content\/uploads\/sites\/8\/2025\/03\/0403202567c76ed0b6ca6.jpeg\",\"datePublished\":\"2025-04-13T13:54:55+00:00\",\"breadcrumb\":{\"@id\":\"https:\/\/1dkka.com\/magaza2\/urun\/yakinafrika-5\/#breadcrumb\"},\"inLanguage\":\"tr\",\"potentialAction\":[{\"@type\":\"ReadAction\",\"target\":[\"https:\/\/1dkka.com\/magaza2\/urun\/yakinafrika-5\/\"]}]},{\"@type\":\"ImageObject\",\"inLanguage\":\"tr\",\"@id\":\"https:\/\/1dkka.com\/magaza2\/urun\/yakinafrika-5\/#primaryimage\",\"url\":\"https:\/\/1dkka.com\/magaza2\/wp-content\/uploads\/sites\/8\/2025\/03\/0403202567c76ed0b6ca6.jpeg\",\"contentUrl\":\"https:\/\/1dkka.com\/magaza2\/wp-content\/uploads\/sites\/8\/2025\/03\/0403202567c76ed0b6ca6.jpeg\",\"width\":418,\"height\":600},{\"@type\":\"BreadcrumbList\",\"@id\":\"https:\/\/1dkka.com\/magaza2\/urun\/yakinafrika-5\/#breadcrumb\",\"itemListElement\":[{\"@type\":\"ListItem\",\"position\":1,\"name\":\"Anasayfa\",\"item\":\"https:\/\/1dkka.com\/magaza2\/\"},{\"@type\":\"ListItem\",\"position\":2,\"name\":\"Ma\u011faza\",\"item\":\"https:\/\/1dkka.com\/magaza2\/\"},{\"@type\":\"ListItem\",\"position\":3,\"name\":\"Yak\u0131nafrika\"}]},{\"@type\":\"WebSite\",\"@id\":\"https:\/\/1dkka.com\/magaza2\/#website\",\"url\":\"https:\/\/1dkka.com\/magaza2\/\",\"name\":\"Demo Magaza\",\"description\":\"Sanalmahalle.com\",\"potentialAction\":[{\"@type\":\"SearchAction\",\"target\":{\"@type\":\"EntryPoint\",\"urlTemplate\":\"https:\/\/1dkka.com\/magaza2\/?s={search_term_string}\"},\"query-input\":{\"@type\":\"PropertyValueSpecification\",\"valueRequired\":true,\"valueName\":\"search_term_string\"}}],\"inLanguage\":\"tr\"}]}<\/script>\n<!-- \/ Yoast SEO Premium plugin. -->","yoast_head_json":{"title":"Yak\u0131nafrika - Demo Magaza","robots":{"index":"index","follow":"follow","max-snippet":"max-snippet:-1","max-image-preview":"max-image-preview:large","max-video-preview":"max-video-preview:-1"},"canonical":"https:\/\/1dkka.com\/magaza2\/urun\/yakinafrika-5\/","og_locale":"tr_TR","og_type":"article","og_title":"Yak\u0131nafrika","og_description":"Yil 2017: Senegalli bir gen\u00e7 s\u00f6zl\u00fc tarih\u00e7i, Boubacar Ba, 30, Avrupa\u2019da ge\u00e7irdigi yillarin ardindan Dakar\u2019a geri d\u00f6ner. Boubacar kisa zamanda Dakar\u2019in kalbur\u00fcst\u00fc ailelerinden birinin yaninda m\u00fcrebbi olarak ise baslayacak, Patron\u2019un kizina tutulacak, Senegal jet sosyetesinin akiskan hayatina dahil olacaktir. Bu varlikli aile ile gereginden fazla yakinlastigini fark ettiginde \u00e7ok ge\u00e7tir.  Yil 2019: Fransa\u2019dan bir gazeteci Dakar\u2019a gelir. Dakar Canisi diye de bilinen Boubacar Ba ile Reubeuss Cezaevi\u2019nde bir dizi s\u00f6ylesi ger\u00e7eklestirerek hayatini kitaplastirmak ister. Zamanla Boubacar\u2019in etkisi altina girer, kendi sesini onunkinden ayiramaz olur. Yil 2018: S\u00fcreyyya Evren, Boubacar\u2019in 29 Subat 2020\u2019de cezaevinde intihar etmesini ve Gazeteci\u2019nin Dakar Canisi hakkindaki kitabini ancak Mart 2022\u2019de tamamlayabilmesini uzaktan izler. Buna karsin ikisiyle de gerekli mesafeyi koruyamaz. \u00dcr\u00fcn Ad\u0131: Yak\u0131nafrika\u00dcr\u00fcn Kodu: 9786050951226Bas\u0131m Y\u0131l\u0131: 2018.00000000Kapak T\u00fcr\u00fc: Karton KapakKa\u011f\u0131t Cinsi: 2. Hamur\u00c7evirmen: S\u00fcreyya Evren","og_url":"https:\/\/1dkka.com\/magaza2\/urun\/yakinafrika-5\/","og_site_name":"Demo Magaza","og_image":[{"width":418,"height":600,"url":"https:\/\/1dkka.com\/magaza2\/wp-content\/uploads\/sites\/8\/2025\/03\/0403202567c76ed0b6ca6.jpeg","type":"image\/jpeg"}],"twitter_card":"summary_large_image","twitter_misc":{"Tahmini okuma s\u00fcresi":"1 dakika"},"schema":{"@context":"https:\/\/schema.org","@graph":[{"@type":"WebPage","@id":"https:\/\/1dkka.com\/magaza2\/urun\/yakinafrika-5\/","url":"https:\/\/1dkka.com\/magaza2\/urun\/yakinafrika-5\/","name":"Yak\u0131nafrika - Demo Magaza","isPartOf":{"@id":"https:\/\/1dkka.com\/magaza2\/#website"},"primaryImageOfPage":{"@id":"https:\/\/1dkka.com\/magaza2\/urun\/yakinafrika-5\/#primaryimage"},"image":{"@id":"https:\/\/1dkka.com\/magaza2\/urun\/yakinafrika-5\/#primaryimage"},"thumbnailUrl":"https:\/\/1dkka.com\/magaza2\/wp-content\/uploads\/sites\/8\/2025\/03\/0403202567c76ed0b6ca6.jpeg","datePublished":"2025-04-13T13:54:55+00:00","breadcrumb":{"@id":"https:\/\/1dkka.com\/magaza2\/urun\/yakinafrika-5\/#breadcrumb"},"inLanguage":"tr","potentialAction":[{"@type":"ReadAction","target":["https:\/\/1dkka.com\/magaza2\/urun\/yakinafrika-5\/"]}]},{"@type":"ImageObject","inLanguage":"tr","@id":"https:\/\/1dkka.com\/magaza2\/urun\/yakinafrika-5\/#primaryimage","url":"https:\/\/1dkka.com\/magaza2\/wp-content\/uploads\/sites\/8\/2025\/03\/0403202567c76ed0b6ca6.jpeg","contentUrl":"https:\/\/1dkka.com\/magaza2\/wp-content\/uploads\/sites\/8\/2025\/03\/0403202567c76ed0b6ca6.jpeg","width":418,"height":600},{"@type":"BreadcrumbList","@id":"https:\/\/1dkka.com\/magaza2\/urun\/yakinafrika-5\/#breadcrumb","itemListElement":[{"@type":"ListItem","position":1,"name":"Anasayfa","item":"https:\/\/1dkka.com\/magaza2\/"},{"@type":"ListItem","position":2,"name":"Ma\u011faza","item":"https:\/\/1dkka.com\/magaza2\/"},{"@type":"ListItem","position":3,"name":"Yak\u0131nafrika"}]},{"@type":"WebSite","@id":"https:\/\/1dkka.com\/magaza2\/#website","url":"https:\/\/1dkka.com\/magaza2\/","name":"Demo Magaza","description":"Sanalmahalle.com","potentialAction":[{"@type":"SearchAction","target":{"@type":"EntryPoint","urlTemplate":"https:\/\/1dkka.com\/magaza2\/?s={search_term_string}"},"query-input":{"@type":"PropertyValueSpecification","valueRequired":true,"valueName":"search_term_string"}}],"inLanguage":"tr"}]}},"_links":{"self":[{"href":"https:\/\/1dkka.com\/magaza2\/wp-json\/wp\/v2\/product\/207","targetHints":{"allow":["GET"]}}],"collection":[{"href":"https:\/\/1dkka.com\/magaza2\/wp-json\/wp\/v2\/product"}],"about":[{"href":"https:\/\/1dkka.com\/magaza2\/wp-json\/wp\/v2\/types\/product"}],"replies":[{"embeddable":true,"href":"https:\/\/1dkka.com\/magaza2\/wp-json\/wp\/v2\/comments?post=207"}],"wp:featuredmedia":[{"embeddable":true,"href":"https:\/\/1dkka.com\/magaza2\/wp-json\/wp\/v2\/media\/42"}],"wp:attachment":[{"href":"https:\/\/1dkka.com\/magaza2\/wp-json\/wp\/v2\/media?parent=207"}],"wp:term":[{"taxonomy":"product_brand","embeddable":true,"href":"https:\/\/1dkka.com\/magaza2\/wp-json\/wp\/v2\/product_brand?post=207"},{"taxonomy":"product_cat","embeddable":true,"href":"https:\/\/1dkka.com\/magaza2\/wp-json\/wp\/v2\/product_cat?post=207"},{"taxonomy":"product_tag","embeddable":true,"href":"https:\/\/1dkka.com\/magaza2\/wp-json\/wp\/v2\/product_tag?post=207"}],"curies":[{"name":"wp","href":"https:\/\/api.w.org\/{rel}","templated":true}]}}