{"id":166,"date":"2025-03-19T03:20:27","date_gmt":"2025-03-19T00:20:27","guid":{"rendered":"https:\/\/1dkka.com\/magaza2\/urun\/sevgilinden-son-mektup-3\/"},"modified":"2025-03-19T03:20:27","modified_gmt":"2025-03-19T00:20:27","slug":"sevgilinden-son-mektup-3","status":"publish","type":"product","link":"https:\/\/1dkka.com\/magaza2\/urun\/sevgilinden-son-mektup-3\/","title":{"rendered":"Sevgilinden Son Mektup"},"content":{"rendered":"<p>Bir tanecik ve tek askim&#8230; Ben senin kadar g\u00fc\u00e7l\u00fc degilim&#8230; &#8230; d\u00fcnya \u00fczerinde hi\u00e7bir sey beni, benimle gelme cesareti g\u00f6stermen kadar mutlu etmez. Seni su\u00e7lamiyorum sevgilim&#8230; Yediye \u00e7eyrek kaladan itibaren platformda bekleyecegim&#8230;<\/p>\n<p>Kalbimin ve umutlarimin senin ellerinde oldugunu bilmelisin.<\/p>\n<p>Sevgilin, B.<\/p>\n<p>Yil 1960. Jennifer bir hastanede uyandiginda hi\u00e7bir sey hatirlamaz, ne ge\u00e7irdigi korkun\u00e7 kazayi ne kocasini ne de kim oldugunu. Kendini bir yabanci gibi hisseder&#8230; ta ki, \u201cB\u201d imzasiyla sonlanan, gizemli bir ask mektubu bulana dek.<\/p>\n<p>Yil 2003. Ellie \u00e7alistigi gazetenin arsivinde a\u00e7ilmamis bir mektup bulur. Mektubun sakladigi hik\u00e2yenin ardindaki ask d\u00fcg\u00fcm\u00fcn\u00fc \u00e7\u00f6zerse, kendi ask ve is karmasasini da \u00e7\u00f6zecegine inanir.<\/p>\n<p>\u201cT\u00fcm zamanlari asan bir kitap, \u00f6l\u00fcms\u00fcz aska siki sikiya tutunanlarin modern masali.\u201d<\/p>\n<p>-Leila Meacham<\/p>\n<p>\u201cSevgilinden Son Mektup hem umut verici hem \u00fcmitsiz bir ask hik\u00e2yesi.\u201d<\/p>\n<p>-Chicago Tribune<\/p>\n<p>\u00dcr\u00fcn Ad\u0131: Sevgilinden Son Mektup<br \/>\u00dcr\u00fcn Kodu: 9786050951127<br \/>Bas\u0131m Y\u0131l\u0131: 2018.00000000<br \/>Kapak T\u00fcr\u00fc: Karton Kapak<br \/>Ka\u011f\u0131t Cinsi: 2. Hamur<br \/>\u00c7evirmen: Jojo Moyes<\/p>\n","protected":false},"excerpt":{"rendered":"<p>Bir tanecik ve tek askim&#8230; Ben senin kadar g\u00fc\u00e7l\u00fc degilim&#8230; &#8230; d\u00fcnya \u00fczerinde hi\u00e7bir sey beni, benimle gelme cesareti g\u00f6stermen kadar mutlu etmez. Seni su\u00e7lamiyorum sevgilim&#8230; Yediye \u00e7eyrek kaladan itibaren platformda bekleyecegim&#8230;<\/p>\n<p>Kalbimin ve umutlarimin senin ellerinde oldugunu bilmelisin.<\/p>\n<p>Sevgilin, B.<\/p>\n<p>Yil 1960. Jennifer bir hastanede uyandiginda hi\u00e7bir sey hatirlamaz, ne ge\u00e7irdigi korkun\u00e7 kazayi ne kocasini ne de kim oldugunu. Kendini bir yabanci gibi hisseder&#8230; ta ki, \u201cB\u201d imzasiyla sonlanan, gizemli bir ask mektubu bulana dek.<\/p>\n<p>Yil 2003. Ellie \u00e7alistigi gazetenin arsivinde a\u00e7ilmamis bir mektup bulur. Mektubun sakladigi hik\u00e2yenin ardindaki ask d\u00fcg\u00fcm\u00fcn\u00fc \u00e7\u00f6zerse, kendi ask ve is karmasasini da \u00e7\u00f6zecegine inanir.<\/p>\n<p>\u201cT\u00fcm zamanlari asan bir kitap, \u00f6l\u00fcms\u00fcz aska siki sikiya tutunanlarin modern masali.\u201d<\/p>\n<p>-Leila Meacham<\/p>\n<p>\u201cSevgilinden Son Mektup hem umut verici hem \u00fcmitsiz bir ask hik\u00e2yesi.\u201d<\/p>\n<p>-Chicago Tribune<\/p>\n<p>\u00dcr\u00fcn Ad\u0131: Sevgilinden Son Mektup<br \/>\u00dcr\u00fcn Kodu: 9786050951127<br \/>Bas\u0131m Y\u0131l\u0131: 2018.00000000<br \/>Kapak T\u00fcr\u00fc: Karton Kapak<br \/>Ka\u011f\u0131t Cinsi: 2. Hamur<br \/>\u00c7evirmen: Jojo Moyes<\/p>\n","protected":false},"featured_media":30,"comment_status":"open","ping_status":"closed","template":"","meta":[],"product_brand":[],"product_cat":[21],"product_tag":[],"class_list":{"0":"post-166","1":"product","2":"type-product","3":"status-publish","4":"has-post-thumbnail","6":"product_cat-roman-edebiyat","8":"first","9":"instock","10":"shipping-taxable","11":"purchasable","12":"product-type-simple"},"yoast_head":"<!-- This site is optimized with the Yoast SEO Premium plugin v24.5 (Yoast SEO v24.5) - https:\/\/yoast.com\/wordpress\/plugins\/seo\/ -->\n<title>Sevgilinden Son Mektup - Demo Magaza<\/title>\n<meta name=\"robots\" content=\"index, follow, max-snippet:-1, max-image-preview:large, max-video-preview:-1\" \/>\n<link rel=\"canonical\" href=\"https:\/\/1dkka.com\/magaza2\/urun\/sevgilinden-son-mektup-3\/\" \/>\n<meta property=\"og:locale\" content=\"tr_TR\" \/>\n<meta property=\"og:type\" content=\"article\" \/>\n<meta property=\"og:title\" content=\"Sevgilinden Son Mektup\" \/>\n<meta property=\"og:description\" content=\"Bir tanecik ve tek askim... Ben senin kadar g\u00fc\u00e7l\u00fc degilim... ... d\u00fcnya \u00fczerinde hi\u00e7bir sey beni, benimle gelme cesareti g\u00f6stermen kadar mutlu etmez. Seni su\u00e7lamiyorum sevgilim... Yediye \u00e7eyrek kaladan itibaren platformda bekleyecegim... Kalbimin ve umutlarimin senin ellerinde oldugunu bilmelisin. Sevgilin, B. Yil 1960. Jennifer bir hastanede uyandiginda hi\u00e7bir sey hatirlamaz, ne ge\u00e7irdigi korkun\u00e7 kazayi ne kocasini ne de kim oldugunu. Kendini bir yabanci gibi hisseder... ta ki, \u201cB\u201d imzasiyla sonlanan, gizemli bir ask mektubu bulana dek. Yil 2003. Ellie \u00e7alistigi gazetenin arsivinde a\u00e7ilmamis bir mektup bulur. Mektubun sakladigi hik\u00e2yenin ardindaki ask d\u00fcg\u00fcm\u00fcn\u00fc \u00e7\u00f6zerse, kendi ask ve is karmasasini da \u00e7\u00f6zecegine inanir. \u201cT\u00fcm zamanlari asan bir kitap, \u00f6l\u00fcms\u00fcz aska siki sikiya tutunanlarin modern masali.\u201d -Leila Meacham \u201cSevgilinden Son Mektup hem umut verici hem \u00fcmitsiz bir ask hik\u00e2yesi.\u201d -Chicago Tribune\u00dcr\u00fcn Ad\u0131: Sevgilinden Son Mektup\u00dcr\u00fcn Kodu: 9786050951127Bas\u0131m Y\u0131l\u0131: 2018.00000000Kapak T\u00fcr\u00fc: Karton KapakKa\u011f\u0131t Cinsi: 2. Hamur\u00c7evirmen: Jojo Moyes\" \/>\n<meta property=\"og:url\" content=\"https:\/\/1dkka.com\/magaza2\/urun\/sevgilinden-son-mektup-3\/\" \/>\n<meta property=\"og:site_name\" content=\"Demo Magaza\" \/>\n<meta property=\"og:image\" content=\"https:\/\/1dkka.com\/magaza2\/wp-content\/uploads\/sites\/8\/2025\/03\/0403202567c76ecc2d451.jpeg\" \/>\n\t<meta property=\"og:image:width\" content=\"401\" \/>\n\t<meta property=\"og:image:height\" content=\"600\" \/>\n\t<meta property=\"og:image:type\" content=\"image\/jpeg\" \/>\n<meta name=\"twitter:card\" content=\"summary_large_image\" \/>\n<meta name=\"twitter:label1\" content=\"Tahmini okuma s\u00fcresi\" \/>\n\t<meta name=\"twitter:data1\" content=\"1 dakika\" \/>\n<script type=\"application\/ld+json\" class=\"yoast-schema-graph\">{\"@context\":\"https:\/\/schema.org\",\"@graph\":[{\"@type\":\"WebPage\",\"@id\":\"https:\/\/1dkka.com\/magaza2\/urun\/sevgilinden-son-mektup-3\/\",\"url\":\"https:\/\/1dkka.com\/magaza2\/urun\/sevgilinden-son-mektup-3\/\",\"name\":\"Sevgilinden Son Mektup - Demo Magaza\",\"isPartOf\":{\"@id\":\"https:\/\/1dkka.com\/magaza2\/#website\"},\"primaryImageOfPage\":{\"@id\":\"https:\/\/1dkka.com\/magaza2\/urun\/sevgilinden-son-mektup-3\/#primaryimage\"},\"image\":{\"@id\":\"https:\/\/1dkka.com\/magaza2\/urun\/sevgilinden-son-mektup-3\/#primaryimage\"},\"thumbnailUrl\":\"https:\/\/1dkka.com\/magaza2\/wp-content\/uploads\/sites\/8\/2025\/03\/0403202567c76ecc2d451.jpeg\",\"datePublished\":\"2025-03-19T00:20:27+00:00\",\"breadcrumb\":{\"@id\":\"https:\/\/1dkka.com\/magaza2\/urun\/sevgilinden-son-mektup-3\/#breadcrumb\"},\"inLanguage\":\"tr\",\"potentialAction\":[{\"@type\":\"ReadAction\",\"target\":[\"https:\/\/1dkka.com\/magaza2\/urun\/sevgilinden-son-mektup-3\/\"]}]},{\"@type\":\"ImageObject\",\"inLanguage\":\"tr\",\"@id\":\"https:\/\/1dkka.com\/magaza2\/urun\/sevgilinden-son-mektup-3\/#primaryimage\",\"url\":\"https:\/\/1dkka.com\/magaza2\/wp-content\/uploads\/sites\/8\/2025\/03\/0403202567c76ecc2d451.jpeg\",\"contentUrl\":\"https:\/\/1dkka.com\/magaza2\/wp-content\/uploads\/sites\/8\/2025\/03\/0403202567c76ecc2d451.jpeg\",\"width\":401,\"height\":600},{\"@type\":\"BreadcrumbList\",\"@id\":\"https:\/\/1dkka.com\/magaza2\/urun\/sevgilinden-son-mektup-3\/#breadcrumb\",\"itemListElement\":[{\"@type\":\"ListItem\",\"position\":1,\"name\":\"Anasayfa\",\"item\":\"https:\/\/1dkka.com\/magaza2\/\"},{\"@type\":\"ListItem\",\"position\":2,\"name\":\"Ma\u011faza\",\"item\":\"https:\/\/1dkka.com\/magaza2\/\"},{\"@type\":\"ListItem\",\"position\":3,\"name\":\"Sevgilinden Son Mektup\"}]},{\"@type\":\"WebSite\",\"@id\":\"https:\/\/1dkka.com\/magaza2\/#website\",\"url\":\"https:\/\/1dkka.com\/magaza2\/\",\"name\":\"Demo Magaza\",\"description\":\"Sanalmahalle.com\",\"potentialAction\":[{\"@type\":\"SearchAction\",\"target\":{\"@type\":\"EntryPoint\",\"urlTemplate\":\"https:\/\/1dkka.com\/magaza2\/?s={search_term_string}\"},\"query-input\":{\"@type\":\"PropertyValueSpecification\",\"valueRequired\":true,\"valueName\":\"search_term_string\"}}],\"inLanguage\":\"tr\"}]}<\/script>\n<!-- \/ Yoast SEO Premium plugin. -->","yoast_head_json":{"title":"Sevgilinden Son Mektup - Demo Magaza","robots":{"index":"index","follow":"follow","max-snippet":"max-snippet:-1","max-image-preview":"max-image-preview:large","max-video-preview":"max-video-preview:-1"},"canonical":"https:\/\/1dkka.com\/magaza2\/urun\/sevgilinden-son-mektup-3\/","og_locale":"tr_TR","og_type":"article","og_title":"Sevgilinden Son Mektup","og_description":"Bir tanecik ve tek askim... Ben senin kadar g\u00fc\u00e7l\u00fc degilim... ... d\u00fcnya \u00fczerinde hi\u00e7bir sey beni, benimle gelme cesareti g\u00f6stermen kadar mutlu etmez. Seni su\u00e7lamiyorum sevgilim... Yediye \u00e7eyrek kaladan itibaren platformda bekleyecegim... Kalbimin ve umutlarimin senin ellerinde oldugunu bilmelisin. Sevgilin, B. Yil 1960. Jennifer bir hastanede uyandiginda hi\u00e7bir sey hatirlamaz, ne ge\u00e7irdigi korkun\u00e7 kazayi ne kocasini ne de kim oldugunu. Kendini bir yabanci gibi hisseder... ta ki, \u201cB\u201d imzasiyla sonlanan, gizemli bir ask mektubu bulana dek. Yil 2003. Ellie \u00e7alistigi gazetenin arsivinde a\u00e7ilmamis bir mektup bulur. Mektubun sakladigi hik\u00e2yenin ardindaki ask d\u00fcg\u00fcm\u00fcn\u00fc \u00e7\u00f6zerse, kendi ask ve is karmasasini da \u00e7\u00f6zecegine inanir. \u201cT\u00fcm zamanlari asan bir kitap, \u00f6l\u00fcms\u00fcz aska siki sikiya tutunanlarin modern masali.\u201d -Leila Meacham \u201cSevgilinden Son Mektup hem umut verici hem \u00fcmitsiz bir ask hik\u00e2yesi.\u201d -Chicago Tribune\u00dcr\u00fcn Ad\u0131: Sevgilinden Son Mektup\u00dcr\u00fcn Kodu: 9786050951127Bas\u0131m Y\u0131l\u0131: 2018.00000000Kapak T\u00fcr\u00fc: Karton KapakKa\u011f\u0131t Cinsi: 2. Hamur\u00c7evirmen: Jojo Moyes","og_url":"https:\/\/1dkka.com\/magaza2\/urun\/sevgilinden-son-mektup-3\/","og_site_name":"Demo Magaza","og_image":[{"width":401,"height":600,"url":"https:\/\/1dkka.com\/magaza2\/wp-content\/uploads\/sites\/8\/2025\/03\/0403202567c76ecc2d451.jpeg","type":"image\/jpeg"}],"twitter_card":"summary_large_image","twitter_misc":{"Tahmini okuma s\u00fcresi":"1 dakika"},"schema":{"@context":"https:\/\/schema.org","@graph":[{"@type":"WebPage","@id":"https:\/\/1dkka.com\/magaza2\/urun\/sevgilinden-son-mektup-3\/","url":"https:\/\/1dkka.com\/magaza2\/urun\/sevgilinden-son-mektup-3\/","name":"Sevgilinden Son Mektup - Demo Magaza","isPartOf":{"@id":"https:\/\/1dkka.com\/magaza2\/#website"},"primaryImageOfPage":{"@id":"https:\/\/1dkka.com\/magaza2\/urun\/sevgilinden-son-mektup-3\/#primaryimage"},"image":{"@id":"https:\/\/1dkka.com\/magaza2\/urun\/sevgilinden-son-mektup-3\/#primaryimage"},"thumbnailUrl":"https:\/\/1dkka.com\/magaza2\/wp-content\/uploads\/sites\/8\/2025\/03\/0403202567c76ecc2d451.jpeg","datePublished":"2025-03-19T00:20:27+00:00","breadcrumb":{"@id":"https:\/\/1dkka.com\/magaza2\/urun\/sevgilinden-son-mektup-3\/#breadcrumb"},"inLanguage":"tr","potentialAction":[{"@type":"ReadAction","target":["https:\/\/1dkka.com\/magaza2\/urun\/sevgilinden-son-mektup-3\/"]}]},{"@type":"ImageObject","inLanguage":"tr","@id":"https:\/\/1dkka.com\/magaza2\/urun\/sevgilinden-son-mektup-3\/#primaryimage","url":"https:\/\/1dkka.com\/magaza2\/wp-content\/uploads\/sites\/8\/2025\/03\/0403202567c76ecc2d451.jpeg","contentUrl":"https:\/\/1dkka.com\/magaza2\/wp-content\/uploads\/sites\/8\/2025\/03\/0403202567c76ecc2d451.jpeg","width":401,"height":600},{"@type":"BreadcrumbList","@id":"https:\/\/1dkka.com\/magaza2\/urun\/sevgilinden-son-mektup-3\/#breadcrumb","itemListElement":[{"@type":"ListItem","position":1,"name":"Anasayfa","item":"https:\/\/1dkka.com\/magaza2\/"},{"@type":"ListItem","position":2,"name":"Ma\u011faza","item":"https:\/\/1dkka.com\/magaza2\/"},{"@type":"ListItem","position":3,"name":"Sevgilinden Son Mektup"}]},{"@type":"WebSite","@id":"https:\/\/1dkka.com\/magaza2\/#website","url":"https:\/\/1dkka.com\/magaza2\/","name":"Demo Magaza","description":"Sanalmahalle.com","potentialAction":[{"@type":"SearchAction","target":{"@type":"EntryPoint","urlTemplate":"https:\/\/1dkka.com\/magaza2\/?s={search_term_string}"},"query-input":{"@type":"PropertyValueSpecification","valueRequired":true,"valueName":"search_term_string"}}],"inLanguage":"tr"}]}},"_links":{"self":[{"href":"https:\/\/1dkka.com\/magaza2\/wp-json\/wp\/v2\/product\/166","targetHints":{"allow":["GET"]}}],"collection":[{"href":"https:\/\/1dkka.com\/magaza2\/wp-json\/wp\/v2\/product"}],"about":[{"href":"https:\/\/1dkka.com\/magaza2\/wp-json\/wp\/v2\/types\/product"}],"replies":[{"embeddable":true,"href":"https:\/\/1dkka.com\/magaza2\/wp-json\/wp\/v2\/comments?post=166"}],"wp:featuredmedia":[{"embeddable":true,"href":"https:\/\/1dkka.com\/magaza2\/wp-json\/wp\/v2\/media\/30"}],"wp:attachment":[{"href":"https:\/\/1dkka.com\/magaza2\/wp-json\/wp\/v2\/media?parent=166"}],"wp:term":[{"taxonomy":"product_brand","embeddable":true,"href":"https:\/\/1dkka.com\/magaza2\/wp-json\/wp\/v2\/product_brand?post=166"},{"taxonomy":"product_cat","embeddable":true,"href":"https:\/\/1dkka.com\/magaza2\/wp-json\/wp\/v2\/product_cat?post=166"},{"taxonomy":"product_tag","embeddable":true,"href":"https:\/\/1dkka.com\/magaza2\/wp-json\/wp\/v2\/product_tag?post=166"}],"curies":[{"name":"wp","href":"https:\/\/api.w.org\/{rel}","templated":true}]}}