{"id":146,"date":"2025-03-12T02:24:54","date_gmt":"2025-03-11T23:24:54","guid":{"rendered":"https:\/\/1dkka.com\/magaza2\/urun\/ucsuz-bucaksiz-2\/"},"modified":"2025-03-12T02:24:54","modified_gmt":"2025-03-11T23:24:54","slug":"ucsuz-bucaksiz-2","status":"publish","type":"product","link":"https:\/\/1dkka.com\/magaza2\/urun\/ucsuz-bucaksiz-2\/","title":{"rendered":"U\u00e7suz Bucaks\u0131z"},"content":{"rendered":"<p>U\u00e7suz Bucaksiz, Le Guin&#8217;in \u00f6zg\u00fcnd\u00fcnyasina a\u00e7ilan genis bir kapi.<\/p>\n<p>Ursula K. Le Guinyirminci y\u00fczyilinedebi dehalarindan biri. Onun bilin\u00e7li,adanmis, kizgin, n\u00fckteli, bilge ve her daim zeki olan sesinesimdilerde daha\u00e7ok ihtiyacimiz var.<\/p>\n<p>&#8211; MargaretAtwood<\/p>\n<p>Bilimkurgu t\u00fcr\u00fcn\u00fcn unutulmaz yazari Ursula K. Le Guin&#8217;den cinsiyet esitsizligini, aski ve \u00f6zg\u00fcrl\u00fcg\u00fc ters y\u00fcz eden bes uzun \u00f6yk\u00fc. Okuyanlari, tarihin ne oldugu ve nasil yaratildigi hakkinda d\u00fcs\u00fcnd\u00fcrecek, mitoloji,felsefe ile bilimin olanaklari boyunca sira disi bir yolculuga \u00e7ikaracak ve feminist, ekolojist bir bakisla yeni bir d\u00fcnya hayali kurmaya imk\u00e2n verecek.<\/p>\n<p>\u00dcr\u00fcn Ad\u0131: U\u00e7suz Bucaks\u0131z<br \/>\u00dcr\u00fcn Kodu: 9786050951066<br \/>Bas\u0131m Y\u0131l\u0131: 2018.00000000<br \/>Kapak T\u00fcr\u00fc: Karton Kapak<br \/>Ka\u011f\u0131t Cinsi: 2. Hamur<br \/>\u00c7evirmen: Ursula K. Le Guin<\/p>\n","protected":false},"excerpt":{"rendered":"<p>U\u00e7suz Bucaksiz, Le Guin&#8217;in \u00f6zg\u00fcnd\u00fcnyasina a\u00e7ilan genis bir kapi.<\/p>\n<p>Ursula K. Le Guinyirminci y\u00fczyilinedebi dehalarindan biri. Onun bilin\u00e7li,adanmis, kizgin, n\u00fckteli, bilge ve her daim zeki olan sesinesimdilerde daha\u00e7ok ihtiyacimiz var.<\/p>\n<p>&#8211; MargaretAtwood<\/p>\n<p>Bilimkurgu t\u00fcr\u00fcn\u00fcn unutulmaz yazari Ursula K. Le Guin&#8217;den cinsiyet esitsizligini, aski ve \u00f6zg\u00fcrl\u00fcg\u00fc ters y\u00fcz eden bes uzun \u00f6yk\u00fc. Okuyanlari, tarihin ne oldugu ve nasil yaratildigi hakkinda d\u00fcs\u00fcnd\u00fcrecek, mitoloji,felsefe ile bilimin olanaklari boyunca sira disi bir yolculuga \u00e7ikaracak ve feminist, ekolojist bir bakisla yeni bir d\u00fcnya hayali kurmaya imk\u00e2n verecek.<\/p>\n<p>\u00dcr\u00fcn Ad\u0131: U\u00e7suz Bucaks\u0131z<br \/>\u00dcr\u00fcn Kodu: 9786050951066<br \/>Bas\u0131m Y\u0131l\u0131: 2018.00000000<br \/>Kapak T\u00fcr\u00fc: Karton Kapak<br \/>Ka\u011f\u0131t Cinsi: 2. Hamur<br \/>\u00c7evirmen: Ursula K. Le Guin<\/p>\n","protected":false},"featured_media":24,"comment_status":"open","ping_status":"closed","template":"","meta":[],"product_brand":[],"product_cat":[22],"product_tag":[],"class_list":{"0":"post-146","1":"product","2":"type-product","3":"status-publish","4":"has-post-thumbnail","6":"product_cat-hikaye","8":"first","9":"instock","10":"shipping-taxable","11":"purchasable","12":"product-type-simple"},"yoast_head":"<!-- This site is optimized with the Yoast SEO Premium plugin v24.5 (Yoast SEO v24.5) - https:\/\/yoast.com\/wordpress\/plugins\/seo\/ -->\n<title>U\u00e7suz Bucaks\u0131z - Demo Magaza<\/title>\n<meta name=\"robots\" content=\"index, follow, max-snippet:-1, max-image-preview:large, max-video-preview:-1\" \/>\n<link rel=\"canonical\" href=\"https:\/\/1dkka.com\/magaza2\/urun\/ucsuz-bucaksiz-2\/\" \/>\n<meta property=\"og:locale\" content=\"tr_TR\" \/>\n<meta property=\"og:type\" content=\"article\" \/>\n<meta property=\"og:title\" content=\"U\u00e7suz Bucaks\u0131z\" \/>\n<meta property=\"og:description\" content=\"U\u00e7suz Bucaksiz, Le Guin&#039;in \u00f6zg\u00fcnd\u00fcnyasina a\u00e7ilan genis bir kapi. Ursula K. Le Guinyirminci y\u00fczyilinedebi dehalarindan biri. Onun bilin\u00e7li,adanmis, kizgin, n\u00fckteli, bilge ve her daim zeki olan sesinesimdilerde daha\u00e7ok ihtiyacimiz var. - MargaretAtwood Bilimkurgu t\u00fcr\u00fcn\u00fcn unutulmaz yazari Ursula K. Le Guin&#039;den cinsiyet esitsizligini, aski ve \u00f6zg\u00fcrl\u00fcg\u00fc ters y\u00fcz eden bes uzun \u00f6yk\u00fc. Okuyanlari, tarihin ne oldugu ve nasil yaratildigi hakkinda d\u00fcs\u00fcnd\u00fcrecek, mitoloji,felsefe ile bilimin olanaklari boyunca sira disi bir yolculuga \u00e7ikaracak ve feminist, ekolojist bir bakisla yeni bir d\u00fcnya hayali kurmaya imk\u00e2n verecek.\u00dcr\u00fcn Ad\u0131: U\u00e7suz Bucaks\u0131z\u00dcr\u00fcn Kodu: 9786050951066Bas\u0131m Y\u0131l\u0131: 2018.00000000Kapak T\u00fcr\u00fc: Karton KapakKa\u011f\u0131t Cinsi: 2. Hamur\u00c7evirmen: Ursula K. Le Guin\" \/>\n<meta property=\"og:url\" content=\"https:\/\/1dkka.com\/magaza2\/urun\/ucsuz-bucaksiz-2\/\" \/>\n<meta property=\"og:site_name\" content=\"Demo Magaza\" \/>\n<meta property=\"og:image\" content=\"https:\/\/1dkka.com\/magaza2\/wp-content\/uploads\/sites\/8\/2025\/03\/0403202567c76ec9bbfb1.jpeg\" \/>\n\t<meta property=\"og:image:width\" content=\"409\" \/>\n\t<meta property=\"og:image:height\" content=\"600\" \/>\n\t<meta property=\"og:image:type\" content=\"image\/jpeg\" \/>\n<meta name=\"twitter:card\" content=\"summary_large_image\" \/>\n<meta name=\"twitter:label1\" content=\"Tahmini okuma s\u00fcresi\" \/>\n\t<meta name=\"twitter:data1\" content=\"1 dakika\" \/>\n<script type=\"application\/ld+json\" class=\"yoast-schema-graph\">{\"@context\":\"https:\/\/schema.org\",\"@graph\":[{\"@type\":\"WebPage\",\"@id\":\"https:\/\/1dkka.com\/magaza2\/urun\/ucsuz-bucaksiz-2\/\",\"url\":\"https:\/\/1dkka.com\/magaza2\/urun\/ucsuz-bucaksiz-2\/\",\"name\":\"U\u00e7suz Bucaks\u0131z - Demo Magaza\",\"isPartOf\":{\"@id\":\"https:\/\/1dkka.com\/magaza2\/#website\"},\"primaryImageOfPage\":{\"@id\":\"https:\/\/1dkka.com\/magaza2\/urun\/ucsuz-bucaksiz-2\/#primaryimage\"},\"image\":{\"@id\":\"https:\/\/1dkka.com\/magaza2\/urun\/ucsuz-bucaksiz-2\/#primaryimage\"},\"thumbnailUrl\":\"https:\/\/1dkka.com\/magaza2\/wp-content\/uploads\/sites\/8\/2025\/03\/0403202567c76ec9bbfb1.jpeg\",\"datePublished\":\"2025-03-11T23:24:54+00:00\",\"breadcrumb\":{\"@id\":\"https:\/\/1dkka.com\/magaza2\/urun\/ucsuz-bucaksiz-2\/#breadcrumb\"},\"inLanguage\":\"tr\",\"potentialAction\":[{\"@type\":\"ReadAction\",\"target\":[\"https:\/\/1dkka.com\/magaza2\/urun\/ucsuz-bucaksiz-2\/\"]}]},{\"@type\":\"ImageObject\",\"inLanguage\":\"tr\",\"@id\":\"https:\/\/1dkka.com\/magaza2\/urun\/ucsuz-bucaksiz-2\/#primaryimage\",\"url\":\"https:\/\/1dkka.com\/magaza2\/wp-content\/uploads\/sites\/8\/2025\/03\/0403202567c76ec9bbfb1.jpeg\",\"contentUrl\":\"https:\/\/1dkka.com\/magaza2\/wp-content\/uploads\/sites\/8\/2025\/03\/0403202567c76ec9bbfb1.jpeg\",\"width\":409,\"height\":600},{\"@type\":\"BreadcrumbList\",\"@id\":\"https:\/\/1dkka.com\/magaza2\/urun\/ucsuz-bucaksiz-2\/#breadcrumb\",\"itemListElement\":[{\"@type\":\"ListItem\",\"position\":1,\"name\":\"Anasayfa\",\"item\":\"https:\/\/1dkka.com\/magaza2\/\"},{\"@type\":\"ListItem\",\"position\":2,\"name\":\"Ma\u011faza\",\"item\":\"https:\/\/1dkka.com\/magaza2\/\"},{\"@type\":\"ListItem\",\"position\":3,\"name\":\"U\u00e7suz Bucaks\u0131z\"}]},{\"@type\":\"WebSite\",\"@id\":\"https:\/\/1dkka.com\/magaza2\/#website\",\"url\":\"https:\/\/1dkka.com\/magaza2\/\",\"name\":\"Demo Magaza\",\"description\":\"Sanalmahalle.com\",\"potentialAction\":[{\"@type\":\"SearchAction\",\"target\":{\"@type\":\"EntryPoint\",\"urlTemplate\":\"https:\/\/1dkka.com\/magaza2\/?s={search_term_string}\"},\"query-input\":{\"@type\":\"PropertyValueSpecification\",\"valueRequired\":true,\"valueName\":\"search_term_string\"}}],\"inLanguage\":\"tr\"}]}<\/script>\n<!-- \/ Yoast SEO Premium plugin. -->","yoast_head_json":{"title":"U\u00e7suz Bucaks\u0131z - Demo Magaza","robots":{"index":"index","follow":"follow","max-snippet":"max-snippet:-1","max-image-preview":"max-image-preview:large","max-video-preview":"max-video-preview:-1"},"canonical":"https:\/\/1dkka.com\/magaza2\/urun\/ucsuz-bucaksiz-2\/","og_locale":"tr_TR","og_type":"article","og_title":"U\u00e7suz Bucaks\u0131z","og_description":"U\u00e7suz Bucaksiz, Le Guin'in \u00f6zg\u00fcnd\u00fcnyasina a\u00e7ilan genis bir kapi. Ursula K. Le Guinyirminci y\u00fczyilinedebi dehalarindan biri. Onun bilin\u00e7li,adanmis, kizgin, n\u00fckteli, bilge ve her daim zeki olan sesinesimdilerde daha\u00e7ok ihtiyacimiz var. - MargaretAtwood Bilimkurgu t\u00fcr\u00fcn\u00fcn unutulmaz yazari Ursula K. Le Guin'den cinsiyet esitsizligini, aski ve \u00f6zg\u00fcrl\u00fcg\u00fc ters y\u00fcz eden bes uzun \u00f6yk\u00fc. Okuyanlari, tarihin ne oldugu ve nasil yaratildigi hakkinda d\u00fcs\u00fcnd\u00fcrecek, mitoloji,felsefe ile bilimin olanaklari boyunca sira disi bir yolculuga \u00e7ikaracak ve feminist, ekolojist bir bakisla yeni bir d\u00fcnya hayali kurmaya imk\u00e2n verecek.\u00dcr\u00fcn Ad\u0131: U\u00e7suz Bucaks\u0131z\u00dcr\u00fcn Kodu: 9786050951066Bas\u0131m Y\u0131l\u0131: 2018.00000000Kapak T\u00fcr\u00fc: Karton KapakKa\u011f\u0131t Cinsi: 2. Hamur\u00c7evirmen: Ursula K. Le Guin","og_url":"https:\/\/1dkka.com\/magaza2\/urun\/ucsuz-bucaksiz-2\/","og_site_name":"Demo Magaza","og_image":[{"width":409,"height":600,"url":"https:\/\/1dkka.com\/magaza2\/wp-content\/uploads\/sites\/8\/2025\/03\/0403202567c76ec9bbfb1.jpeg","type":"image\/jpeg"}],"twitter_card":"summary_large_image","twitter_misc":{"Tahmini okuma s\u00fcresi":"1 dakika"},"schema":{"@context":"https:\/\/schema.org","@graph":[{"@type":"WebPage","@id":"https:\/\/1dkka.com\/magaza2\/urun\/ucsuz-bucaksiz-2\/","url":"https:\/\/1dkka.com\/magaza2\/urun\/ucsuz-bucaksiz-2\/","name":"U\u00e7suz Bucaks\u0131z - Demo Magaza","isPartOf":{"@id":"https:\/\/1dkka.com\/magaza2\/#website"},"primaryImageOfPage":{"@id":"https:\/\/1dkka.com\/magaza2\/urun\/ucsuz-bucaksiz-2\/#primaryimage"},"image":{"@id":"https:\/\/1dkka.com\/magaza2\/urun\/ucsuz-bucaksiz-2\/#primaryimage"},"thumbnailUrl":"https:\/\/1dkka.com\/magaza2\/wp-content\/uploads\/sites\/8\/2025\/03\/0403202567c76ec9bbfb1.jpeg","datePublished":"2025-03-11T23:24:54+00:00","breadcrumb":{"@id":"https:\/\/1dkka.com\/magaza2\/urun\/ucsuz-bucaksiz-2\/#breadcrumb"},"inLanguage":"tr","potentialAction":[{"@type":"ReadAction","target":["https:\/\/1dkka.com\/magaza2\/urun\/ucsuz-bucaksiz-2\/"]}]},{"@type":"ImageObject","inLanguage":"tr","@id":"https:\/\/1dkka.com\/magaza2\/urun\/ucsuz-bucaksiz-2\/#primaryimage","url":"https:\/\/1dkka.com\/magaza2\/wp-content\/uploads\/sites\/8\/2025\/03\/0403202567c76ec9bbfb1.jpeg","contentUrl":"https:\/\/1dkka.com\/magaza2\/wp-content\/uploads\/sites\/8\/2025\/03\/0403202567c76ec9bbfb1.jpeg","width":409,"height":600},{"@type":"BreadcrumbList","@id":"https:\/\/1dkka.com\/magaza2\/urun\/ucsuz-bucaksiz-2\/#breadcrumb","itemListElement":[{"@type":"ListItem","position":1,"name":"Anasayfa","item":"https:\/\/1dkka.com\/magaza2\/"},{"@type":"ListItem","position":2,"name":"Ma\u011faza","item":"https:\/\/1dkka.com\/magaza2\/"},{"@type":"ListItem","position":3,"name":"U\u00e7suz Bucaks\u0131z"}]},{"@type":"WebSite","@id":"https:\/\/1dkka.com\/magaza2\/#website","url":"https:\/\/1dkka.com\/magaza2\/","name":"Demo Magaza","description":"Sanalmahalle.com","potentialAction":[{"@type":"SearchAction","target":{"@type":"EntryPoint","urlTemplate":"https:\/\/1dkka.com\/magaza2\/?s={search_term_string}"},"query-input":{"@type":"PropertyValueSpecification","valueRequired":true,"valueName":"search_term_string"}}],"inLanguage":"tr"}]}},"_links":{"self":[{"href":"https:\/\/1dkka.com\/magaza2\/wp-json\/wp\/v2\/product\/146","targetHints":{"allow":["GET"]}}],"collection":[{"href":"https:\/\/1dkka.com\/magaza2\/wp-json\/wp\/v2\/product"}],"about":[{"href":"https:\/\/1dkka.com\/magaza2\/wp-json\/wp\/v2\/types\/product"}],"replies":[{"embeddable":true,"href":"https:\/\/1dkka.com\/magaza2\/wp-json\/wp\/v2\/comments?post=146"}],"wp:featuredmedia":[{"embeddable":true,"href":"https:\/\/1dkka.com\/magaza2\/wp-json\/wp\/v2\/media\/24"}],"wp:attachment":[{"href":"https:\/\/1dkka.com\/magaza2\/wp-json\/wp\/v2\/media?parent=146"}],"wp:term":[{"taxonomy":"product_brand","embeddable":true,"href":"https:\/\/1dkka.com\/magaza2\/wp-json\/wp\/v2\/product_brand?post=146"},{"taxonomy":"product_cat","embeddable":true,"href":"https:\/\/1dkka.com\/magaza2\/wp-json\/wp\/v2\/product_cat?post=146"},{"taxonomy":"product_tag","embeddable":true,"href":"https:\/\/1dkka.com\/magaza2\/wp-json\/wp\/v2\/product_tag?post=146"}],"curies":[{"name":"wp","href":"https:\/\/api.w.org\/{rel}","templated":true}]}}