{"id":144,"date":"2025-03-12T02:24:52","date_gmt":"2025-03-11T23:24:52","guid":{"rendered":"https:\/\/1dkka.com\/magaza2\/urun\/starwars-yeni-bir-umut-2\/"},"modified":"2025-03-12T02:24:52","modified_gmt":"2025-03-11T23:24:52","slug":"starwars-yeni-bir-umut-2","status":"publish","type":"product","link":"https:\/\/1dkka.com\/magaza2\/urun\/starwars-yeni-bir-umut-2\/","title":{"rendered":"Starwars Yeni Bir Umut"},"content":{"rendered":"<p>I\u00e7 savas d\u00f6nemi. Gizli \u00fcslerinden hareket eden asi uzay gemileri, k\u00f6t\u00fcl\u00fck dolu Galaktik Imparatorluga karsi ilk zaferlerini kazandilar.<br \/>\n\u00c7arpisma sirasinda Asi casuslar, Imparatorlugun son silahi ve b\u00fct\u00fcn bir gezegeni yok edebilecek ates g\u00fcc\u00fcne sahip bir uzay istasyonu olan \u00d6L\u00dcM YILDIZI\u2019nin planlarini \u00e7almayi basardi. K\u00f6t\u00fc niyetli Imparatorluk kuvvetlerinin pesine d\u00fcst\u00fcg\u00fc Prenses Leia, Halkini kurtarabilecek ve galaksiye tekrar \u00f6zg\u00fcrl\u00fck getirebilecek \u00e7alinti planlarla \u00fcsse d\u00f6nmeye \u00e7alisiyor.<\/p>\n<p>Luke Skywalker. Han Solo. Princess Leia. Star Wars efsanesinin baslangici, filmin inanilmaz kitabinda sizi bekliyor.<\/p>\n<p>\u00dcr\u00fcn Ad\u0131: Starwars Yeni Bir Umut<br \/>\u00dcr\u00fcn Kodu: 9786050951042<br \/>Bas\u0131m Y\u0131l\u0131: 2018.00000000<br \/>Kapak T\u00fcr\u00fc: Karton Kapak<br \/>Ka\u011f\u0131t Cinsi: 2. Hamur<br \/>\u00c7evirmen: Ryder Windham<\/p>\n","protected":false},"excerpt":{"rendered":"<p>I\u00e7 savas d\u00f6nemi. Gizli \u00fcslerinden hareket eden asi uzay gemileri, k\u00f6t\u00fcl\u00fck dolu Galaktik Imparatorluga karsi ilk zaferlerini kazandilar.<br \/>\n\u00c7arpisma sirasinda Asi casuslar, Imparatorlugun son silahi ve b\u00fct\u00fcn bir gezegeni yok edebilecek ates g\u00fcc\u00fcne sahip bir uzay istasyonu olan \u00d6L\u00dcM YILDIZI\u2019nin planlarini \u00e7almayi basardi. K\u00f6t\u00fc niyetli Imparatorluk kuvvetlerinin pesine d\u00fcst\u00fcg\u00fc Prenses Leia, Halkini kurtarabilecek ve galaksiye tekrar \u00f6zg\u00fcrl\u00fck getirebilecek \u00e7alinti planlarla \u00fcsse d\u00f6nmeye \u00e7alisiyor.<\/p>\n<p>Luke Skywalker. Han Solo. Princess Leia. Star Wars efsanesinin baslangici, filmin inanilmaz kitabinda sizi bekliyor.<\/p>\n<p>\u00dcr\u00fcn Ad\u0131: Starwars Yeni Bir Umut<br \/>\u00dcr\u00fcn Kodu: 9786050951042<br \/>Bas\u0131m Y\u0131l\u0131: 2018.00000000<br \/>Kapak T\u00fcr\u00fc: Karton Kapak<br \/>Ka\u011f\u0131t Cinsi: 2. Hamur<br \/>\u00c7evirmen: Ryder Windham<\/p>\n","protected":false},"featured_media":20,"comment_status":"open","ping_status":"closed","template":"","meta":[],"product_brand":[],"product_cat":[19],"product_tag":[],"class_list":{"0":"post-144","1":"product","2":"type-product","3":"status-publish","4":"has-post-thumbnail","6":"product_cat-7-12-yas","8":"first","9":"instock","10":"shipping-taxable","11":"purchasable","12":"product-type-simple"},"yoast_head":"<!-- This site is optimized with the Yoast SEO Premium plugin v24.5 (Yoast SEO v24.5) - https:\/\/yoast.com\/wordpress\/plugins\/seo\/ -->\n<title>Starwars Yeni Bir Umut - Demo Magaza<\/title>\n<meta name=\"robots\" content=\"index, follow, max-snippet:-1, max-image-preview:large, max-video-preview:-1\" \/>\n<link rel=\"canonical\" href=\"https:\/\/1dkka.com\/magaza2\/urun\/starwars-yeni-bir-umut-2\/\" \/>\n<meta property=\"og:locale\" content=\"tr_TR\" \/>\n<meta property=\"og:type\" content=\"article\" \/>\n<meta property=\"og:title\" content=\"Starwars Yeni Bir Umut\" \/>\n<meta property=\"og:description\" content=\"I\u00e7 savas d\u00f6nemi. Gizli \u00fcslerinden hareket eden asi uzay gemileri, k\u00f6t\u00fcl\u00fck dolu Galaktik Imparatorluga karsi ilk zaferlerini kazandilar. \u00c7arpisma sirasinda Asi casuslar, Imparatorlugun son silahi ve b\u00fct\u00fcn bir gezegeni yok edebilecek ates g\u00fcc\u00fcne sahip bir uzay istasyonu olan \u00d6L\u00dcM YILDIZI\u2019nin planlarini \u00e7almayi basardi. K\u00f6t\u00fc niyetli Imparatorluk kuvvetlerinin pesine d\u00fcst\u00fcg\u00fc Prenses Leia, Halkini kurtarabilecek ve galaksiye tekrar \u00f6zg\u00fcrl\u00fck getirebilecek \u00e7alinti planlarla \u00fcsse d\u00f6nmeye \u00e7alisiyor. Luke Skywalker. Han Solo. Princess Leia. Star Wars efsanesinin baslangici, filmin inanilmaz kitabinda sizi bekliyor. \u00dcr\u00fcn Ad\u0131: Starwars Yeni Bir Umut\u00dcr\u00fcn Kodu: 9786050951042Bas\u0131m Y\u0131l\u0131: 2018.00000000Kapak T\u00fcr\u00fc: Karton KapakKa\u011f\u0131t Cinsi: 2. Hamur\u00c7evirmen: Ryder Windham\" \/>\n<meta property=\"og:url\" content=\"https:\/\/1dkka.com\/magaza2\/urun\/starwars-yeni-bir-umut-2\/\" \/>\n<meta property=\"og:site_name\" content=\"Demo Magaza\" \/>\n<meta property=\"og:image\" content=\"https:\/\/1dkka.com\/magaza2\/wp-content\/uploads\/sites\/8\/2025\/03\/0403202567c76ec836f3a.jpeg\" \/>\n\t<meta property=\"og:image:width\" content=\"407\" \/>\n\t<meta property=\"og:image:height\" content=\"600\" \/>\n\t<meta property=\"og:image:type\" content=\"image\/jpeg\" \/>\n<meta name=\"twitter:card\" content=\"summary_large_image\" \/>\n<meta name=\"twitter:label1\" content=\"Tahmini okuma s\u00fcresi\" \/>\n\t<meta name=\"twitter:data1\" content=\"1 dakika\" \/>\n<script type=\"application\/ld+json\" class=\"yoast-schema-graph\">{\"@context\":\"https:\/\/schema.org\",\"@graph\":[{\"@type\":\"WebPage\",\"@id\":\"https:\/\/1dkka.com\/magaza2\/urun\/starwars-yeni-bir-umut-2\/\",\"url\":\"https:\/\/1dkka.com\/magaza2\/urun\/starwars-yeni-bir-umut-2\/\",\"name\":\"Starwars Yeni Bir Umut - Demo Magaza\",\"isPartOf\":{\"@id\":\"https:\/\/1dkka.com\/magaza2\/#website\"},\"primaryImageOfPage\":{\"@id\":\"https:\/\/1dkka.com\/magaza2\/urun\/starwars-yeni-bir-umut-2\/#primaryimage\"},\"image\":{\"@id\":\"https:\/\/1dkka.com\/magaza2\/urun\/starwars-yeni-bir-umut-2\/#primaryimage\"},\"thumbnailUrl\":\"https:\/\/1dkka.com\/magaza2\/wp-content\/uploads\/sites\/8\/2025\/03\/0403202567c76ec836f3a.jpeg\",\"datePublished\":\"2025-03-11T23:24:52+00:00\",\"breadcrumb\":{\"@id\":\"https:\/\/1dkka.com\/magaza2\/urun\/starwars-yeni-bir-umut-2\/#breadcrumb\"},\"inLanguage\":\"tr\",\"potentialAction\":[{\"@type\":\"ReadAction\",\"target\":[\"https:\/\/1dkka.com\/magaza2\/urun\/starwars-yeni-bir-umut-2\/\"]}]},{\"@type\":\"ImageObject\",\"inLanguage\":\"tr\",\"@id\":\"https:\/\/1dkka.com\/magaza2\/urun\/starwars-yeni-bir-umut-2\/#primaryimage\",\"url\":\"https:\/\/1dkka.com\/magaza2\/wp-content\/uploads\/sites\/8\/2025\/03\/0403202567c76ec836f3a.jpeg\",\"contentUrl\":\"https:\/\/1dkka.com\/magaza2\/wp-content\/uploads\/sites\/8\/2025\/03\/0403202567c76ec836f3a.jpeg\",\"width\":407,\"height\":600},{\"@type\":\"BreadcrumbList\",\"@id\":\"https:\/\/1dkka.com\/magaza2\/urun\/starwars-yeni-bir-umut-2\/#breadcrumb\",\"itemListElement\":[{\"@type\":\"ListItem\",\"position\":1,\"name\":\"Anasayfa\",\"item\":\"https:\/\/1dkka.com\/magaza2\/\"},{\"@type\":\"ListItem\",\"position\":2,\"name\":\"Ma\u011faza\",\"item\":\"https:\/\/1dkka.com\/magaza2\/\"},{\"@type\":\"ListItem\",\"position\":3,\"name\":\"Starwars Yeni Bir Umut\"}]},{\"@type\":\"WebSite\",\"@id\":\"https:\/\/1dkka.com\/magaza2\/#website\",\"url\":\"https:\/\/1dkka.com\/magaza2\/\",\"name\":\"Demo Magaza\",\"description\":\"Sanalmahalle.com\",\"potentialAction\":[{\"@type\":\"SearchAction\",\"target\":{\"@type\":\"EntryPoint\",\"urlTemplate\":\"https:\/\/1dkka.com\/magaza2\/?s={search_term_string}\"},\"query-input\":{\"@type\":\"PropertyValueSpecification\",\"valueRequired\":true,\"valueName\":\"search_term_string\"}}],\"inLanguage\":\"tr\"}]}<\/script>\n<!-- \/ Yoast SEO Premium plugin. -->","yoast_head_json":{"title":"Starwars Yeni Bir Umut - Demo Magaza","robots":{"index":"index","follow":"follow","max-snippet":"max-snippet:-1","max-image-preview":"max-image-preview:large","max-video-preview":"max-video-preview:-1"},"canonical":"https:\/\/1dkka.com\/magaza2\/urun\/starwars-yeni-bir-umut-2\/","og_locale":"tr_TR","og_type":"article","og_title":"Starwars Yeni Bir Umut","og_description":"I\u00e7 savas d\u00f6nemi. Gizli \u00fcslerinden hareket eden asi uzay gemileri, k\u00f6t\u00fcl\u00fck dolu Galaktik Imparatorluga karsi ilk zaferlerini kazandilar. \u00c7arpisma sirasinda Asi casuslar, Imparatorlugun son silahi ve b\u00fct\u00fcn bir gezegeni yok edebilecek ates g\u00fcc\u00fcne sahip bir uzay istasyonu olan \u00d6L\u00dcM YILDIZI\u2019nin planlarini \u00e7almayi basardi. K\u00f6t\u00fc niyetli Imparatorluk kuvvetlerinin pesine d\u00fcst\u00fcg\u00fc Prenses Leia, Halkini kurtarabilecek ve galaksiye tekrar \u00f6zg\u00fcrl\u00fck getirebilecek \u00e7alinti planlarla \u00fcsse d\u00f6nmeye \u00e7alisiyor. Luke Skywalker. Han Solo. Princess Leia. Star Wars efsanesinin baslangici, filmin inanilmaz kitabinda sizi bekliyor. \u00dcr\u00fcn Ad\u0131: Starwars Yeni Bir Umut\u00dcr\u00fcn Kodu: 9786050951042Bas\u0131m Y\u0131l\u0131: 2018.00000000Kapak T\u00fcr\u00fc: Karton KapakKa\u011f\u0131t Cinsi: 2. Hamur\u00c7evirmen: Ryder Windham","og_url":"https:\/\/1dkka.com\/magaza2\/urun\/starwars-yeni-bir-umut-2\/","og_site_name":"Demo Magaza","og_image":[{"width":407,"height":600,"url":"https:\/\/1dkka.com\/magaza2\/wp-content\/uploads\/sites\/8\/2025\/03\/0403202567c76ec836f3a.jpeg","type":"image\/jpeg"}],"twitter_card":"summary_large_image","twitter_misc":{"Tahmini okuma s\u00fcresi":"1 dakika"},"schema":{"@context":"https:\/\/schema.org","@graph":[{"@type":"WebPage","@id":"https:\/\/1dkka.com\/magaza2\/urun\/starwars-yeni-bir-umut-2\/","url":"https:\/\/1dkka.com\/magaza2\/urun\/starwars-yeni-bir-umut-2\/","name":"Starwars Yeni Bir Umut - Demo Magaza","isPartOf":{"@id":"https:\/\/1dkka.com\/magaza2\/#website"},"primaryImageOfPage":{"@id":"https:\/\/1dkka.com\/magaza2\/urun\/starwars-yeni-bir-umut-2\/#primaryimage"},"image":{"@id":"https:\/\/1dkka.com\/magaza2\/urun\/starwars-yeni-bir-umut-2\/#primaryimage"},"thumbnailUrl":"https:\/\/1dkka.com\/magaza2\/wp-content\/uploads\/sites\/8\/2025\/03\/0403202567c76ec836f3a.jpeg","datePublished":"2025-03-11T23:24:52+00:00","breadcrumb":{"@id":"https:\/\/1dkka.com\/magaza2\/urun\/starwars-yeni-bir-umut-2\/#breadcrumb"},"inLanguage":"tr","potentialAction":[{"@type":"ReadAction","target":["https:\/\/1dkka.com\/magaza2\/urun\/starwars-yeni-bir-umut-2\/"]}]},{"@type":"ImageObject","inLanguage":"tr","@id":"https:\/\/1dkka.com\/magaza2\/urun\/starwars-yeni-bir-umut-2\/#primaryimage","url":"https:\/\/1dkka.com\/magaza2\/wp-content\/uploads\/sites\/8\/2025\/03\/0403202567c76ec836f3a.jpeg","contentUrl":"https:\/\/1dkka.com\/magaza2\/wp-content\/uploads\/sites\/8\/2025\/03\/0403202567c76ec836f3a.jpeg","width":407,"height":600},{"@type":"BreadcrumbList","@id":"https:\/\/1dkka.com\/magaza2\/urun\/starwars-yeni-bir-umut-2\/#breadcrumb","itemListElement":[{"@type":"ListItem","position":1,"name":"Anasayfa","item":"https:\/\/1dkka.com\/magaza2\/"},{"@type":"ListItem","position":2,"name":"Ma\u011faza","item":"https:\/\/1dkka.com\/magaza2\/"},{"@type":"ListItem","position":3,"name":"Starwars Yeni Bir Umut"}]},{"@type":"WebSite","@id":"https:\/\/1dkka.com\/magaza2\/#website","url":"https:\/\/1dkka.com\/magaza2\/","name":"Demo Magaza","description":"Sanalmahalle.com","potentialAction":[{"@type":"SearchAction","target":{"@type":"EntryPoint","urlTemplate":"https:\/\/1dkka.com\/magaza2\/?s={search_term_string}"},"query-input":{"@type":"PropertyValueSpecification","valueRequired":true,"valueName":"search_term_string"}}],"inLanguage":"tr"}]}},"_links":{"self":[{"href":"https:\/\/1dkka.com\/magaza2\/wp-json\/wp\/v2\/product\/144","targetHints":{"allow":["GET"]}}],"collection":[{"href":"https:\/\/1dkka.com\/magaza2\/wp-json\/wp\/v2\/product"}],"about":[{"href":"https:\/\/1dkka.com\/magaza2\/wp-json\/wp\/v2\/types\/product"}],"replies":[{"embeddable":true,"href":"https:\/\/1dkka.com\/magaza2\/wp-json\/wp\/v2\/comments?post=144"}],"wp:featuredmedia":[{"embeddable":true,"href":"https:\/\/1dkka.com\/magaza2\/wp-json\/wp\/v2\/media\/20"}],"wp:attachment":[{"href":"https:\/\/1dkka.com\/magaza2\/wp-json\/wp\/v2\/media?parent=144"}],"wp:term":[{"taxonomy":"product_brand","embeddable":true,"href":"https:\/\/1dkka.com\/magaza2\/wp-json\/wp\/v2\/product_brand?post=144"},{"taxonomy":"product_cat","embeddable":true,"href":"https:\/\/1dkka.com\/magaza2\/wp-json\/wp\/v2\/product_cat?post=144"},{"taxonomy":"product_tag","embeddable":true,"href":"https:\/\/1dkka.com\/magaza2\/wp-json\/wp\/v2\/product_tag?post=144"}],"curies":[{"name":"wp","href":"https:\/\/api.w.org\/{rel}","templated":true}]}}