{"id":142,"date":"2025-03-12T02:24:50","date_gmt":"2025-03-11T23:24:50","guid":{"rendered":"https:\/\/1dkka.com\/magaza2\/urun\/my-little-pony-nokta-nokta-faaliyet-kitabi-2\/"},"modified":"2025-03-12T02:24:50","modified_gmt":"2025-03-11T23:24:50","slug":"my-little-pony-nokta-nokta-faaliyet-kitabi-2","status":"publish","type":"product","link":"https:\/\/1dkka.com\/magaza2\/urun\/my-little-pony-nokta-nokta-faaliyet-kitabi-2\/","title":{"rendered":"My Little Pony Nokta Nokta Faaliyet Kitab\u0131"},"content":{"rendered":"<p>Equestria&#8217;yi kurtaran 6 Pony&#8217;i hatirliyor musun? Haydi, neler yaptiklarina birlikte bakalim! G\u00f6r\u00fcn\u00fcse g\u00f6re Rarity sik butigini, Applejack elma \u00e7iftligini isletmeye devam ediyor ve Rainbow Dash&#8217;in Wonderboltlar arasindaki kariyeri hizla gelisiyor. Twilight Sparkle da yegeni Flurry Heart&#8217;a bakarken \u00e7ok egleniyor ve Fluttershy yeni a\u00e7tigi Hayvan Bakimevi&#8217;nde yarali ve hasta hayvanlarla ilgileniyor. Peki Pinkie Pie neler yapiyor? O her zamanki gibi zipir ve pespembe! Haydi, ponylerin d\u00fcnyasina sen de katil. Noktalari birlestir, resimleri boya, ponylerin eski ve yeni arkadaslarini tani. T\u00fcm zamanlarin en enerjik, en coskulu ve en neseli ponyleri seni birlikte eglenmeye \u00e7agiriyor! Kalemlerinle boyalarini hazirla! Keyifli saatlerin tadini \u00e7ikarmaya basla\u2026<\/p>\n<p>\u00dcr\u00fcn Ad\u0131: My Little Pony Nokta Nokta Faaliyet Kitab\u0131<br \/>\u00dcr\u00fcn Kodu: 9786050951011<br \/>Bas\u0131m Y\u0131l\u0131: 2018.00000000<br \/>Kapak T\u00fcr\u00fc: Karton Kapak<br \/>Ka\u011f\u0131t Cinsi: 1. Hamur<br \/>\u00c7evirmen: Komisyon<\/p>\n","protected":false},"excerpt":{"rendered":"<p>Equestria&#8217;yi kurtaran 6 Pony&#8217;i hatirliyor musun? Haydi, neler yaptiklarina birlikte bakalim! G\u00f6r\u00fcn\u00fcse g\u00f6re Rarity sik butigini, Applejack elma \u00e7iftligini isletmeye devam ediyor ve Rainbow Dash&#8217;in Wonderboltlar arasindaki kariyeri hizla gelisiyor. Twilight Sparkle da yegeni Flurry Heart&#8217;a bakarken \u00e7ok egleniyor ve Fluttershy yeni a\u00e7tigi Hayvan Bakimevi&#8217;nde yarali ve hasta hayvanlarla ilgileniyor. Peki Pinkie Pie neler yapiyor? O her zamanki gibi zipir ve pespembe! Haydi, ponylerin d\u00fcnyasina sen de katil. Noktalari birlestir, resimleri boya, ponylerin eski ve yeni arkadaslarini tani. T\u00fcm zamanlarin en enerjik, en coskulu ve en neseli ponyleri seni birlikte eglenmeye \u00e7agiriyor! Kalemlerinle boyalarini hazirla! Keyifli saatlerin tadini \u00e7ikarmaya basla\u2026<\/p>\n<p>\u00dcr\u00fcn Ad\u0131: My Little Pony Nokta Nokta Faaliyet Kitab\u0131<br \/>\u00dcr\u00fcn Kodu: 9786050951011<br \/>Bas\u0131m Y\u0131l\u0131: 2018.00000000<br \/>Kapak T\u00fcr\u00fc: Karton Kapak<br \/>Ka\u011f\u0131t Cinsi: 1. Hamur<br \/>\u00c7evirmen: Komisyon<\/p>\n","protected":false},"featured_media":16,"comment_status":"open","ping_status":"closed","template":"","meta":[],"product_brand":[],"product_cat":[18],"product_tag":[],"class_list":{"0":"post-142","1":"product","2":"type-product","3":"status-publish","4":"has-post-thumbnail","6":"product_cat-okul-oncesi","8":"first","9":"instock","10":"shipping-taxable","11":"purchasable","12":"product-type-simple"},"yoast_head":"<!-- This site is optimized with the Yoast SEO Premium plugin v24.5 (Yoast SEO v24.5) - https:\/\/yoast.com\/wordpress\/plugins\/seo\/ -->\n<title>My Little Pony Nokta Nokta Faaliyet Kitab\u0131 - Demo Magaza<\/title>\n<meta name=\"robots\" content=\"index, follow, max-snippet:-1, max-image-preview:large, max-video-preview:-1\" \/>\n<link rel=\"canonical\" href=\"https:\/\/1dkka.com\/magaza2\/urun\/my-little-pony-nokta-nokta-faaliyet-kitabi-2\/\" \/>\n<meta property=\"og:locale\" content=\"tr_TR\" \/>\n<meta property=\"og:type\" content=\"article\" \/>\n<meta property=\"og:title\" content=\"My Little Pony Nokta Nokta Faaliyet Kitab\u0131\" \/>\n<meta property=\"og:description\" content=\"Equestria&#039;yi kurtaran 6 Pony&#039;i hatirliyor musun? Haydi, neler yaptiklarina birlikte bakalim! G\u00f6r\u00fcn\u00fcse g\u00f6re Rarity sik butigini, Applejack elma \u00e7iftligini isletmeye devam ediyor ve Rainbow Dash&#039;in Wonderboltlar arasindaki kariyeri hizla gelisiyor. Twilight Sparkle da yegeni Flurry Heart&#039;a bakarken \u00e7ok egleniyor ve Fluttershy yeni a\u00e7tigi Hayvan Bakimevi&#039;nde yarali ve hasta hayvanlarla ilgileniyor. Peki Pinkie Pie neler yapiyor? O her zamanki gibi zipir ve pespembe! Haydi, ponylerin d\u00fcnyasina sen de katil. Noktalari birlestir, resimleri boya, ponylerin eski ve yeni arkadaslarini tani. T\u00fcm zamanlarin en enerjik, en coskulu ve en neseli ponyleri seni birlikte eglenmeye \u00e7agiriyor! Kalemlerinle boyalarini hazirla! Keyifli saatlerin tadini \u00e7ikarmaya basla\u2026\u00dcr\u00fcn Ad\u0131: My Little Pony Nokta Nokta Faaliyet Kitab\u0131\u00dcr\u00fcn Kodu: 9786050951011Bas\u0131m Y\u0131l\u0131: 2018.00000000Kapak T\u00fcr\u00fc: Karton KapakKa\u011f\u0131t Cinsi: 1. Hamur\u00c7evirmen: Komisyon\" \/>\n<meta property=\"og:url\" content=\"https:\/\/1dkka.com\/magaza2\/urun\/my-little-pony-nokta-nokta-faaliyet-kitabi-2\/\" \/>\n<meta property=\"og:site_name\" content=\"Demo Magaza\" \/>\n<meta property=\"og:image\" content=\"https:\/\/1dkka.com\/magaza2\/wp-content\/uploads\/sites\/8\/2025\/03\/0403202567c76ec6626c1.jpeg\" \/>\n\t<meta property=\"og:image:width\" content=\"501\" \/>\n\t<meta property=\"og:image:height\" content=\"600\" \/>\n\t<meta property=\"og:image:type\" content=\"image\/jpeg\" \/>\n<meta name=\"twitter:card\" content=\"summary_large_image\" \/>\n<meta name=\"twitter:label1\" content=\"Tahmini okuma s\u00fcresi\" \/>\n\t<meta name=\"twitter:data1\" content=\"1 dakika\" \/>\n<script type=\"application\/ld+json\" class=\"yoast-schema-graph\">{\"@context\":\"https:\/\/schema.org\",\"@graph\":[{\"@type\":\"WebPage\",\"@id\":\"https:\/\/1dkka.com\/magaza2\/urun\/my-little-pony-nokta-nokta-faaliyet-kitabi-2\/\",\"url\":\"https:\/\/1dkka.com\/magaza2\/urun\/my-little-pony-nokta-nokta-faaliyet-kitabi-2\/\",\"name\":\"My Little Pony Nokta Nokta Faaliyet Kitab\u0131 - Demo Magaza\",\"isPartOf\":{\"@id\":\"https:\/\/1dkka.com\/magaza2\/#website\"},\"primaryImageOfPage\":{\"@id\":\"https:\/\/1dkka.com\/magaza2\/urun\/my-little-pony-nokta-nokta-faaliyet-kitabi-2\/#primaryimage\"},\"image\":{\"@id\":\"https:\/\/1dkka.com\/magaza2\/urun\/my-little-pony-nokta-nokta-faaliyet-kitabi-2\/#primaryimage\"},\"thumbnailUrl\":\"https:\/\/1dkka.com\/magaza2\/wp-content\/uploads\/sites\/8\/2025\/03\/0403202567c76ec6626c1.jpeg\",\"datePublished\":\"2025-03-11T23:24:50+00:00\",\"breadcrumb\":{\"@id\":\"https:\/\/1dkka.com\/magaza2\/urun\/my-little-pony-nokta-nokta-faaliyet-kitabi-2\/#breadcrumb\"},\"inLanguage\":\"tr\",\"potentialAction\":[{\"@type\":\"ReadAction\",\"target\":[\"https:\/\/1dkka.com\/magaza2\/urun\/my-little-pony-nokta-nokta-faaliyet-kitabi-2\/\"]}]},{\"@type\":\"ImageObject\",\"inLanguage\":\"tr\",\"@id\":\"https:\/\/1dkka.com\/magaza2\/urun\/my-little-pony-nokta-nokta-faaliyet-kitabi-2\/#primaryimage\",\"url\":\"https:\/\/1dkka.com\/magaza2\/wp-content\/uploads\/sites\/8\/2025\/03\/0403202567c76ec6626c1.jpeg\",\"contentUrl\":\"https:\/\/1dkka.com\/magaza2\/wp-content\/uploads\/sites\/8\/2025\/03\/0403202567c76ec6626c1.jpeg\",\"width\":501,\"height\":600},{\"@type\":\"BreadcrumbList\",\"@id\":\"https:\/\/1dkka.com\/magaza2\/urun\/my-little-pony-nokta-nokta-faaliyet-kitabi-2\/#breadcrumb\",\"itemListElement\":[{\"@type\":\"ListItem\",\"position\":1,\"name\":\"Anasayfa\",\"item\":\"https:\/\/1dkka.com\/magaza2\/\"},{\"@type\":\"ListItem\",\"position\":2,\"name\":\"Ma\u011faza\",\"item\":\"https:\/\/1dkka.com\/magaza2\/\"},{\"@type\":\"ListItem\",\"position\":3,\"name\":\"My Little Pony Nokta Nokta Faaliyet Kitab\u0131\"}]},{\"@type\":\"WebSite\",\"@id\":\"https:\/\/1dkka.com\/magaza2\/#website\",\"url\":\"https:\/\/1dkka.com\/magaza2\/\",\"name\":\"Demo Magaza\",\"description\":\"Sanalmahalle.com\",\"potentialAction\":[{\"@type\":\"SearchAction\",\"target\":{\"@type\":\"EntryPoint\",\"urlTemplate\":\"https:\/\/1dkka.com\/magaza2\/?s={search_term_string}\"},\"query-input\":{\"@type\":\"PropertyValueSpecification\",\"valueRequired\":true,\"valueName\":\"search_term_string\"}}],\"inLanguage\":\"tr\"}]}<\/script>\n<!-- \/ Yoast SEO Premium plugin. -->","yoast_head_json":{"title":"My Little Pony Nokta Nokta Faaliyet Kitab\u0131 - Demo Magaza","robots":{"index":"index","follow":"follow","max-snippet":"max-snippet:-1","max-image-preview":"max-image-preview:large","max-video-preview":"max-video-preview:-1"},"canonical":"https:\/\/1dkka.com\/magaza2\/urun\/my-little-pony-nokta-nokta-faaliyet-kitabi-2\/","og_locale":"tr_TR","og_type":"article","og_title":"My Little Pony Nokta Nokta Faaliyet Kitab\u0131","og_description":"Equestria'yi kurtaran 6 Pony'i hatirliyor musun? Haydi, neler yaptiklarina birlikte bakalim! G\u00f6r\u00fcn\u00fcse g\u00f6re Rarity sik butigini, Applejack elma \u00e7iftligini isletmeye devam ediyor ve Rainbow Dash'in Wonderboltlar arasindaki kariyeri hizla gelisiyor. Twilight Sparkle da yegeni Flurry Heart'a bakarken \u00e7ok egleniyor ve Fluttershy yeni a\u00e7tigi Hayvan Bakimevi'nde yarali ve hasta hayvanlarla ilgileniyor. Peki Pinkie Pie neler yapiyor? O her zamanki gibi zipir ve pespembe! Haydi, ponylerin d\u00fcnyasina sen de katil. Noktalari birlestir, resimleri boya, ponylerin eski ve yeni arkadaslarini tani. T\u00fcm zamanlarin en enerjik, en coskulu ve en neseli ponyleri seni birlikte eglenmeye \u00e7agiriyor! Kalemlerinle boyalarini hazirla! Keyifli saatlerin tadini \u00e7ikarmaya basla\u2026\u00dcr\u00fcn Ad\u0131: My Little Pony Nokta Nokta Faaliyet Kitab\u0131\u00dcr\u00fcn Kodu: 9786050951011Bas\u0131m Y\u0131l\u0131: 2018.00000000Kapak T\u00fcr\u00fc: Karton KapakKa\u011f\u0131t Cinsi: 1. Hamur\u00c7evirmen: Komisyon","og_url":"https:\/\/1dkka.com\/magaza2\/urun\/my-little-pony-nokta-nokta-faaliyet-kitabi-2\/","og_site_name":"Demo Magaza","og_image":[{"width":501,"height":600,"url":"https:\/\/1dkka.com\/magaza2\/wp-content\/uploads\/sites\/8\/2025\/03\/0403202567c76ec6626c1.jpeg","type":"image\/jpeg"}],"twitter_card":"summary_large_image","twitter_misc":{"Tahmini okuma s\u00fcresi":"1 dakika"},"schema":{"@context":"https:\/\/schema.org","@graph":[{"@type":"WebPage","@id":"https:\/\/1dkka.com\/magaza2\/urun\/my-little-pony-nokta-nokta-faaliyet-kitabi-2\/","url":"https:\/\/1dkka.com\/magaza2\/urun\/my-little-pony-nokta-nokta-faaliyet-kitabi-2\/","name":"My Little Pony Nokta Nokta Faaliyet Kitab\u0131 - Demo Magaza","isPartOf":{"@id":"https:\/\/1dkka.com\/magaza2\/#website"},"primaryImageOfPage":{"@id":"https:\/\/1dkka.com\/magaza2\/urun\/my-little-pony-nokta-nokta-faaliyet-kitabi-2\/#primaryimage"},"image":{"@id":"https:\/\/1dkka.com\/magaza2\/urun\/my-little-pony-nokta-nokta-faaliyet-kitabi-2\/#primaryimage"},"thumbnailUrl":"https:\/\/1dkka.com\/magaza2\/wp-content\/uploads\/sites\/8\/2025\/03\/0403202567c76ec6626c1.jpeg","datePublished":"2025-03-11T23:24:50+00:00","breadcrumb":{"@id":"https:\/\/1dkka.com\/magaza2\/urun\/my-little-pony-nokta-nokta-faaliyet-kitabi-2\/#breadcrumb"},"inLanguage":"tr","potentialAction":[{"@type":"ReadAction","target":["https:\/\/1dkka.com\/magaza2\/urun\/my-little-pony-nokta-nokta-faaliyet-kitabi-2\/"]}]},{"@type":"ImageObject","inLanguage":"tr","@id":"https:\/\/1dkka.com\/magaza2\/urun\/my-little-pony-nokta-nokta-faaliyet-kitabi-2\/#primaryimage","url":"https:\/\/1dkka.com\/magaza2\/wp-content\/uploads\/sites\/8\/2025\/03\/0403202567c76ec6626c1.jpeg","contentUrl":"https:\/\/1dkka.com\/magaza2\/wp-content\/uploads\/sites\/8\/2025\/03\/0403202567c76ec6626c1.jpeg","width":501,"height":600},{"@type":"BreadcrumbList","@id":"https:\/\/1dkka.com\/magaza2\/urun\/my-little-pony-nokta-nokta-faaliyet-kitabi-2\/#breadcrumb","itemListElement":[{"@type":"ListItem","position":1,"name":"Anasayfa","item":"https:\/\/1dkka.com\/magaza2\/"},{"@type":"ListItem","position":2,"name":"Ma\u011faza","item":"https:\/\/1dkka.com\/magaza2\/"},{"@type":"ListItem","position":3,"name":"My Little Pony Nokta Nokta Faaliyet Kitab\u0131"}]},{"@type":"WebSite","@id":"https:\/\/1dkka.com\/magaza2\/#website","url":"https:\/\/1dkka.com\/magaza2\/","name":"Demo Magaza","description":"Sanalmahalle.com","potentialAction":[{"@type":"SearchAction","target":{"@type":"EntryPoint","urlTemplate":"https:\/\/1dkka.com\/magaza2\/?s={search_term_string}"},"query-input":{"@type":"PropertyValueSpecification","valueRequired":true,"valueName":"search_term_string"}}],"inLanguage":"tr"}]}},"_links":{"self":[{"href":"https:\/\/1dkka.com\/magaza2\/wp-json\/wp\/v2\/product\/142","targetHints":{"allow":["GET"]}}],"collection":[{"href":"https:\/\/1dkka.com\/magaza2\/wp-json\/wp\/v2\/product"}],"about":[{"href":"https:\/\/1dkka.com\/magaza2\/wp-json\/wp\/v2\/types\/product"}],"replies":[{"embeddable":true,"href":"https:\/\/1dkka.com\/magaza2\/wp-json\/wp\/v2\/comments?post=142"}],"wp:featuredmedia":[{"embeddable":true,"href":"https:\/\/1dkka.com\/magaza2\/wp-json\/wp\/v2\/media\/16"}],"wp:attachment":[{"href":"https:\/\/1dkka.com\/magaza2\/wp-json\/wp\/v2\/media?parent=142"}],"wp:term":[{"taxonomy":"product_brand","embeddable":true,"href":"https:\/\/1dkka.com\/magaza2\/wp-json\/wp\/v2\/product_brand?post=142"},{"taxonomy":"product_cat","embeddable":true,"href":"https:\/\/1dkka.com\/magaza2\/wp-json\/wp\/v2\/product_cat?post=142"},{"taxonomy":"product_tag","embeddable":true,"href":"https:\/\/1dkka.com\/magaza2\/wp-json\/wp\/v2\/product_tag?post=142"}],"curies":[{"name":"wp","href":"https:\/\/api.w.org\/{rel}","templated":true}]}}