{"id":92,"date":"2025-03-04T17:49:37","date_gmt":"2025-03-04T14:49:37","guid":{"rendered":"https:\/\/1dkka.com\/fzlmuhasebe\/?post_type=product&#038;p=92"},"modified":"2025-03-04T17:49:38","modified_gmt":"2025-03-04T14:49:38","slug":"e-ticaret-acilis-1-aylik-ucret","status":"publish","type":"product","link":"https:\/\/1dkka.com\/fzlmuhasebe\/urun\/e-ticaret-acilis-1-aylik-ucret\/","title":{"rendered":"E-Ticaret A\u00e7\u0131l\u0131\u015f &amp; 1 Ayl\u0131k \u00dccret"},"content":{"rendered":"<p>E-Ticaret A\u00e7\u0131l\u0131\u015f &amp; 1 Ayl\u0131k \u00dccret<\/p>\n","protected":false},"excerpt":{"rendered":"<p>E-Ticaret A\u00e7\u0131l\u0131\u015f &amp; 1 Ayl\u0131k \u00dccret<\/p>\n","protected":false},"featured_media":83,"comment_status":"open","ping_status":"closed","template":"","meta":[],"product_brand":[],"product_cat":[15],"product_tag":[],"class_list":{"0":"post-92","1":"product","2":"type-product","3":"status-publish","4":"has-post-thumbnail","6":"product_cat-genel","8":"first","9":"instock","10":"virtual","11":"sold-individually","12":"purchasable","13":"product-type-simple"},"yoast_head":"<!-- This site is optimized with the Yoast SEO Premium plugin v24.5 (Yoast SEO v24.5) - https:\/\/yoast.com\/wordpress\/plugins\/seo\/ -->\n<title>E-Ticaret A\u00e7\u0131l\u0131\u015f &amp; 1 Ayl\u0131k \u00dccret - FZLMUHASEBE<\/title>\n<meta name=\"robots\" content=\"index, follow, max-snippet:-1, max-image-preview:large, max-video-preview:-1\" \/>\n<link rel=\"canonical\" href=\"https:\/\/1dkka.com\/fzlmuhasebe\/urun\/e-ticaret-acilis-1-aylik-ucret\/\" \/>\n<meta property=\"og:locale\" content=\"tr_TR\" \/>\n<meta property=\"og:type\" content=\"article\" \/>\n<meta property=\"og:title\" content=\"E-Ticaret A\u00e7\u0131l\u0131\u015f &amp; 1 Ayl\u0131k \u00dccret\" \/>\n<meta property=\"og:description\" content=\"E-Ticaret A\u00e7\u0131l\u0131\u015f &amp; 1 Ayl\u0131k \u00dccret\" \/>\n<meta property=\"og:url\" content=\"https:\/\/1dkka.com\/fzlmuhasebe\/urun\/e-ticaret-acilis-1-aylik-ucret\/\" \/>\n<meta property=\"og:site_name\" content=\"FZLMUHASEBE\" \/>\n<meta property=\"article:modified_time\" content=\"2025-03-04T14:49:38+00:00\" \/>\n<meta property=\"og:image\" content=\"https:\/\/1dkka.com\/fzlmuhasebe\/wp-content\/uploads\/sites\/6\/2025\/03\/SMMM.png\" \/>\n\t<meta property=\"og:image:width\" content=\"228\" \/>\n\t<meta property=\"og:image:height\" content=\"221\" \/>\n\t<meta property=\"og:image:type\" content=\"image\/png\" \/>\n<meta name=\"twitter:card\" content=\"summary_large_image\" \/>\n<script type=\"application\/ld+json\" class=\"yoast-schema-graph\">{\"@context\":\"https:\/\/schema.org\",\"@graph\":[{\"@type\":\"WebPage\",\"@id\":\"https:\/\/1dkka.com\/fzlmuhasebe\/urun\/e-ticaret-acilis-1-aylik-ucret\/\",\"url\":\"https:\/\/1dkka.com\/fzlmuhasebe\/urun\/e-ticaret-acilis-1-aylik-ucret\/\",\"name\":\"E-Ticaret A\u00e7\u0131l\u0131\u015f &amp; 1 Ayl\u0131k \u00dccret - FZLMUHASEBE\",\"isPartOf\":{\"@id\":\"https:\/\/1dkka.com\/fzlmuhasebe\/#website\"},\"primaryImageOfPage\":{\"@id\":\"https:\/\/1dkka.com\/fzlmuhasebe\/urun\/e-ticaret-acilis-1-aylik-ucret\/#primaryimage\"},\"image\":{\"@id\":\"https:\/\/1dkka.com\/fzlmuhasebe\/urun\/e-ticaret-acilis-1-aylik-ucret\/#primaryimage\"},\"thumbnailUrl\":\"https:\/\/1dkka.com\/fzlmuhasebe\/wp-content\/uploads\/sites\/6\/2025\/03\/SMMM.png\",\"datePublished\":\"2025-03-04T14:49:37+00:00\",\"dateModified\":\"2025-03-04T14:49:38+00:00\",\"breadcrumb\":{\"@id\":\"https:\/\/1dkka.com\/fzlmuhasebe\/urun\/e-ticaret-acilis-1-aylik-ucret\/#breadcrumb\"},\"inLanguage\":\"tr\",\"potentialAction\":[{\"@type\":\"ReadAction\",\"target\":[\"https:\/\/1dkka.com\/fzlmuhasebe\/urun\/e-ticaret-acilis-1-aylik-ucret\/\"]}]},{\"@type\":\"ImageObject\",\"inLanguage\":\"tr\",\"@id\":\"https:\/\/1dkka.com\/fzlmuhasebe\/urun\/e-ticaret-acilis-1-aylik-ucret\/#primaryimage\",\"url\":\"https:\/\/1dkka.com\/fzlmuhasebe\/wp-content\/uploads\/sites\/6\/2025\/03\/SMMM.png\",\"contentUrl\":\"https:\/\/1dkka.com\/fzlmuhasebe\/wp-content\/uploads\/sites\/6\/2025\/03\/SMMM.png\",\"width\":228,\"height\":221},{\"@type\":\"BreadcrumbList\",\"@id\":\"https:\/\/1dkka.com\/fzlmuhasebe\/urun\/e-ticaret-acilis-1-aylik-ucret\/#breadcrumb\",\"itemListElement\":[{\"@type\":\"ListItem\",\"position\":1,\"name\":\"Anasayfa\",\"item\":\"https:\/\/1dkka.com\/fzlmuhasebe\/\"},{\"@type\":\"ListItem\",\"position\":2,\"name\":\"Ma\u011faza\",\"item\":\"https:\/\/1dkka.com\/fzlmuhasebe\/\"},{\"@type\":\"ListItem\",\"position\":3,\"name\":\"E-Ticaret A\u00e7\u0131l\u0131\u015f &amp; 1 Ayl\u0131k \u00dccret\"}]},{\"@type\":\"WebSite\",\"@id\":\"https:\/\/1dkka.com\/fzlmuhasebe\/#website\",\"url\":\"https:\/\/1dkka.com\/fzlmuhasebe\/\",\"name\":\"FZLMUHASEBE\",\"description\":\"Sanalmahalle.com\",\"potentialAction\":[{\"@type\":\"SearchAction\",\"target\":{\"@type\":\"EntryPoint\",\"urlTemplate\":\"https:\/\/1dkka.com\/fzlmuhasebe\/?s={search_term_string}\"},\"query-input\":{\"@type\":\"PropertyValueSpecification\",\"valueRequired\":true,\"valueName\":\"search_term_string\"}}],\"inLanguage\":\"tr\"}]}<\/script>\n<!-- \/ Yoast SEO Premium plugin. -->","yoast_head_json":{"title":"E-Ticaret A\u00e7\u0131l\u0131\u015f &amp; 1 Ayl\u0131k \u00dccret - FZLMUHASEBE","robots":{"index":"index","follow":"follow","max-snippet":"max-snippet:-1","max-image-preview":"max-image-preview:large","max-video-preview":"max-video-preview:-1"},"canonical":"https:\/\/1dkka.com\/fzlmuhasebe\/urun\/e-ticaret-acilis-1-aylik-ucret\/","og_locale":"tr_TR","og_type":"article","og_title":"E-Ticaret A\u00e7\u0131l\u0131\u015f &amp; 1 Ayl\u0131k \u00dccret","og_description":"E-Ticaret A\u00e7\u0131l\u0131\u015f &amp; 1 Ayl\u0131k \u00dccret","og_url":"https:\/\/1dkka.com\/fzlmuhasebe\/urun\/e-ticaret-acilis-1-aylik-ucret\/","og_site_name":"FZLMUHASEBE","article_modified_time":"2025-03-04T14:49:38+00:00","og_image":[{"width":228,"height":221,"url":"https:\/\/1dkka.com\/fzlmuhasebe\/wp-content\/uploads\/sites\/6\/2025\/03\/SMMM.png","type":"image\/png"}],"twitter_card":"summary_large_image","schema":{"@context":"https:\/\/schema.org","@graph":[{"@type":"WebPage","@id":"https:\/\/1dkka.com\/fzlmuhasebe\/urun\/e-ticaret-acilis-1-aylik-ucret\/","url":"https:\/\/1dkka.com\/fzlmuhasebe\/urun\/e-ticaret-acilis-1-aylik-ucret\/","name":"E-Ticaret A\u00e7\u0131l\u0131\u015f &amp; 1 Ayl\u0131k \u00dccret - FZLMUHASEBE","isPartOf":{"@id":"https:\/\/1dkka.com\/fzlmuhasebe\/#website"},"primaryImageOfPage":{"@id":"https:\/\/1dkka.com\/fzlmuhasebe\/urun\/e-ticaret-acilis-1-aylik-ucret\/#primaryimage"},"image":{"@id":"https:\/\/1dkka.com\/fzlmuhasebe\/urun\/e-ticaret-acilis-1-aylik-ucret\/#primaryimage"},"thumbnailUrl":"https:\/\/1dkka.com\/fzlmuhasebe\/wp-content\/uploads\/sites\/6\/2025\/03\/SMMM.png","datePublished":"2025-03-04T14:49:37+00:00","dateModified":"2025-03-04T14:49:38+00:00","breadcrumb":{"@id":"https:\/\/1dkka.com\/fzlmuhasebe\/urun\/e-ticaret-acilis-1-aylik-ucret\/#breadcrumb"},"inLanguage":"tr","potentialAction":[{"@type":"ReadAction","target":["https:\/\/1dkka.com\/fzlmuhasebe\/urun\/e-ticaret-acilis-1-aylik-ucret\/"]}]},{"@type":"ImageObject","inLanguage":"tr","@id":"https:\/\/1dkka.com\/fzlmuhasebe\/urun\/e-ticaret-acilis-1-aylik-ucret\/#primaryimage","url":"https:\/\/1dkka.com\/fzlmuhasebe\/wp-content\/uploads\/sites\/6\/2025\/03\/SMMM.png","contentUrl":"https:\/\/1dkka.com\/fzlmuhasebe\/wp-content\/uploads\/sites\/6\/2025\/03\/SMMM.png","width":228,"height":221},{"@type":"BreadcrumbList","@id":"https:\/\/1dkka.com\/fzlmuhasebe\/urun\/e-ticaret-acilis-1-aylik-ucret\/#breadcrumb","itemListElement":[{"@type":"ListItem","position":1,"name":"Anasayfa","item":"https:\/\/1dkka.com\/fzlmuhasebe\/"},{"@type":"ListItem","position":2,"name":"Ma\u011faza","item":"https:\/\/1dkka.com\/fzlmuhasebe\/"},{"@type":"ListItem","position":3,"name":"E-Ticaret A\u00e7\u0131l\u0131\u015f &amp; 1 Ayl\u0131k \u00dccret"}]},{"@type":"WebSite","@id":"https:\/\/1dkka.com\/fzlmuhasebe\/#website","url":"https:\/\/1dkka.com\/fzlmuhasebe\/","name":"FZLMUHASEBE","description":"Sanalmahalle.com","potentialAction":[{"@type":"SearchAction","target":{"@type":"EntryPoint","urlTemplate":"https:\/\/1dkka.com\/fzlmuhasebe\/?s={search_term_string}"},"query-input":{"@type":"PropertyValueSpecification","valueRequired":true,"valueName":"search_term_string"}}],"inLanguage":"tr"}]}},"_links":{"self":[{"href":"https:\/\/1dkka.com\/fzlmuhasebe\/wp-json\/wp\/v2\/product\/92","targetHints":{"allow":["GET"]}}],"collection":[{"href":"https:\/\/1dkka.com\/fzlmuhasebe\/wp-json\/wp\/v2\/product"}],"about":[{"href":"https:\/\/1dkka.com\/fzlmuhasebe\/wp-json\/wp\/v2\/types\/product"}],"replies":[{"embeddable":true,"href":"https:\/\/1dkka.com\/fzlmuhasebe\/wp-json\/wp\/v2\/comments?post=92"}],"wp:featuredmedia":[{"embeddable":true,"href":"https:\/\/1dkka.com\/fzlmuhasebe\/wp-json\/wp\/v2\/media\/83"}],"wp:attachment":[{"href":"https:\/\/1dkka.com\/fzlmuhasebe\/wp-json\/wp\/v2\/media?parent=92"}],"wp:term":[{"taxonomy":"product_brand","embeddable":true,"href":"https:\/\/1dkka.com\/fzlmuhasebe\/wp-json\/wp\/v2\/product_brand?post=92"},{"taxonomy":"product_cat","embeddable":true,"href":"https:\/\/1dkka.com\/fzlmuhasebe\/wp-json\/wp\/v2\/product_cat?post=92"},{"taxonomy":"product_tag","embeddable":true,"href":"https:\/\/1dkka.com\/fzlmuhasebe\/wp-json\/wp\/v2\/product_tag?post=92"}],"curies":[{"name":"wp","href":"https:\/\/api.w.org\/{rel}","templated":true}]}}