{"id":65,"date":"2025-03-04T16:10:35","date_gmt":"2025-03-04T13:10:35","guid":{"rendered":"https:\/\/1dkka.com\/fzlmuhasebe\/?page_id=65"},"modified":"2025-03-04T16:10:35","modified_gmt":"2025-03-04T13:10:35","slug":"iletisim-destek","status":"publish","type":"page","link":"https:\/\/1dkka.com\/fzlmuhasebe\/iletisim-destek\/","title":{"rendered":"\u0130leti\u015fim &amp; Destek"},"content":{"rendered":"\n<p><\/p>\n\n\n<div class=\"wpforms-container wpforms-container-full wpforms-block wpforms-block-91bc5d9f-9a77-44ec-99d9-e852a29ad12a wpforms-render-modern\" id=\"wpforms-67\"><form id=\"wpforms-form-67\" class=\"wpforms-validate wpforms-form wpforms-ajax-form\" data-formid=\"67\" method=\"post\" enctype=\"multipart\/form-data\" action=\"\/fzlmuhasebe\/wp-json\/wp\/v2\/pages\/65\" data-token=\"8916d8c61ff239c85e698c0bc7901c5b\" data-token-time=\"1777476474\"><noscript class=\"wpforms-error-noscript\">Bu formu bitirebilmek i\u00e7in taray\u0131c\u0131n\u0131zda JavaScript&#039;i etkinle\u015ftirin.<\/noscript><div class=\"wpforms-hidden\" id=\"wpforms-error-noscript\">Bu formu bitirebilmek i\u00e7in taray\u0131c\u0131n\u0131zda JavaScript&#039;i etkinle\u015ftirin.<\/div><div class=\"wpforms-field-container\"><div id=\"wpforms-67-field_1-container\" class=\"wpforms-field wpforms-field-name\" data-field-id=\"1\"><fieldset><legend class=\"wpforms-field-label\">Ad\u0131 Soyad\u0131 <span class=\"wpforms-required-label\" aria-hidden=\"true\">*<\/span><\/legend><div class=\"wpforms-field-row wpforms-field-medium\"><div class=\"wpforms-field-row-block wpforms-first wpforms-one-half\"><input type=\"text\" id=\"wpforms-67-field_1\" class=\"wpforms-field-name-first wpforms-field-required\" name=\"wpforms[fields][1][first]\" aria-errormessage=\"wpforms-67-field_1-error\" required><label for=\"wpforms-67-field_1\" class=\"wpforms-field-sublabel after\">Ad<\/label><\/div><div class=\"wpforms-field-row-block wpforms-one-half\"><input type=\"text\" id=\"wpforms-67-field_1-last\" class=\"wpforms-field-name-last wpforms-field-required\" name=\"wpforms[fields][1][last]\" aria-errormessage=\"wpforms-67-field_1-last-error\" required><label for=\"wpforms-67-field_1-last\" class=\"wpforms-field-sublabel after\">Soyad<\/label><\/div><\/div><\/fieldset><\/div><div id=\"wpforms-67-field_4-container\" class=\"wpforms-field wpforms-field-phone\" data-field-id=\"4\"><label class=\"wpforms-field-label\" for=\"wpforms-67-field_4\">Telefon <span class=\"wpforms-required-label\" aria-hidden=\"true\">*<\/span><\/label><input type=\"tel\" id=\"wpforms-67-field_4\" class=\"wpforms-field-medium wpforms-field-required\" data-rule-int-phone-field=\"true\" name=\"wpforms[fields][4]\" aria-label=\"Telefon\" aria-errormessage=\"wpforms-67-field_4-error\" required><\/div><div id=\"wpforms-67-field_2-container\" class=\"wpforms-field wpforms-field-email\" data-field-id=\"2\"><label class=\"wpforms-field-label\" for=\"wpforms-67-field_2\">E-posta <span class=\"wpforms-required-label\" aria-hidden=\"true\">*<\/span><\/label><input type=\"email\" id=\"wpforms-67-field_2\" class=\"wpforms-field-medium wpforms-field-required\" name=\"wpforms[fields][2]\" spellcheck=\"false\" aria-errormessage=\"wpforms-67-field_2-error\" required><\/div><div id=\"wpforms-67-field_3-container\" class=\"wpforms-field wpforms-field-textarea\" data-field-id=\"3\"><label class=\"wpforms-field-label\" for=\"wpforms-67-field_3\">Yorum veya Mesaj<\/label><textarea id=\"wpforms-67-field_3\" class=\"wpforms-field-medium\" name=\"wpforms[fields][3]\" aria-errormessage=\"wpforms-67-field_3-error\" ><\/textarea><\/div><\/div><!-- .wpforms-field-container --><div class=\"wpforms-submit-container\" ><input type=\"hidden\" name=\"wpforms[id]\" value=\"67\"><input type=\"hidden\" name=\"page_title\" value=\"\"><input type=\"hidden\" name=\"page_url\" value=\"https:\/\/1dkka.com\/fzlmuhasebe\/wp-json\/wp\/v2\/pages\/65\"><button type=\"submit\" name=\"wpforms[submit]\" id=\"wpforms-submit-67\" class=\"wpforms-submit\" data-alt-text=\"G\u00f6nderiliyor...\" data-submit-text=\"G\u00f6nder\" aria-live=\"assertive\" value=\"wpforms-submit\">G\u00f6nder<\/button><img loading=\"lazy\" decoding=\"async\" src=\"https:\/\/1dkka.com\/fzlmuhasebe\/wp-content\/plugins\/wpforms\/assets\/images\/submit-spin.svg\" class=\"wpforms-submit-spinner\" style=\"display: none;\" width=\"26\" height=\"26\" alt=\"Y\u00fckleniyor\"><\/div><\/form><\/div>  <!-- .wpforms-container -->","protected":false},"excerpt":{"rendered":"","protected":false},"author":3,"featured_media":0,"parent":0,"menu_order":0,"comment_status":"closed","ping_status":"closed","template":"","meta":{"footnotes":""},"class_list":["post-65","page","type-page","status-publish","hentry"],"yoast_head":"<!-- This site is optimized with the Yoast SEO Premium plugin v24.5 (Yoast SEO v24.5) - https:\/\/yoast.com\/wordpress\/plugins\/seo\/ -->\n<title>\u0130leti\u015fim &amp; Destek - FZLMUHASEBE<\/title>\n<meta name=\"robots\" content=\"index, follow, max-snippet:-1, max-image-preview:large, max-video-preview:-1\" \/>\n<link rel=\"canonical\" href=\"https:\/\/1dkka.com\/fzlmuhasebe\/iletisim-destek\/\" \/>\n<meta property=\"og:locale\" content=\"tr_TR\" \/>\n<meta property=\"og:type\" content=\"article\" \/>\n<meta property=\"og:title\" content=\"\u0130leti\u015fim &amp; Destek\" \/>\n<meta property=\"og:url\" content=\"https:\/\/1dkka.com\/fzlmuhasebe\/iletisim-destek\/\" \/>\n<meta property=\"og:site_name\" content=\"FZLMUHASEBE\" \/>\n<meta name=\"twitter:card\" content=\"summary_large_image\" \/>\n<script type=\"application\/ld+json\" class=\"yoast-schema-graph\">{\"@context\":\"https:\/\/schema.org\",\"@graph\":[{\"@type\":\"WebPage\",\"@id\":\"https:\/\/1dkka.com\/fzlmuhasebe\/iletisim-destek\/\",\"url\":\"https:\/\/1dkka.com\/fzlmuhasebe\/iletisim-destek\/\",\"name\":\"\u0130leti\u015fim &amp; Destek - FZLMUHASEBE\",\"isPartOf\":{\"@id\":\"https:\/\/1dkka.com\/fzlmuhasebe\/#website\"},\"datePublished\":\"2025-03-04T13:10:35+00:00\",\"breadcrumb\":{\"@id\":\"https:\/\/1dkka.com\/fzlmuhasebe\/iletisim-destek\/#breadcrumb\"},\"inLanguage\":\"tr\",\"potentialAction\":[{\"@type\":\"ReadAction\",\"target\":[\"https:\/\/1dkka.com\/fzlmuhasebe\/iletisim-destek\/\"]}]},{\"@type\":\"BreadcrumbList\",\"@id\":\"https:\/\/1dkka.com\/fzlmuhasebe\/iletisim-destek\/#breadcrumb\",\"itemListElement\":[{\"@type\":\"ListItem\",\"position\":1,\"name\":\"Anasayfa\",\"item\":\"https:\/\/1dkka.com\/fzlmuhasebe\/\"},{\"@type\":\"ListItem\",\"position\":2,\"name\":\"\u0130leti\u015fim &amp; Destek\"}]},{\"@type\":\"WebSite\",\"@id\":\"https:\/\/1dkka.com\/fzlmuhasebe\/#website\",\"url\":\"https:\/\/1dkka.com\/fzlmuhasebe\/\",\"name\":\"FZLMUHASEBE\",\"description\":\"Sanalmahalle.com\",\"potentialAction\":[{\"@type\":\"SearchAction\",\"target\":{\"@type\":\"EntryPoint\",\"urlTemplate\":\"https:\/\/1dkka.com\/fzlmuhasebe\/?s={search_term_string}\"},\"query-input\":{\"@type\":\"PropertyValueSpecification\",\"valueRequired\":true,\"valueName\":\"search_term_string\"}}],\"inLanguage\":\"tr\"}]}<\/script>\n<!-- \/ Yoast SEO Premium plugin. -->","yoast_head_json":{"title":"\u0130leti\u015fim &amp; Destek - FZLMUHASEBE","robots":{"index":"index","follow":"follow","max-snippet":"max-snippet:-1","max-image-preview":"max-image-preview:large","max-video-preview":"max-video-preview:-1"},"canonical":"https:\/\/1dkka.com\/fzlmuhasebe\/iletisim-destek\/","og_locale":"tr_TR","og_type":"article","og_title":"\u0130leti\u015fim &amp; Destek","og_url":"https:\/\/1dkka.com\/fzlmuhasebe\/iletisim-destek\/","og_site_name":"FZLMUHASEBE","twitter_card":"summary_large_image","schema":{"@context":"https:\/\/schema.org","@graph":[{"@type":"WebPage","@id":"https:\/\/1dkka.com\/fzlmuhasebe\/iletisim-destek\/","url":"https:\/\/1dkka.com\/fzlmuhasebe\/iletisim-destek\/","name":"\u0130leti\u015fim &amp; Destek - FZLMUHASEBE","isPartOf":{"@id":"https:\/\/1dkka.com\/fzlmuhasebe\/#website"},"datePublished":"2025-03-04T13:10:35+00:00","breadcrumb":{"@id":"https:\/\/1dkka.com\/fzlmuhasebe\/iletisim-destek\/#breadcrumb"},"inLanguage":"tr","potentialAction":[{"@type":"ReadAction","target":["https:\/\/1dkka.com\/fzlmuhasebe\/iletisim-destek\/"]}]},{"@type":"BreadcrumbList","@id":"https:\/\/1dkka.com\/fzlmuhasebe\/iletisim-destek\/#breadcrumb","itemListElement":[{"@type":"ListItem","position":1,"name":"Anasayfa","item":"https:\/\/1dkka.com\/fzlmuhasebe\/"},{"@type":"ListItem","position":2,"name":"\u0130leti\u015fim &amp; Destek"}]},{"@type":"WebSite","@id":"https:\/\/1dkka.com\/fzlmuhasebe\/#website","url":"https:\/\/1dkka.com\/fzlmuhasebe\/","name":"FZLMUHASEBE","description":"Sanalmahalle.com","potentialAction":[{"@type":"SearchAction","target":{"@type":"EntryPoint","urlTemplate":"https:\/\/1dkka.com\/fzlmuhasebe\/?s={search_term_string}"},"query-input":{"@type":"PropertyValueSpecification","valueRequired":true,"valueName":"search_term_string"}}],"inLanguage":"tr"}]}},"_links":{"self":[{"href":"https:\/\/1dkka.com\/fzlmuhasebe\/wp-json\/wp\/v2\/pages\/65","targetHints":{"allow":["GET"]}}],"collection":[{"href":"https:\/\/1dkka.com\/fzlmuhasebe\/wp-json\/wp\/v2\/pages"}],"about":[{"href":"https:\/\/1dkka.com\/fzlmuhasebe\/wp-json\/wp\/v2\/types\/page"}],"author":[{"embeddable":true,"href":"https:\/\/1dkka.com\/fzlmuhasebe\/wp-json\/wp\/v2\/users\/3"}],"replies":[{"embeddable":true,"href":"https:\/\/1dkka.com\/fzlmuhasebe\/wp-json\/wp\/v2\/comments?post=65"}],"version-history":[{"count":1,"href":"https:\/\/1dkka.com\/fzlmuhasebe\/wp-json\/wp\/v2\/pages\/65\/revisions"}],"predecessor-version":[{"id":71,"href":"https:\/\/1dkka.com\/fzlmuhasebe\/wp-json\/wp\/v2\/pages\/65\/revisions\/71"}],"wp:attachment":[{"href":"https:\/\/1dkka.com\/fzlmuhasebe\/wp-json\/wp\/v2\/media?parent=65"}],"curies":[{"name":"wp","href":"https:\/\/api.w.org\/{rel}","templated":true}]}}