{"id":64,"date":"2025-03-02T21:20:14","date_gmt":"2025-03-02T18:20:14","guid":{"rendered":"https:\/\/1dkka.com\/entegrasyon\/?post_type=product&#038;p=64"},"modified":"2025-05-05T18:59:06","modified_gmt":"2025-05-05T15:59:06","slug":"6-aylik-e-ticaret-paketi","status":"publish","type":"product","link":"https:\/\/1dkka.com\/entegrasyon\/urun\/6-aylik-e-ticaret-paketi\/","title":{"rendered":"6 Ayl\u0131k E-Ticaret Sitesi"},"content":{"rendered":"<h2>\u00dcr\u00fcn De\u011feri ve Faydalar\u0131<\/h2>\n<p>Gelece\u011fin ticaretine ad\u0131m atmak i\u00e7in en iyi se\u00e7eneklerden biri olan 6 Ayl\u0131k E-Ticaret Paketi ile online sat\u0131\u015f potansiyelinizi maksimum seviyeye \u00e7\u0131kar\u0131n. Bu kapsaml\u0131 paket, i\u015fletmenizin dijital d\u00f6n\u00fc\u015f\u00fcm\u00fcn\u00fc h\u0131zland\u0131r\u0131rken, kullan\u0131c\u0131 dostu aray\u00fcz\u00fc sayesinde dikkat \u00e7ekici bir online d\u00fckkan olu\u015fturman\u0131za yard\u0131mc\u0131 olur. H\u0131zl\u0131 kurulum ve etkili m\u00fc\u015fteri destek hizmetleri ile, e-ticaret ser\u00fcveninize kolayca ba\u015flayabilirsiniz.<\/p>\n<h2>Paketin \u0130\u00e7eri\u011fi<\/h2>\n<p>6 Ayl\u0131k E-Ticaret Paketi, sadece bir web sitesi kurulumunu de\u011fil, ayn\u0131 zamanda kapsaml\u0131 bir e-ticaret deneyimini i\u00e7erir. Profesyonel tasar\u0131m, \u00fcr\u00fcn y\u00f6netimi, \u00f6deme entegrasyonlar\u0131 ve g\u00fcvenlik unsurlar\u0131yla, online d\u00fckkan\u0131n\u0131z\u0131 kurmak ve y\u00f6netmek hi\u00e7 bu kadar kolay olmam\u0131\u015ft\u0131. Ayr\u0131ca bu paket, SEO optimizasyonu ve pazarlama ara\u00e7lar\u0131yla birlikte gelir, b\u00f6ylece \u00fcr\u00fcnlerinizi do\u011fru hedef kitleye ula\u015ft\u0131rabilirsiniz.<\/p>\n<h2>Ni\u00e7in 6 Ayl\u0131k E-Ticaret Paketi?<\/h2>\n<p>E-ticaret alan\u0131nda ba\u015far\u0131l\u0131 olman\u0131n anahtar\u0131, do\u011fru ara\u00e7lar\u0131 kullanmakt\u0131r. 6 Ayl\u0131k E-Ticaret Paketi, size sadece bir sat\u0131\u015f platformu sunmakla kalmaz, ayn\u0131 zamanda i\u015finizi b\u00fcy\u00fctmek i\u00e7in ihtiya\u00e7 duydu\u011funuz t\u00fcm kaynaklar\u0131 sa\u011flar. S\u00fcrekli g\u00fcncellenen \u00f6zellikler ve kullan\u0131c\u0131 geri bildirimlerine dayal\u0131 iyile\u015ftirmelerle, bu paket uzun vadeli bir yat\u0131r\u0131m olacakt\u0131r. \u00dcstelik, kapsaml\u0131 analitik raporlar ile sat\u0131\u015flar\u0131n\u0131z\u0131 takip edebilir, stratejilerinizi daha etkili bir \u015fekilde olu\u015fturabilirsiniz.<\/p>\n","protected":false},"excerpt":{"rendered":"<p>6 Ayl\u0131k E-Ticaret Paketi<\/p>\n","protected":false},"featured_media":101,"comment_status":"open","ping_status":"closed","template":"","meta":[],"product_brand":[],"product_cat":[15],"product_tag":[],"class_list":{"0":"post-64","1":"product","2":"type-product","3":"status-publish","4":"has-post-thumbnail","6":"product_cat-genel","8":"first","9":"instock","10":"virtual","11":"sold-individually","12":"purchasable","13":"product-type-simple"},"yoast_head":"<!-- This site is optimized with the Yoast SEO Premium plugin v24.5 (Yoast SEO v24.5) - https:\/\/yoast.com\/wordpress\/plugins\/seo\/ -->\n<title>6 Ayl\u0131k E-Ticaret Sitesi - Entegrasyonlar<\/title>\n<meta name=\"description\" content=\"6 Ayl\u0131k E-Ticaret Paketi, sadece bir web sitesi kurulumunu de\u011fil, ayn\u0131 zamanda kapsaml\u0131 bir e-ticaret deneyimini i\u00e7erir. Profesyonel tasar\u0131m, \u00fcr\u00fcn y\u00f6netimi, \u00f6deme entegrasyonlar\u0131 ve g\u00fcvenlik unsurlar\u0131yla, online d\u00fckkan\u0131n\u0131z\u0131 kurmak ve y\u00f6netmek hi\u00e7 bu kadar kolay olmam\u0131\u015ft\u0131\" \/>\n<meta name=\"robots\" content=\"index, follow, max-snippet:-1, max-image-preview:large, max-video-preview:-1\" \/>\n<link rel=\"canonical\" href=\"https:\/\/1dkka.com\/entegrasyon\/urun\/6-aylik-e-ticaret-paketi\/\" \/>\n<meta property=\"og:locale\" content=\"tr_TR\" \/>\n<meta property=\"og:type\" content=\"article\" \/>\n<meta property=\"og:title\" content=\"6 Ayl\u0131k E-Ticaret Sitesi\" \/>\n<meta property=\"og:description\" content=\"6 Ayl\u0131k E-Ticaret Paketi, sadece bir web sitesi kurulumunu de\u011fil, ayn\u0131 zamanda kapsaml\u0131 bir e-ticaret deneyimini i\u00e7erir. Profesyonel tasar\u0131m, \u00fcr\u00fcn y\u00f6netimi, \u00f6deme entegrasyonlar\u0131 ve g\u00fcvenlik unsurlar\u0131yla, online d\u00fckkan\u0131n\u0131z\u0131 kurmak ve y\u00f6netmek hi\u00e7 bu kadar kolay olmam\u0131\u015ft\u0131\" \/>\n<meta property=\"og:url\" content=\"https:\/\/1dkka.com\/entegrasyon\/urun\/6-aylik-e-ticaret-paketi\/\" \/>\n<meta property=\"og:site_name\" content=\"Entegrasyonlar\" \/>\n<meta property=\"article:modified_time\" content=\"2025-05-05T15:59:06+00:00\" \/>\n<meta property=\"og:image\" content=\"https:\/\/1dkka.com\/entegrasyon\/wp-content\/uploads\/sites\/2\/2025\/03\/1.png\" \/>\n\t<meta property=\"og:image:width\" content=\"300\" \/>\n\t<meta property=\"og:image:height\" content=\"180\" \/>\n\t<meta property=\"og:image:type\" content=\"image\/png\" \/>\n<meta name=\"twitter:card\" content=\"summary_large_image\" \/>\n<meta name=\"twitter:label1\" content=\"Tahmini okuma s\u00fcresi\" \/>\n\t<meta name=\"twitter:data1\" content=\"2 dakika\" \/>\n<script type=\"application\/ld+json\" class=\"yoast-schema-graph\">{\"@context\":\"https:\/\/schema.org\",\"@graph\":[{\"@type\":\"WebPage\",\"@id\":\"https:\/\/1dkka.com\/entegrasyon\/urun\/6-aylik-e-ticaret-paketi\/\",\"url\":\"https:\/\/1dkka.com\/entegrasyon\/urun\/6-aylik-e-ticaret-paketi\/\",\"name\":\"6 Ayl\u0131k E-Ticaret Sitesi - Entegrasyonlar\",\"isPartOf\":{\"@id\":\"https:\/\/1dkka.com\/entegrasyon\/#website\"},\"primaryImageOfPage\":{\"@id\":\"https:\/\/1dkka.com\/entegrasyon\/urun\/6-aylik-e-ticaret-paketi\/#primaryimage\"},\"image\":{\"@id\":\"https:\/\/1dkka.com\/entegrasyon\/urun\/6-aylik-e-ticaret-paketi\/#primaryimage\"},\"thumbnailUrl\":\"https:\/\/1dkka.com\/entegrasyon\/wp-content\/uploads\/sites\/2\/2025\/03\/1.png\",\"datePublished\":\"2025-03-02T18:20:14+00:00\",\"dateModified\":\"2025-05-05T15:59:06+00:00\",\"description\":\"6 Ayl\u0131k E-Ticaret Paketi, sadece bir web sitesi kurulumunu de\u011fil, ayn\u0131 zamanda kapsaml\u0131 bir e-ticaret deneyimini i\u00e7erir. Profesyonel tasar\u0131m, \u00fcr\u00fcn y\u00f6netimi, \u00f6deme entegrasyonlar\u0131 ve g\u00fcvenlik unsurlar\u0131yla, online d\u00fckkan\u0131n\u0131z\u0131 kurmak ve y\u00f6netmek hi\u00e7 bu kadar kolay olmam\u0131\u015ft\u0131\",\"breadcrumb\":{\"@id\":\"https:\/\/1dkka.com\/entegrasyon\/urun\/6-aylik-e-ticaret-paketi\/#breadcrumb\"},\"inLanguage\":\"tr\",\"potentialAction\":[{\"@type\":\"ReadAction\",\"target\":[\"https:\/\/1dkka.com\/entegrasyon\/urun\/6-aylik-e-ticaret-paketi\/\"]}]},{\"@type\":\"ImageObject\",\"inLanguage\":\"tr\",\"@id\":\"https:\/\/1dkka.com\/entegrasyon\/urun\/6-aylik-e-ticaret-paketi\/#primaryimage\",\"url\":\"https:\/\/1dkka.com\/entegrasyon\/wp-content\/uploads\/sites\/2\/2025\/03\/1.png\",\"contentUrl\":\"https:\/\/1dkka.com\/entegrasyon\/wp-content\/uploads\/sites\/2\/2025\/03\/1.png\",\"width\":300,\"height\":180},{\"@type\":\"BreadcrumbList\",\"@id\":\"https:\/\/1dkka.com\/entegrasyon\/urun\/6-aylik-e-ticaret-paketi\/#breadcrumb\",\"itemListElement\":[{\"@type\":\"ListItem\",\"position\":1,\"name\":\"Anasayfa\",\"item\":\"https:\/\/1dkka.com\/entegrasyon\/\"},{\"@type\":\"ListItem\",\"position\":2,\"name\":\"Ma\u011faza\",\"item\":\"https:\/\/1dkka.com\/entegrasyon\/\"},{\"@type\":\"ListItem\",\"position\":3,\"name\":\"6 Ayl\u0131k E-Ticaret Sitesi\"}]},{\"@type\":\"WebSite\",\"@id\":\"https:\/\/1dkka.com\/entegrasyon\/#website\",\"url\":\"https:\/\/1dkka.com\/entegrasyon\/\",\"name\":\"Entegrasyonlar\",\"description\":\"\",\"publisher\":{\"@id\":\"https:\/\/1dkka.com\/entegrasyon\/#organization\"},\"potentialAction\":[{\"@type\":\"SearchAction\",\"target\":{\"@type\":\"EntryPoint\",\"urlTemplate\":\"https:\/\/1dkka.com\/entegrasyon\/?s={search_term_string}\"},\"query-input\":{\"@type\":\"PropertyValueSpecification\",\"valueRequired\":true,\"valueName\":\"search_term_string\"}}],\"inLanguage\":\"tr\"},{\"@type\":\"Organization\",\"@id\":\"https:\/\/1dkka.com\/entegrasyon\/#organization\",\"name\":\"Entegrasyonlar\",\"url\":\"https:\/\/1dkka.com\/entegrasyon\/\",\"logo\":{\"@type\":\"ImageObject\",\"inLanguage\":\"tr\",\"@id\":\"https:\/\/1dkka.com\/entegrasyon\/#\/schema\/logo\/image\/\",\"url\":\"https:\/\/1dkka.com\/entegrasyon\/wp-content\/uploads\/sites\/2\/2025\/03\/2.png\",\"contentUrl\":\"https:\/\/1dkka.com\/entegrasyon\/wp-content\/uploads\/sites\/2\/2025\/03\/2.png\",\"width\":300,\"height\":180,\"caption\":\"Entegrasyonlar\"},\"image\":{\"@id\":\"https:\/\/1dkka.com\/entegrasyon\/#\/schema\/logo\/image\/\"}}]}<\/script>\n<!-- \/ Yoast SEO Premium plugin. -->","yoast_head_json":{"title":"6 Ayl\u0131k E-Ticaret Sitesi - Entegrasyonlar","description":"6 Ayl\u0131k E-Ticaret Paketi, sadece bir web sitesi kurulumunu de\u011fil, ayn\u0131 zamanda kapsaml\u0131 bir e-ticaret deneyimini i\u00e7erir. Profesyonel tasar\u0131m, \u00fcr\u00fcn y\u00f6netimi, \u00f6deme entegrasyonlar\u0131 ve g\u00fcvenlik unsurlar\u0131yla, online d\u00fckkan\u0131n\u0131z\u0131 kurmak ve y\u00f6netmek hi\u00e7 bu kadar kolay olmam\u0131\u015ft\u0131","robots":{"index":"index","follow":"follow","max-snippet":"max-snippet:-1","max-image-preview":"max-image-preview:large","max-video-preview":"max-video-preview:-1"},"canonical":"https:\/\/1dkka.com\/entegrasyon\/urun\/6-aylik-e-ticaret-paketi\/","og_locale":"tr_TR","og_type":"article","og_title":"6 Ayl\u0131k E-Ticaret Sitesi","og_description":"6 Ayl\u0131k E-Ticaret Paketi, sadece bir web sitesi kurulumunu de\u011fil, ayn\u0131 zamanda kapsaml\u0131 bir e-ticaret deneyimini i\u00e7erir. Profesyonel tasar\u0131m, \u00fcr\u00fcn y\u00f6netimi, \u00f6deme entegrasyonlar\u0131 ve g\u00fcvenlik unsurlar\u0131yla, online d\u00fckkan\u0131n\u0131z\u0131 kurmak ve y\u00f6netmek hi\u00e7 bu kadar kolay olmam\u0131\u015ft\u0131","og_url":"https:\/\/1dkka.com\/entegrasyon\/urun\/6-aylik-e-ticaret-paketi\/","og_site_name":"Entegrasyonlar","article_modified_time":"2025-05-05T15:59:06+00:00","og_image":[{"width":300,"height":180,"url":"https:\/\/1dkka.com\/entegrasyon\/wp-content\/uploads\/sites\/2\/2025\/03\/1.png","type":"image\/png"}],"twitter_card":"summary_large_image","twitter_misc":{"Tahmini okuma s\u00fcresi":"2 dakika"},"schema":{"@context":"https:\/\/schema.org","@graph":[{"@type":"WebPage","@id":"https:\/\/1dkka.com\/entegrasyon\/urun\/6-aylik-e-ticaret-paketi\/","url":"https:\/\/1dkka.com\/entegrasyon\/urun\/6-aylik-e-ticaret-paketi\/","name":"6 Ayl\u0131k E-Ticaret Sitesi - Entegrasyonlar","isPartOf":{"@id":"https:\/\/1dkka.com\/entegrasyon\/#website"},"primaryImageOfPage":{"@id":"https:\/\/1dkka.com\/entegrasyon\/urun\/6-aylik-e-ticaret-paketi\/#primaryimage"},"image":{"@id":"https:\/\/1dkka.com\/entegrasyon\/urun\/6-aylik-e-ticaret-paketi\/#primaryimage"},"thumbnailUrl":"https:\/\/1dkka.com\/entegrasyon\/wp-content\/uploads\/sites\/2\/2025\/03\/1.png","datePublished":"2025-03-02T18:20:14+00:00","dateModified":"2025-05-05T15:59:06+00:00","description":"6 Ayl\u0131k E-Ticaret Paketi, sadece bir web sitesi kurulumunu de\u011fil, ayn\u0131 zamanda kapsaml\u0131 bir e-ticaret deneyimini i\u00e7erir. Profesyonel tasar\u0131m, \u00fcr\u00fcn y\u00f6netimi, \u00f6deme entegrasyonlar\u0131 ve g\u00fcvenlik unsurlar\u0131yla, online d\u00fckkan\u0131n\u0131z\u0131 kurmak ve y\u00f6netmek hi\u00e7 bu kadar kolay olmam\u0131\u015ft\u0131","breadcrumb":{"@id":"https:\/\/1dkka.com\/entegrasyon\/urun\/6-aylik-e-ticaret-paketi\/#breadcrumb"},"inLanguage":"tr","potentialAction":[{"@type":"ReadAction","target":["https:\/\/1dkka.com\/entegrasyon\/urun\/6-aylik-e-ticaret-paketi\/"]}]},{"@type":"ImageObject","inLanguage":"tr","@id":"https:\/\/1dkka.com\/entegrasyon\/urun\/6-aylik-e-ticaret-paketi\/#primaryimage","url":"https:\/\/1dkka.com\/entegrasyon\/wp-content\/uploads\/sites\/2\/2025\/03\/1.png","contentUrl":"https:\/\/1dkka.com\/entegrasyon\/wp-content\/uploads\/sites\/2\/2025\/03\/1.png","width":300,"height":180},{"@type":"BreadcrumbList","@id":"https:\/\/1dkka.com\/entegrasyon\/urun\/6-aylik-e-ticaret-paketi\/#breadcrumb","itemListElement":[{"@type":"ListItem","position":1,"name":"Anasayfa","item":"https:\/\/1dkka.com\/entegrasyon\/"},{"@type":"ListItem","position":2,"name":"Ma\u011faza","item":"https:\/\/1dkka.com\/entegrasyon\/"},{"@type":"ListItem","position":3,"name":"6 Ayl\u0131k E-Ticaret Sitesi"}]},{"@type":"WebSite","@id":"https:\/\/1dkka.com\/entegrasyon\/#website","url":"https:\/\/1dkka.com\/entegrasyon\/","name":"Entegrasyonlar","description":"","publisher":{"@id":"https:\/\/1dkka.com\/entegrasyon\/#organization"},"potentialAction":[{"@type":"SearchAction","target":{"@type":"EntryPoint","urlTemplate":"https:\/\/1dkka.com\/entegrasyon\/?s={search_term_string}"},"query-input":{"@type":"PropertyValueSpecification","valueRequired":true,"valueName":"search_term_string"}}],"inLanguage":"tr"},{"@type":"Organization","@id":"https:\/\/1dkka.com\/entegrasyon\/#organization","name":"Entegrasyonlar","url":"https:\/\/1dkka.com\/entegrasyon\/","logo":{"@type":"ImageObject","inLanguage":"tr","@id":"https:\/\/1dkka.com\/entegrasyon\/#\/schema\/logo\/image\/","url":"https:\/\/1dkka.com\/entegrasyon\/wp-content\/uploads\/sites\/2\/2025\/03\/2.png","contentUrl":"https:\/\/1dkka.com\/entegrasyon\/wp-content\/uploads\/sites\/2\/2025\/03\/2.png","width":300,"height":180,"caption":"Entegrasyonlar"},"image":{"@id":"https:\/\/1dkka.com\/entegrasyon\/#\/schema\/logo\/image\/"}}]}},"_links":{"self":[{"href":"https:\/\/1dkka.com\/entegrasyon\/wp-json\/wp\/v2\/product\/64","targetHints":{"allow":["GET"]}}],"collection":[{"href":"https:\/\/1dkka.com\/entegrasyon\/wp-json\/wp\/v2\/product"}],"about":[{"href":"https:\/\/1dkka.com\/entegrasyon\/wp-json\/wp\/v2\/types\/product"}],"replies":[{"embeddable":true,"href":"https:\/\/1dkka.com\/entegrasyon\/wp-json\/wp\/v2\/comments?post=64"}],"wp:featuredmedia":[{"embeddable":true,"href":"https:\/\/1dkka.com\/entegrasyon\/wp-json\/wp\/v2\/media\/101"}],"wp:attachment":[{"href":"https:\/\/1dkka.com\/entegrasyon\/wp-json\/wp\/v2\/media?parent=64"}],"wp:term":[{"taxonomy":"product_brand","embeddable":true,"href":"https:\/\/1dkka.com\/entegrasyon\/wp-json\/wp\/v2\/product_brand?post=64"},{"taxonomy":"product_cat","embeddable":true,"href":"https:\/\/1dkka.com\/entegrasyon\/wp-json\/wp\/v2\/product_cat?post=64"},{"taxonomy":"product_tag","embeddable":true,"href":"https:\/\/1dkka.com\/entegrasyon\/wp-json\/wp\/v2\/product_tag?post=64"}],"curies":[{"name":"wp","href":"https:\/\/api.w.org\/{rel}","templated":true}]}}