{"id":60,"date":"2025-03-02T21:15:10","date_gmt":"2025-03-02T18:15:10","guid":{"rendered":"https:\/\/1dkka.com\/entegrasyon\/?post_type=product&#038;p=60"},"modified":"2025-05-05T18:44:33","modified_gmt":"2025-05-05T15:44:33","slug":"eticaret-sitesi","status":"publish","type":"product","link":"https:\/\/1dkka.com\/entegrasyon\/urun\/eticaret-sitesi\/","title":{"rendered":"12 Ayl\u0131k E-Ticaret Sitesi"},"content":{"rendered":"<h2>\u0130\u015finizi B\u00fcy\u00fctmek \u0130\u00e7in Tasarland\u0131<\/h2>\n<p>12 Ayl\u0131k E-Ticaret Sitesi, \u00e7evrimi\u00e7i varl\u0131\u011f\u0131n\u0131z\u0131 art\u0131rman\u0131z i\u00e7in ideal bir \u00e7\u00f6z\u00fcmd\u00fcr. Kapsaml\u0131 bir platformda, \u00fcr\u00fcnlerinizi sergilemek, sat\u0131\u015f yapmak ve m\u00fc\u015fteri ili\u015fkilerinizi geli\u015ftirmek i\u00e7in gerekli olan t\u00fcm ara\u00e7lar\u0131 sunar. Web sitenizin her y\u00f6n\u00fc, ihtiyac\u0131n\u0131za g\u00f6re \u00f6zelle\u015ftirilebilir.<\/p>\n<h2>Kolay Kullan\u0131m ve Y\u00f6netim<\/h2>\n<p>Bu e-ticaret sitesi, kullan\u0131c\u0131 dostu aray\u00fcz\u00fc ile tan\u0131n\u0131r. H\u0131zla al\u0131\u015facaks\u0131n\u0131z; ma\u011fazan\u0131z\u0131 kurmak ve i\u015fletmek art\u0131k daha kolay. \u00dcr\u00fcn eklemek, envanteri y\u00f6netmek ve sipari\u015fleri takip etmek i\u00e7in her \u015fey parmaklar\u0131n\u0131z\u0131n ucunda. 12 ayl\u0131k abonelik ile sorunsuz deneyim ya\u015fayacaks\u0131n\u0131z.<\/p>\n<h2>Geli\u015fmi\u015f \u00d6zellikler ve Destek<\/h2>\n<p>12 Ayl\u0131k E-Ticaret Sitesi, mobil uyumluluk, \u00e7oklu \u00f6deme se\u00e7enekleri ve g\u00fcvenli al\u0131\u015fveri\u015f imkan\u0131 gibi \u00f6zelliklere sahiptir. Ayr\u0131ca, m\u00fc\u015fteri destek hizmetlerimiz her zaman yan\u0131n\u0131zda. Bu hizmet, yaln\u0131zca ba\u015flang\u0131\u00e7ta de\u011fil, i\u015finiz b\u00fcy\u00fcd\u00fck\u00e7e de size destek olmaya devam edecektir. Hedef kitlenize ula\u015fman\u0131n ve m\u00fc\u015fteri memnuniyetini art\u0131rman\u0131n yollar\u0131n\u0131 birlikte ke\u015ffedelim.<\/p>\n","protected":false},"excerpt":{"rendered":"<p>1 Y\u0131ll\u0131k (12 Ayl\u0131k) E-Ticaret Sitesi &#8211; 1.200 TL &#8211; Ortalama Ayl\u0131k 1oo TL<\/p>\n","protected":false},"featured_media":101,"comment_status":"open","ping_status":"closed","template":"","meta":[],"product_brand":[],"product_cat":[15],"product_tag":[],"class_list":{"0":"post-60","1":"product","2":"type-product","3":"status-publish","4":"has-post-thumbnail","6":"product_cat-genel","8":"first","9":"instock","10":"virtual","11":"sold-individually","12":"purchasable","13":"product-type-simple"},"yoast_head":"<!-- This site is optimized with the Yoast SEO Premium plugin v24.5 (Yoast SEO v24.5) - https:\/\/yoast.com\/wordpress\/plugins\/seo\/ -->\n<title>12 Ayl\u0131k E-Ticaret Sitesi - Entegrasyonlar<\/title>\n<meta name=\"description\" content=\"Bu e-ticaret sitesi, kullan\u0131c\u0131 dostu aray\u00fcz\u00fc ile tan\u0131n\u0131r. H\u0131zla al\u0131\u015facaks\u0131n\u0131z; ma\u011fazan\u0131z\u0131 kurmak ve i\u015fletmek art\u0131k daha kolay. \u00dcr\u00fcn eklemek, envanteri y\u00f6netmek ve sipari\u015fleri takip etmek i\u00e7in her \u015fey parmaklar\u0131n\u0131z\u0131n ucunda. 12 ayl\u0131k abonelik ile sorunsuz deneyim ya\u015fayacaks\u0131n\u0131z.\" \/>\n<meta name=\"robots\" content=\"index, follow, max-snippet:-1, max-image-preview:large, max-video-preview:-1\" \/>\n<link rel=\"canonical\" href=\"https:\/\/1dkka.com\/entegrasyon\/urun\/eticaret-sitesi\/\" \/>\n<meta property=\"og:locale\" content=\"tr_TR\" \/>\n<meta property=\"og:type\" content=\"article\" \/>\n<meta property=\"og:title\" content=\"12 Ayl\u0131k E-Ticaret Sitesi\" \/>\n<meta property=\"og:description\" content=\"Bu e-ticaret sitesi, kullan\u0131c\u0131 dostu aray\u00fcz\u00fc ile tan\u0131n\u0131r. H\u0131zla al\u0131\u015facaks\u0131n\u0131z; ma\u011fazan\u0131z\u0131 kurmak ve i\u015fletmek art\u0131k daha kolay. \u00dcr\u00fcn eklemek, envanteri y\u00f6netmek ve sipari\u015fleri takip etmek i\u00e7in her \u015fey parmaklar\u0131n\u0131z\u0131n ucunda. 12 ayl\u0131k abonelik ile sorunsuz deneyim ya\u015fayacaks\u0131n\u0131z.\" \/>\n<meta property=\"og:url\" content=\"https:\/\/1dkka.com\/entegrasyon\/urun\/eticaret-sitesi\/\" \/>\n<meta property=\"og:site_name\" content=\"Entegrasyonlar\" \/>\n<meta property=\"article:modified_time\" content=\"2025-05-05T15:44:33+00:00\" \/>\n<meta property=\"og:image\" content=\"https:\/\/1dkka.com\/entegrasyon\/wp-content\/uploads\/sites\/2\/2025\/03\/1.png\" \/>\n\t<meta property=\"og:image:width\" content=\"300\" \/>\n\t<meta property=\"og:image:height\" content=\"180\" \/>\n\t<meta property=\"og:image:type\" content=\"image\/png\" \/>\n<meta name=\"twitter:card\" content=\"summary_large_image\" \/>\n<meta name=\"twitter:label1\" content=\"Tahmini okuma s\u00fcresi\" \/>\n\t<meta name=\"twitter:data1\" content=\"1 dakika\" \/>\n<script type=\"application\/ld+json\" class=\"yoast-schema-graph\">{\"@context\":\"https:\/\/schema.org\",\"@graph\":[{\"@type\":\"WebPage\",\"@id\":\"https:\/\/1dkka.com\/entegrasyon\/urun\/eticaret-sitesi\/\",\"url\":\"https:\/\/1dkka.com\/entegrasyon\/urun\/eticaret-sitesi\/\",\"name\":\"12 Ayl\u0131k E-Ticaret Sitesi - Entegrasyonlar\",\"isPartOf\":{\"@id\":\"https:\/\/1dkka.com\/entegrasyon\/#website\"},\"primaryImageOfPage\":{\"@id\":\"https:\/\/1dkka.com\/entegrasyon\/urun\/eticaret-sitesi\/#primaryimage\"},\"image\":{\"@id\":\"https:\/\/1dkka.com\/entegrasyon\/urun\/eticaret-sitesi\/#primaryimage\"},\"thumbnailUrl\":\"https:\/\/1dkka.com\/entegrasyon\/wp-content\/uploads\/sites\/2\/2025\/03\/1.png\",\"datePublished\":\"2025-03-02T18:15:10+00:00\",\"dateModified\":\"2025-05-05T15:44:33+00:00\",\"description\":\"Bu e-ticaret sitesi, kullan\u0131c\u0131 dostu aray\u00fcz\u00fc ile tan\u0131n\u0131r. H\u0131zla al\u0131\u015facaks\u0131n\u0131z; ma\u011fazan\u0131z\u0131 kurmak ve i\u015fletmek art\u0131k daha kolay. \u00dcr\u00fcn eklemek, envanteri y\u00f6netmek ve sipari\u015fleri takip etmek i\u00e7in her \u015fey parmaklar\u0131n\u0131z\u0131n ucunda. 12 ayl\u0131k abonelik ile sorunsuz deneyim ya\u015fayacaks\u0131n\u0131z.\",\"breadcrumb\":{\"@id\":\"https:\/\/1dkka.com\/entegrasyon\/urun\/eticaret-sitesi\/#breadcrumb\"},\"inLanguage\":\"tr\",\"potentialAction\":[{\"@type\":\"ReadAction\",\"target\":[\"https:\/\/1dkka.com\/entegrasyon\/urun\/eticaret-sitesi\/\"]}]},{\"@type\":\"ImageObject\",\"inLanguage\":\"tr\",\"@id\":\"https:\/\/1dkka.com\/entegrasyon\/urun\/eticaret-sitesi\/#primaryimage\",\"url\":\"https:\/\/1dkka.com\/entegrasyon\/wp-content\/uploads\/sites\/2\/2025\/03\/1.png\",\"contentUrl\":\"https:\/\/1dkka.com\/entegrasyon\/wp-content\/uploads\/sites\/2\/2025\/03\/1.png\",\"width\":300,\"height\":180},{\"@type\":\"BreadcrumbList\",\"@id\":\"https:\/\/1dkka.com\/entegrasyon\/urun\/eticaret-sitesi\/#breadcrumb\",\"itemListElement\":[{\"@type\":\"ListItem\",\"position\":1,\"name\":\"Anasayfa\",\"item\":\"https:\/\/1dkka.com\/entegrasyon\/\"},{\"@type\":\"ListItem\",\"position\":2,\"name\":\"Ma\u011faza\",\"item\":\"https:\/\/1dkka.com\/entegrasyon\/\"},{\"@type\":\"ListItem\",\"position\":3,\"name\":\"12 Ayl\u0131k E-Ticaret Sitesi\"}]},{\"@type\":\"WebSite\",\"@id\":\"https:\/\/1dkka.com\/entegrasyon\/#website\",\"url\":\"https:\/\/1dkka.com\/entegrasyon\/\",\"name\":\"Entegrasyonlar\",\"description\":\"\",\"publisher\":{\"@id\":\"https:\/\/1dkka.com\/entegrasyon\/#organization\"},\"potentialAction\":[{\"@type\":\"SearchAction\",\"target\":{\"@type\":\"EntryPoint\",\"urlTemplate\":\"https:\/\/1dkka.com\/entegrasyon\/?s={search_term_string}\"},\"query-input\":{\"@type\":\"PropertyValueSpecification\",\"valueRequired\":true,\"valueName\":\"search_term_string\"}}],\"inLanguage\":\"tr\"},{\"@type\":\"Organization\",\"@id\":\"https:\/\/1dkka.com\/entegrasyon\/#organization\",\"name\":\"Entegrasyonlar\",\"url\":\"https:\/\/1dkka.com\/entegrasyon\/\",\"logo\":{\"@type\":\"ImageObject\",\"inLanguage\":\"tr\",\"@id\":\"https:\/\/1dkka.com\/entegrasyon\/#\/schema\/logo\/image\/\",\"url\":\"https:\/\/1dkka.com\/entegrasyon\/wp-content\/uploads\/sites\/2\/2025\/03\/2.png\",\"contentUrl\":\"https:\/\/1dkka.com\/entegrasyon\/wp-content\/uploads\/sites\/2\/2025\/03\/2.png\",\"width\":300,\"height\":180,\"caption\":\"Entegrasyonlar\"},\"image\":{\"@id\":\"https:\/\/1dkka.com\/entegrasyon\/#\/schema\/logo\/image\/\"}}]}<\/script>\n<!-- \/ Yoast SEO Premium plugin. -->","yoast_head_json":{"title":"12 Ayl\u0131k E-Ticaret Sitesi - Entegrasyonlar","description":"Bu e-ticaret sitesi, kullan\u0131c\u0131 dostu aray\u00fcz\u00fc ile tan\u0131n\u0131r. H\u0131zla al\u0131\u015facaks\u0131n\u0131z; ma\u011fazan\u0131z\u0131 kurmak ve i\u015fletmek art\u0131k daha kolay. \u00dcr\u00fcn eklemek, envanteri y\u00f6netmek ve sipari\u015fleri takip etmek i\u00e7in her \u015fey parmaklar\u0131n\u0131z\u0131n ucunda. 12 ayl\u0131k abonelik ile sorunsuz deneyim ya\u015fayacaks\u0131n\u0131z.","robots":{"index":"index","follow":"follow","max-snippet":"max-snippet:-1","max-image-preview":"max-image-preview:large","max-video-preview":"max-video-preview:-1"},"canonical":"https:\/\/1dkka.com\/entegrasyon\/urun\/eticaret-sitesi\/","og_locale":"tr_TR","og_type":"article","og_title":"12 Ayl\u0131k E-Ticaret Sitesi","og_description":"Bu e-ticaret sitesi, kullan\u0131c\u0131 dostu aray\u00fcz\u00fc ile tan\u0131n\u0131r. H\u0131zla al\u0131\u015facaks\u0131n\u0131z; ma\u011fazan\u0131z\u0131 kurmak ve i\u015fletmek art\u0131k daha kolay. \u00dcr\u00fcn eklemek, envanteri y\u00f6netmek ve sipari\u015fleri takip etmek i\u00e7in her \u015fey parmaklar\u0131n\u0131z\u0131n ucunda. 12 ayl\u0131k abonelik ile sorunsuz deneyim ya\u015fayacaks\u0131n\u0131z.","og_url":"https:\/\/1dkka.com\/entegrasyon\/urun\/eticaret-sitesi\/","og_site_name":"Entegrasyonlar","article_modified_time":"2025-05-05T15:44:33+00:00","og_image":[{"width":300,"height":180,"url":"https:\/\/1dkka.com\/entegrasyon\/wp-content\/uploads\/sites\/2\/2025\/03\/1.png","type":"image\/png"}],"twitter_card":"summary_large_image","twitter_misc":{"Tahmini okuma s\u00fcresi":"1 dakika"},"schema":{"@context":"https:\/\/schema.org","@graph":[{"@type":"WebPage","@id":"https:\/\/1dkka.com\/entegrasyon\/urun\/eticaret-sitesi\/","url":"https:\/\/1dkka.com\/entegrasyon\/urun\/eticaret-sitesi\/","name":"12 Ayl\u0131k E-Ticaret Sitesi - Entegrasyonlar","isPartOf":{"@id":"https:\/\/1dkka.com\/entegrasyon\/#website"},"primaryImageOfPage":{"@id":"https:\/\/1dkka.com\/entegrasyon\/urun\/eticaret-sitesi\/#primaryimage"},"image":{"@id":"https:\/\/1dkka.com\/entegrasyon\/urun\/eticaret-sitesi\/#primaryimage"},"thumbnailUrl":"https:\/\/1dkka.com\/entegrasyon\/wp-content\/uploads\/sites\/2\/2025\/03\/1.png","datePublished":"2025-03-02T18:15:10+00:00","dateModified":"2025-05-05T15:44:33+00:00","description":"Bu e-ticaret sitesi, kullan\u0131c\u0131 dostu aray\u00fcz\u00fc ile tan\u0131n\u0131r. H\u0131zla al\u0131\u015facaks\u0131n\u0131z; ma\u011fazan\u0131z\u0131 kurmak ve i\u015fletmek art\u0131k daha kolay. \u00dcr\u00fcn eklemek, envanteri y\u00f6netmek ve sipari\u015fleri takip etmek i\u00e7in her \u015fey parmaklar\u0131n\u0131z\u0131n ucunda. 12 ayl\u0131k abonelik ile sorunsuz deneyim ya\u015fayacaks\u0131n\u0131z.","breadcrumb":{"@id":"https:\/\/1dkka.com\/entegrasyon\/urun\/eticaret-sitesi\/#breadcrumb"},"inLanguage":"tr","potentialAction":[{"@type":"ReadAction","target":["https:\/\/1dkka.com\/entegrasyon\/urun\/eticaret-sitesi\/"]}]},{"@type":"ImageObject","inLanguage":"tr","@id":"https:\/\/1dkka.com\/entegrasyon\/urun\/eticaret-sitesi\/#primaryimage","url":"https:\/\/1dkka.com\/entegrasyon\/wp-content\/uploads\/sites\/2\/2025\/03\/1.png","contentUrl":"https:\/\/1dkka.com\/entegrasyon\/wp-content\/uploads\/sites\/2\/2025\/03\/1.png","width":300,"height":180},{"@type":"BreadcrumbList","@id":"https:\/\/1dkka.com\/entegrasyon\/urun\/eticaret-sitesi\/#breadcrumb","itemListElement":[{"@type":"ListItem","position":1,"name":"Anasayfa","item":"https:\/\/1dkka.com\/entegrasyon\/"},{"@type":"ListItem","position":2,"name":"Ma\u011faza","item":"https:\/\/1dkka.com\/entegrasyon\/"},{"@type":"ListItem","position":3,"name":"12 Ayl\u0131k E-Ticaret Sitesi"}]},{"@type":"WebSite","@id":"https:\/\/1dkka.com\/entegrasyon\/#website","url":"https:\/\/1dkka.com\/entegrasyon\/","name":"Entegrasyonlar","description":"","publisher":{"@id":"https:\/\/1dkka.com\/entegrasyon\/#organization"},"potentialAction":[{"@type":"SearchAction","target":{"@type":"EntryPoint","urlTemplate":"https:\/\/1dkka.com\/entegrasyon\/?s={search_term_string}"},"query-input":{"@type":"PropertyValueSpecification","valueRequired":true,"valueName":"search_term_string"}}],"inLanguage":"tr"},{"@type":"Organization","@id":"https:\/\/1dkka.com\/entegrasyon\/#organization","name":"Entegrasyonlar","url":"https:\/\/1dkka.com\/entegrasyon\/","logo":{"@type":"ImageObject","inLanguage":"tr","@id":"https:\/\/1dkka.com\/entegrasyon\/#\/schema\/logo\/image\/","url":"https:\/\/1dkka.com\/entegrasyon\/wp-content\/uploads\/sites\/2\/2025\/03\/2.png","contentUrl":"https:\/\/1dkka.com\/entegrasyon\/wp-content\/uploads\/sites\/2\/2025\/03\/2.png","width":300,"height":180,"caption":"Entegrasyonlar"},"image":{"@id":"https:\/\/1dkka.com\/entegrasyon\/#\/schema\/logo\/image\/"}}]}},"_links":{"self":[{"href":"https:\/\/1dkka.com\/entegrasyon\/wp-json\/wp\/v2\/product\/60","targetHints":{"allow":["GET"]}}],"collection":[{"href":"https:\/\/1dkka.com\/entegrasyon\/wp-json\/wp\/v2\/product"}],"about":[{"href":"https:\/\/1dkka.com\/entegrasyon\/wp-json\/wp\/v2\/types\/product"}],"replies":[{"embeddable":true,"href":"https:\/\/1dkka.com\/entegrasyon\/wp-json\/wp\/v2\/comments?post=60"}],"wp:featuredmedia":[{"embeddable":true,"href":"https:\/\/1dkka.com\/entegrasyon\/wp-json\/wp\/v2\/media\/101"}],"wp:attachment":[{"href":"https:\/\/1dkka.com\/entegrasyon\/wp-json\/wp\/v2\/media?parent=60"}],"wp:term":[{"taxonomy":"product_brand","embeddable":true,"href":"https:\/\/1dkka.com\/entegrasyon\/wp-json\/wp\/v2\/product_brand?post=60"},{"taxonomy":"product_cat","embeddable":true,"href":"https:\/\/1dkka.com\/entegrasyon\/wp-json\/wp\/v2\/product_cat?post=60"},{"taxonomy":"product_tag","embeddable":true,"href":"https:\/\/1dkka.com\/entegrasyon\/wp-json\/wp\/v2\/product_tag?post=60"}],"curies":[{"name":"wp","href":"https:\/\/api.w.org\/{rel}","templated":true}]}}