{"id":129,"date":"2025-04-14T20:24:39","date_gmt":"2025-04-14T17:24:39","guid":{"rendered":"https:\/\/1dkka.com\/entegrasyon\/?post_type=product&#038;p=129"},"modified":"2025-05-05T18:58:47","modified_gmt":"2025-05-05T15:58:47","slug":"1-aylik-e-ticaret-paketi","status":"publish","type":"product","link":"https:\/\/1dkka.com\/entegrasyon\/urun\/1-aylik-e-ticaret-paketi\/","title":{"rendered":"1 Ayl\u0131k E-Ticaret Sitesi"},"content":{"rendered":"<h2>Ayl\u0131k E-Ticaret Paketi ile Kolay Ba\u015flang\u0131\u00e7<\/h2>\n<p>\u0130nternet \u00fczerinden \u00fcr\u00fcnlerinizi satmak m\u0131 istiyorsunuz? Ayl\u0131k E-Ticaret Paketi, i\u015finizi dijital platformda kurman\u0131za ve y\u00f6netmenize olanak tan\u0131yan, kapsaml\u0131 bir \u00e7\u00f6z\u00fcmd\u00fcr. Bu paket, yaln\u0131zca bir e-ticaret sitesi olu\u015fturmakla kalmaz, ayn\u0131 zamanda profesyonel hizmetlerle i\u015finizi b\u00fcy\u00fctmek i\u00e7in gereken t\u00fcm ara\u00e7lar\u0131 da sunar.<\/p>\n<h2>Temel \u00d6zellikler ve Avantajlar<\/h2>\n<p>Ayl\u0131k E-Ticaret Paketi, kullan\u0131c\u0131 dostu bir aray\u00fcze sahip olmas\u0131n\u0131n yan\u0131 s\u0131ra, etkili bir sat\u0131\u015f deneyimi sunmak i\u00e7in bir dizi \u00f6zellik i\u00e7erir. Zengin \u015fablon se\u00e7enekleri, sundu\u011funuz \u00fcr\u00fcnleri en iyi \u015fekilde sergileyebilmeniz i\u00e7in tasarlanm\u0131\u015ft\u0131r. Ayr\u0131ca, mobil uyumlu tasar\u0131m\u0131 sayesinde, potansiyel m\u00fc\u015fteri kitlenizi art\u0131rabilir ve her yerden eri\u015fim sa\u011flayabilirsiniz.<\/p>\n<p>Paketin sundu\u011fu SEO dostu yap\u0131, \u00fcr\u00fcnlerinizi arama motorlar\u0131nda \u00fcst s\u0131ralara \u00e7\u0131karman\u0131za yard\u0131mc\u0131 olur. Ayl\u0131k E-Ticaret Paketi ile birlikte gelen analitik ara\u00e7lar\u0131, sat\u0131\u015f performans\u0131n\u0131z\u0131 izleyerek stratejilerinizi geli\u015ftirebilmenizi sa\u011flar. B\u00f6ylece, e-ticaret i\u015f modelinizi daha etkili bir \u015fekilde y\u00f6netebilirsiniz.<\/p>\n<h2>M\u00fckemmel M\u00fc\u015fteri Deste\u011fi ile G\u00fcvende Olun<\/h2>\n<p>Herhangi bir sorunuz veya ihtiyac\u0131n\u0131z oldu\u011funda, bizimle ileti\u015fime ge\u00e7mekten \u00e7ekinmeyin. Ayl\u0131k E-Ticaret Paketi, 7\/24 m\u00fc\u015fteri destek hizmeti ile size her ad\u0131mda yard\u0131mc\u0131 olur. B\u00f6ylece, herhangi bir teknik sorun ya\u015famadan odaklan\u0131p i\u015f do\u011frultusunda ilerleyebilirsiniz.<\/p>\n<p>Se\u00e7ti\u011finiz paket, e-ticaret maceran\u0131za ba\u015flamak i\u00e7in harika bir f\u0131rsat sunmaktad\u0131r. \u0130ster yeni bir giri\u015fimci olun, ister mevcut i\u015finizi dijital d\u00fcnyaya ta\u015f\u0131mak isteyen bir i\u015fletme sahibi, Ayl\u0131k E-Ticaret Paketi ihtiya\u00e7lar\u0131n\u0131za uygun \u00e7\u00f6z\u00fcmler sunar. H\u0131zla geli\u015fen e-ticaret d\u00fcnyas\u0131nda rekabet\u00e7i kalmak i\u00e7in do\u011fru ad\u0131mlar\u0131 atmak \u00fczere \u015fimdi harekete ge\u00e7in!<\/p>\n","protected":false},"excerpt":{"rendered":"<p>Ayl\u0131k E-Ticaret Paketi ile Kolay Ba\u015flang\u0131\u00e7 \u0130nternet \u00fczerinden \u00fcr\u00fcnlerinizi satmak m\u0131 istiyorsunuz? Ayl\u0131k E-Ticaret Paketi, i\u015finizi dijital platformda kurman\u0131za ve y\u00f6netmenize olanak tan\u0131yan, kapsaml\u0131 bir \u00e7\u00f6z\u00fcmd\u00fcr. Bu paket, yaln\u0131zca bir e-ticaret sitesi olu\u015fturmakla kalmaz, ayn\u0131 zamanda profesyonel hizmetlerle i\u015finizi b\u00fcy\u00fctmek i\u00e7in gereken t\u00fcm ara\u00e7lar\u0131 da sunar. Temel \u00d6zellikler ve Avantajlar Ayl\u0131k E-Ticaret Paketi, kullan\u0131c\u0131 dostu [&hellip;]<\/p>\n","protected":false},"featured_media":101,"comment_status":"open","ping_status":"closed","template":"","meta":[],"product_brand":[],"product_cat":[15],"product_tag":[],"class_list":{"0":"post-129","1":"product","2":"type-product","3":"status-publish","4":"has-post-thumbnail","6":"product_cat-genel","8":"first","9":"instock","10":"virtual","11":"sold-individually","12":"purchasable","13":"product-type-simple"},"yoast_head":"<!-- This site is optimized with the Yoast SEO Premium plugin v24.5 (Yoast SEO v24.5) - https:\/\/yoast.com\/wordpress\/plugins\/seo\/ -->\n<title>1 Ayl\u0131k E-Ticaret Sitesi - Entegrasyonlar<\/title>\n<meta name=\"description\" content=\"\u0130nternet \u00fczerinden \u00fcr\u00fcnlerinizi satmak m\u0131 istiyorsunuz? Ayl\u0131k E-Ticaret Paketi, i\u015finizi dijital platformda kurman\u0131za ve y\u00f6netmenize olanak tan\u0131yan, kapsaml\u0131 bir \u00e7\u00f6z\u00fcmd\u00fcr. Bu paket, yaln\u0131zca bir e-ticaret sitesi olu\u015fturmakla kalmaz, ayn\u0131 zamanda profesyonel hizmetlerle i\u015finizi b\u00fcy\u00fctmek i\u00e7in gereken t\u00fcm ara\u00e7lar\u0131 da sunar.\" \/>\n<meta name=\"robots\" content=\"index, follow, max-snippet:-1, max-image-preview:large, max-video-preview:-1\" \/>\n<link rel=\"canonical\" href=\"https:\/\/1dkka.com\/entegrasyon\/urun\/1-aylik-e-ticaret-paketi\/\" \/>\n<meta property=\"og:locale\" content=\"tr_TR\" \/>\n<meta property=\"og:type\" content=\"article\" \/>\n<meta property=\"og:title\" content=\"1 Ayl\u0131k E-Ticaret Sitesi\" \/>\n<meta property=\"og:description\" content=\"\u0130nternet \u00fczerinden \u00fcr\u00fcnlerinizi satmak m\u0131 istiyorsunuz? Ayl\u0131k E-Ticaret Paketi, i\u015finizi dijital platformda kurman\u0131za ve y\u00f6netmenize olanak tan\u0131yan, kapsaml\u0131 bir \u00e7\u00f6z\u00fcmd\u00fcr. Bu paket, yaln\u0131zca bir e-ticaret sitesi olu\u015fturmakla kalmaz, ayn\u0131 zamanda profesyonel hizmetlerle i\u015finizi b\u00fcy\u00fctmek i\u00e7in gereken t\u00fcm ara\u00e7lar\u0131 da sunar.\" \/>\n<meta property=\"og:url\" content=\"https:\/\/1dkka.com\/entegrasyon\/urun\/1-aylik-e-ticaret-paketi\/\" \/>\n<meta property=\"og:site_name\" content=\"Entegrasyonlar\" \/>\n<meta property=\"article:modified_time\" content=\"2025-05-05T15:58:47+00:00\" \/>\n<meta property=\"og:image\" content=\"https:\/\/1dkka.com\/entegrasyon\/wp-content\/uploads\/sites\/2\/2025\/03\/1.png\" \/>\n\t<meta property=\"og:image:width\" content=\"300\" \/>\n\t<meta property=\"og:image:height\" content=\"180\" \/>\n\t<meta property=\"og:image:type\" content=\"image\/png\" \/>\n<meta name=\"twitter:card\" content=\"summary_large_image\" \/>\n<meta name=\"twitter:label1\" content=\"Tahmini okuma s\u00fcresi\" \/>\n\t<meta name=\"twitter:data1\" content=\"2 dakika\" \/>\n<script type=\"application\/ld+json\" class=\"yoast-schema-graph\">{\"@context\":\"https:\/\/schema.org\",\"@graph\":[{\"@type\":\"WebPage\",\"@id\":\"https:\/\/1dkka.com\/entegrasyon\/urun\/1-aylik-e-ticaret-paketi\/\",\"url\":\"https:\/\/1dkka.com\/entegrasyon\/urun\/1-aylik-e-ticaret-paketi\/\",\"name\":\"1 Ayl\u0131k E-Ticaret Sitesi - Entegrasyonlar\",\"isPartOf\":{\"@id\":\"https:\/\/1dkka.com\/entegrasyon\/#website\"},\"primaryImageOfPage\":{\"@id\":\"https:\/\/1dkka.com\/entegrasyon\/urun\/1-aylik-e-ticaret-paketi\/#primaryimage\"},\"image\":{\"@id\":\"https:\/\/1dkka.com\/entegrasyon\/urun\/1-aylik-e-ticaret-paketi\/#primaryimage\"},\"thumbnailUrl\":\"https:\/\/1dkka.com\/entegrasyon\/wp-content\/uploads\/sites\/2\/2025\/03\/1.png\",\"datePublished\":\"2025-04-14T17:24:39+00:00\",\"dateModified\":\"2025-05-05T15:58:47+00:00\",\"description\":\"\u0130nternet \u00fczerinden \u00fcr\u00fcnlerinizi satmak m\u0131 istiyorsunuz? Ayl\u0131k E-Ticaret Paketi, i\u015finizi dijital platformda kurman\u0131za ve y\u00f6netmenize olanak tan\u0131yan, kapsaml\u0131 bir \u00e7\u00f6z\u00fcmd\u00fcr. Bu paket, yaln\u0131zca bir e-ticaret sitesi olu\u015fturmakla kalmaz, ayn\u0131 zamanda profesyonel hizmetlerle i\u015finizi b\u00fcy\u00fctmek i\u00e7in gereken t\u00fcm ara\u00e7lar\u0131 da sunar.\",\"breadcrumb\":{\"@id\":\"https:\/\/1dkka.com\/entegrasyon\/urun\/1-aylik-e-ticaret-paketi\/#breadcrumb\"},\"inLanguage\":\"tr\",\"potentialAction\":[{\"@type\":\"ReadAction\",\"target\":[\"https:\/\/1dkka.com\/entegrasyon\/urun\/1-aylik-e-ticaret-paketi\/\"]}]},{\"@type\":\"ImageObject\",\"inLanguage\":\"tr\",\"@id\":\"https:\/\/1dkka.com\/entegrasyon\/urun\/1-aylik-e-ticaret-paketi\/#primaryimage\",\"url\":\"https:\/\/1dkka.com\/entegrasyon\/wp-content\/uploads\/sites\/2\/2025\/03\/1.png\",\"contentUrl\":\"https:\/\/1dkka.com\/entegrasyon\/wp-content\/uploads\/sites\/2\/2025\/03\/1.png\",\"width\":300,\"height\":180},{\"@type\":\"BreadcrumbList\",\"@id\":\"https:\/\/1dkka.com\/entegrasyon\/urun\/1-aylik-e-ticaret-paketi\/#breadcrumb\",\"itemListElement\":[{\"@type\":\"ListItem\",\"position\":1,\"name\":\"Anasayfa\",\"item\":\"https:\/\/1dkka.com\/entegrasyon\/\"},{\"@type\":\"ListItem\",\"position\":2,\"name\":\"Ma\u011faza\",\"item\":\"https:\/\/1dkka.com\/entegrasyon\/\"},{\"@type\":\"ListItem\",\"position\":3,\"name\":\"1 Ayl\u0131k E-Ticaret Sitesi\"}]},{\"@type\":\"WebSite\",\"@id\":\"https:\/\/1dkka.com\/entegrasyon\/#website\",\"url\":\"https:\/\/1dkka.com\/entegrasyon\/\",\"name\":\"Entegrasyonlar\",\"description\":\"\",\"publisher\":{\"@id\":\"https:\/\/1dkka.com\/entegrasyon\/#organization\"},\"potentialAction\":[{\"@type\":\"SearchAction\",\"target\":{\"@type\":\"EntryPoint\",\"urlTemplate\":\"https:\/\/1dkka.com\/entegrasyon\/?s={search_term_string}\"},\"query-input\":{\"@type\":\"PropertyValueSpecification\",\"valueRequired\":true,\"valueName\":\"search_term_string\"}}],\"inLanguage\":\"tr\"},{\"@type\":\"Organization\",\"@id\":\"https:\/\/1dkka.com\/entegrasyon\/#organization\",\"name\":\"Entegrasyonlar\",\"url\":\"https:\/\/1dkka.com\/entegrasyon\/\",\"logo\":{\"@type\":\"ImageObject\",\"inLanguage\":\"tr\",\"@id\":\"https:\/\/1dkka.com\/entegrasyon\/#\/schema\/logo\/image\/\",\"url\":\"https:\/\/1dkka.com\/entegrasyon\/wp-content\/uploads\/sites\/2\/2025\/03\/2.png\",\"contentUrl\":\"https:\/\/1dkka.com\/entegrasyon\/wp-content\/uploads\/sites\/2\/2025\/03\/2.png\",\"width\":300,\"height\":180,\"caption\":\"Entegrasyonlar\"},\"image\":{\"@id\":\"https:\/\/1dkka.com\/entegrasyon\/#\/schema\/logo\/image\/\"}}]}<\/script>\n<!-- \/ Yoast SEO Premium plugin. -->","yoast_head_json":{"title":"1 Ayl\u0131k E-Ticaret Sitesi - Entegrasyonlar","description":"\u0130nternet \u00fczerinden \u00fcr\u00fcnlerinizi satmak m\u0131 istiyorsunuz? Ayl\u0131k E-Ticaret Paketi, i\u015finizi dijital platformda kurman\u0131za ve y\u00f6netmenize olanak tan\u0131yan, kapsaml\u0131 bir \u00e7\u00f6z\u00fcmd\u00fcr. Bu paket, yaln\u0131zca bir e-ticaret sitesi olu\u015fturmakla kalmaz, ayn\u0131 zamanda profesyonel hizmetlerle i\u015finizi b\u00fcy\u00fctmek i\u00e7in gereken t\u00fcm ara\u00e7lar\u0131 da sunar.","robots":{"index":"index","follow":"follow","max-snippet":"max-snippet:-1","max-image-preview":"max-image-preview:large","max-video-preview":"max-video-preview:-1"},"canonical":"https:\/\/1dkka.com\/entegrasyon\/urun\/1-aylik-e-ticaret-paketi\/","og_locale":"tr_TR","og_type":"article","og_title":"1 Ayl\u0131k E-Ticaret Sitesi","og_description":"\u0130nternet \u00fczerinden \u00fcr\u00fcnlerinizi satmak m\u0131 istiyorsunuz? Ayl\u0131k E-Ticaret Paketi, i\u015finizi dijital platformda kurman\u0131za ve y\u00f6netmenize olanak tan\u0131yan, kapsaml\u0131 bir \u00e7\u00f6z\u00fcmd\u00fcr. Bu paket, yaln\u0131zca bir e-ticaret sitesi olu\u015fturmakla kalmaz, ayn\u0131 zamanda profesyonel hizmetlerle i\u015finizi b\u00fcy\u00fctmek i\u00e7in gereken t\u00fcm ara\u00e7lar\u0131 da sunar.","og_url":"https:\/\/1dkka.com\/entegrasyon\/urun\/1-aylik-e-ticaret-paketi\/","og_site_name":"Entegrasyonlar","article_modified_time":"2025-05-05T15:58:47+00:00","og_image":[{"width":300,"height":180,"url":"https:\/\/1dkka.com\/entegrasyon\/wp-content\/uploads\/sites\/2\/2025\/03\/1.png","type":"image\/png"}],"twitter_card":"summary_large_image","twitter_misc":{"Tahmini okuma s\u00fcresi":"2 dakika"},"schema":{"@context":"https:\/\/schema.org","@graph":[{"@type":"WebPage","@id":"https:\/\/1dkka.com\/entegrasyon\/urun\/1-aylik-e-ticaret-paketi\/","url":"https:\/\/1dkka.com\/entegrasyon\/urun\/1-aylik-e-ticaret-paketi\/","name":"1 Ayl\u0131k E-Ticaret Sitesi - Entegrasyonlar","isPartOf":{"@id":"https:\/\/1dkka.com\/entegrasyon\/#website"},"primaryImageOfPage":{"@id":"https:\/\/1dkka.com\/entegrasyon\/urun\/1-aylik-e-ticaret-paketi\/#primaryimage"},"image":{"@id":"https:\/\/1dkka.com\/entegrasyon\/urun\/1-aylik-e-ticaret-paketi\/#primaryimage"},"thumbnailUrl":"https:\/\/1dkka.com\/entegrasyon\/wp-content\/uploads\/sites\/2\/2025\/03\/1.png","datePublished":"2025-04-14T17:24:39+00:00","dateModified":"2025-05-05T15:58:47+00:00","description":"\u0130nternet \u00fczerinden \u00fcr\u00fcnlerinizi satmak m\u0131 istiyorsunuz? Ayl\u0131k E-Ticaret Paketi, i\u015finizi dijital platformda kurman\u0131za ve y\u00f6netmenize olanak tan\u0131yan, kapsaml\u0131 bir \u00e7\u00f6z\u00fcmd\u00fcr. Bu paket, yaln\u0131zca bir e-ticaret sitesi olu\u015fturmakla kalmaz, ayn\u0131 zamanda profesyonel hizmetlerle i\u015finizi b\u00fcy\u00fctmek i\u00e7in gereken t\u00fcm ara\u00e7lar\u0131 da sunar.","breadcrumb":{"@id":"https:\/\/1dkka.com\/entegrasyon\/urun\/1-aylik-e-ticaret-paketi\/#breadcrumb"},"inLanguage":"tr","potentialAction":[{"@type":"ReadAction","target":["https:\/\/1dkka.com\/entegrasyon\/urun\/1-aylik-e-ticaret-paketi\/"]}]},{"@type":"ImageObject","inLanguage":"tr","@id":"https:\/\/1dkka.com\/entegrasyon\/urun\/1-aylik-e-ticaret-paketi\/#primaryimage","url":"https:\/\/1dkka.com\/entegrasyon\/wp-content\/uploads\/sites\/2\/2025\/03\/1.png","contentUrl":"https:\/\/1dkka.com\/entegrasyon\/wp-content\/uploads\/sites\/2\/2025\/03\/1.png","width":300,"height":180},{"@type":"BreadcrumbList","@id":"https:\/\/1dkka.com\/entegrasyon\/urun\/1-aylik-e-ticaret-paketi\/#breadcrumb","itemListElement":[{"@type":"ListItem","position":1,"name":"Anasayfa","item":"https:\/\/1dkka.com\/entegrasyon\/"},{"@type":"ListItem","position":2,"name":"Ma\u011faza","item":"https:\/\/1dkka.com\/entegrasyon\/"},{"@type":"ListItem","position":3,"name":"1 Ayl\u0131k E-Ticaret Sitesi"}]},{"@type":"WebSite","@id":"https:\/\/1dkka.com\/entegrasyon\/#website","url":"https:\/\/1dkka.com\/entegrasyon\/","name":"Entegrasyonlar","description":"","publisher":{"@id":"https:\/\/1dkka.com\/entegrasyon\/#organization"},"potentialAction":[{"@type":"SearchAction","target":{"@type":"EntryPoint","urlTemplate":"https:\/\/1dkka.com\/entegrasyon\/?s={search_term_string}"},"query-input":{"@type":"PropertyValueSpecification","valueRequired":true,"valueName":"search_term_string"}}],"inLanguage":"tr"},{"@type":"Organization","@id":"https:\/\/1dkka.com\/entegrasyon\/#organization","name":"Entegrasyonlar","url":"https:\/\/1dkka.com\/entegrasyon\/","logo":{"@type":"ImageObject","inLanguage":"tr","@id":"https:\/\/1dkka.com\/entegrasyon\/#\/schema\/logo\/image\/","url":"https:\/\/1dkka.com\/entegrasyon\/wp-content\/uploads\/sites\/2\/2025\/03\/2.png","contentUrl":"https:\/\/1dkka.com\/entegrasyon\/wp-content\/uploads\/sites\/2\/2025\/03\/2.png","width":300,"height":180,"caption":"Entegrasyonlar"},"image":{"@id":"https:\/\/1dkka.com\/entegrasyon\/#\/schema\/logo\/image\/"}}]}},"_links":{"self":[{"href":"https:\/\/1dkka.com\/entegrasyon\/wp-json\/wp\/v2\/product\/129","targetHints":{"allow":["GET"]}}],"collection":[{"href":"https:\/\/1dkka.com\/entegrasyon\/wp-json\/wp\/v2\/product"}],"about":[{"href":"https:\/\/1dkka.com\/entegrasyon\/wp-json\/wp\/v2\/types\/product"}],"replies":[{"embeddable":true,"href":"https:\/\/1dkka.com\/entegrasyon\/wp-json\/wp\/v2\/comments?post=129"}],"wp:featuredmedia":[{"embeddable":true,"href":"https:\/\/1dkka.com\/entegrasyon\/wp-json\/wp\/v2\/media\/101"}],"wp:attachment":[{"href":"https:\/\/1dkka.com\/entegrasyon\/wp-json\/wp\/v2\/media?parent=129"}],"wp:term":[{"taxonomy":"product_brand","embeddable":true,"href":"https:\/\/1dkka.com\/entegrasyon\/wp-json\/wp\/v2\/product_brand?post=129"},{"taxonomy":"product_cat","embeddable":true,"href":"https:\/\/1dkka.com\/entegrasyon\/wp-json\/wp\/v2\/product_cat?post=129"},{"taxonomy":"product_tag","embeddable":true,"href":"https:\/\/1dkka.com\/entegrasyon\/wp-json\/wp\/v2\/product_tag?post=129"}],"curies":[{"name":"wp","href":"https:\/\/api.w.org\/{rel}","templated":true}]}}